{"id":699943,"date":"2025-08-27T14:54:56","date_gmt":"2025-08-27T11:54:56","guid":{"rendered":"https:\/\/roveyayinevi.com.tr\/index.php\/urun\/ataturk-heykelleri-kult-estetik-siyaset\/"},"modified":"2026-02-27T02:11:33","modified_gmt":"2026-02-26T23:11:33","slug":"ataturk-heykelleri-kult-estetik-siyaset","status":"publish","type":"product","link":"https:\/\/roveyayinevi.com.tr\/index.php\/urun\/ataturk-heykelleri-kult-estetik-siyaset\/","title":{"rendered":"Atat\u00fcrk Heykelleri: K\u00fclt, Estetik, Siyaset"},"content":{"rendered":"<p>T\u00fcrkiye\u2019de heykel dendi\u011fi zaman, en az\u0131ndan halk aras\u0131nda , esasen Atat\u00fcrk heykeli anla\u015f\u0131l\u0131r. Atat\u00fcrk heykelleri, \u00fclkede heykel esteti\u011fini belirleyen bask\u0131n unsur niteli\u011fini ta\u015f\u0131yor. Bu heykeller, ayn\u0131 zamanda kamusal mek\u00e2nlara nizam veriyor, kentin merkezini belirliyorlar. Aylin Tekiner, titiz \u00e7al\u0131\u015fmas\u0131nda, \u00f6ncelikle Atat\u00fcrk heykelleri rejiminin politik bir tahlilini yap\u0131yor. Ba\u015fka deyi\u015fle, Atat\u00fcrk heykelleri \u00fczerinden bir siyasi tarih okumas\u0131 ger\u00e7ekle\u015ftiriyor: Bu heykeller topluma nas\u0131l mesajlar vermek \u00fczere tasarland\u0131? Mesajlar, Cumhuriyet tarihi boyunca ne \u00f6l\u00e7\u00fcde devaml\u0131l\u0131k g\u00f6sterdi, d\u00f6nemlere g\u00f6re nas\u0131l farkl\u0131la\u015ft\u0131? Erken Cumhuriyet d\u00f6neminde olu\u015fturulan ki\u015fi ve devlet k\u00fclt\u00fcyle d\u00f6nemin totaliter rejimlerinin estetik politikalar\u0131 aras\u0131nda ne gibi benzerlikler g\u00f6r\u00fclebilir? \u00d6zellikle 12 Eyl\u00fcl 1980 asker\u00ee darbesi sonras\u0131ndaki Atat\u00fcrk heykeli yapt\u0131rma kampanyalar\u0131 nas\u0131l bir toplum tasar\u0131m\u0131n\u0131n ifadesiydi? Kitaptaki di\u011fer analiz d\u00fczlemini ise, T\u00fcrkiye\u2019deki Atat\u00fcrk heykelleri envanterinin estetik a\u00e7\u0131dan ve g\u00f6rsel mesajlar a\u00e7\u0131s\u0131ndan yorumlanmas\u0131 olu\u015fturuyor. Sadece belli ba\u015fl\u0131 an\u0131tsal \u00f6rnekler de\u011fil, pek bilinmeyen, kenarda k\u00f6\u015fede kalm\u0131\u015f heykeller de bu g\u00f6zle inceleniyor. Ayr\u0131ca, defalarca yeniden \u00fcretilen kal\u0131p-modeller olgusuna ve bunun gitgide b\u00fcy\u00fcyen piyasas\u0131na dikkat \u00e7ekiliyor. Kentsel peyzaj\u0131n bir sabitine d\u00f6n\u00fc\u015fen ve heykel alg\u0131s\u0131n\u0131 bir kal\u0131ba sokan Atat\u00fcrk heykelleri hakk\u0131nda, geni\u015f perspektiften, analitik bir inceleme. \ufffcTan\u0131t\u0131m Metni<\/p>\n","protected":false},"excerpt":{"rendered":"<p>T\u00fcrkiye\u2019de heykel dendi\u011fi zaman, en az\u0131ndan halk aras\u0131nda , esasen Atat\u00fcrk heykeli anla\u015f\u0131l\u0131r. Atat\u00fcrk heykelleri, \u00fclkede heykel esteti\u011fini belirleyen bask\u0131n unsur niteli\u011fini ta\u015f\u0131yor. Bu heykeller, ayn\u0131<span class=\"excerpt-hellip\"> [\u2026]<\/span><\/p>\n","protected":false},"featured_media":0,"template":"","meta":{"_monsterinsights_skip_tracking":false,"_monsterinsights_sitenote_active":false,"_monsterinsights_sitenote_note":"","_monsterinsights_sitenote_category":0},"product_brand":[],"product_cat":[12364],"product_tag":[],"class_list":{"0":"post-699943","1":"product","2":"type-product","3":"status-publish","5":"product_cat-genel-konular","6":"pa_cilt-ciltsiz","7":"pa_tur-kitap","8":"pa_yayinevi-iletisim-yayinlari","9":"pa_yazar-aylin-tekiner","11":"first","12":"instock","13":"sale","14":"shipping-taxable","15":"purchasable","16":"product-type-simple"},"_links":{"self":[{"href":"https:\/\/roveyayinevi.com.tr\/index.php\/wp-json\/wp\/v2\/product\/699943","targetHints":{"allow":["GET"]}}],"collection":[{"href":"https:\/\/roveyayinevi.com.tr\/index.php\/wp-json\/wp\/v2\/product"}],"about":[{"href":"https:\/\/roveyayinevi.com.tr\/index.php\/wp-json\/wp\/v2\/types\/product"}],"wp:attachment":[{"href":"https:\/\/roveyayinevi.com.tr\/index.php\/wp-json\/wp\/v2\/media?parent=699943"}],"wp:term":[{"taxonomy":"product_brand","embeddable":true,"href":"https:\/\/roveyayinevi.com.tr\/index.php\/wp-json\/wp\/v2\/product_brand?post=699943"},{"taxonomy":"product_cat","embeddable":true,"href":"https:\/\/roveyayinevi.com.tr\/index.php\/wp-json\/wp\/v2\/product_cat?post=699943"},{"taxonomy":"product_tag","embeddable":true,"href":"https:\/\/roveyayinevi.com.tr\/index.php\/wp-json\/wp\/v2\/product_tag?post=699943"}],"curies":[{"name":"wp","href":"https:\/\/api.w.org\/{rel}","templated":true}]}}