{"id":699940,"date":"2025-08-27T14:54:55","date_gmt":"2025-08-27T11:54:55","guid":{"rendered":"https:\/\/roveyayinevi.com.tr\/index.php\/urun\/turkiye-kurulurken-kurtler-1916-1920\/"},"modified":"2026-02-23T10:52:14","modified_gmt":"2026-02-23T07:52:14","slug":"turkiye-kurulurken-kurtler-1916-1920","status":"publish","type":"product","link":"https:\/\/roveyayinevi.com.tr\/index.php\/urun\/turkiye-kurulurken-kurtler-1916-1920\/","title":{"rendered":"T\u00fcrkiye Kurulurken K\u00fcrtler 1916-1920"},"content":{"rendered":"<p>Osmanl\u0131 \u0130mparatorlu\u011fu\u2019nun s\u0131n\u0131rlar\u0131n\u0131n yeniden \u00e7izildi\u011fi Mondros M\u00fctarekesi\u2019nin ard\u0131ndan Erzurum, Van ve Bitlis vilayetlerinden b\u00fcy\u00fck \u00e7apl\u0131 bir K\u00fcrt g\u00f6\u00e7\u00fcn\u00fcn ya\u015fand\u0131\u011f\u0131 1916-1918 y\u0131llar\u0131 ile B\u00fcy\u00fck Millet Meclisi\u2019nin a\u00e7\u0131ld\u0131\u011f\u0131 Nisan 1920 aras\u0131ndaki s\u00fcreci inceleyen T\u00fcrkiye Kurulurken K\u00fcrtler, sonu\u00e7lar\u0131 g\u00fcn\u00fcm\u00fcze yans\u0131yan tarihsel bir d\u00f6nemeci, akt\u00f6rlerinin bak\u0131\u015f a\u00e7\u0131s\u0131ndan aktar\u0131yor. Osmanl\u0131 Devleti\u2019nin y\u0131k\u0131l\u0131\u015f s\u00fcrecinde K\u00fcrdistan\u2019da ya\u015fanan \u00f6nemli olaylar\u0131, K\u00fcrt, Ermeni ve Nasturi halklar\u0131 aras\u0131ndaki ili\u015fkileri, \u0130ngilizler ile K\u00fcrtler aras\u0131nda t\u0131rmanan gerilimi ve K\u00fcrt a\u015firet liderlerinin olaylar\u0131n seyrindeki rol\u00fcn\u00fc de\u011ferlendiren Sinan Hakan, Mustafa Kemal Pa\u015fa\u2019n\u0131n 1919\u2019da Anadolu\u2019da g\u00f6revlendirilmesiyle ba\u015flayan d\u00f6nemi ve Osmanl\u0131 h\u00fck\u00fcmetleri ile Kuvay\u0131 Milliye\u2019nin K\u00fcrt sorununa yakla\u015f\u0131mlar\u0131n\u0131 ayr\u0131nt\u0131lar\u0131yla ortaya koyuyor. Sivil ve asker\u00ee yetkililerinin telgraflar\u0131n\u0131n ve raporlar\u0131n\u0131n yan\u0131 s\u0131ra Cumhuriyet ar\u015fivlerini, d\u00f6nemin gazetelerini, Mustafa Kemal\u2019e ait yaz\u0131\u015fmalar\u0131, meseleye ili\u015fkin \u0130ngiliz ar\u015fiv belgeleri \u00fczerine T\u00fcrkiye\u2019de yay\u0131mlanm\u0131\u015f kitaplar\u0131 ve geli\u015fmeleri yans\u0131tan farkl\u0131 kaynaklar\u0131 temel alan bu \u00e7al\u0131\u015fma, T\u00fcrkiye\u2019nin ve Ortado\u011fu\u2019nun \u00e7\u00f6z\u00fcm bekleyen en \u00f6nemli meselelerinden biri olan K\u00fcrt sorununun tarihsel k\u00f6kenlerini ve geli\u015fim s\u00fcrecini b\u00fcy\u00fck bir \u00f6zenle ayd\u0131nlat\u0131yor.<\/p>\n","protected":false},"excerpt":{"rendered":"<p>Osmanl\u0131 \u0130mparatorlu\u011fu\u2019nun s\u0131n\u0131rlar\u0131n\u0131n yeniden \u00e7izildi\u011fi Mondros M\u00fctarekesi\u2019nin ard\u0131ndan Erzurum, Van ve Bitlis vilayetlerinden b\u00fcy\u00fck \u00e7apl\u0131 bir K\u00fcrt g\u00f6\u00e7\u00fcn\u00fcn ya\u015fand\u0131\u011f\u0131 1916-1918 y\u0131llar\u0131 ile B\u00fcy\u00fck Millet Meclisi\u2019nin a\u00e7\u0131ld\u0131\u011f\u0131<span class=\"excerpt-hellip\"> [\u2026]<\/span><\/p>\n","protected":false},"featured_media":0,"template":"","meta":{"_monsterinsights_skip_tracking":false,"_monsterinsights_sitenote_active":false,"_monsterinsights_sitenote_note":"","_monsterinsights_sitenote_category":0},"product_brand":[],"product_cat":[13590,12337],"product_tag":[],"class_list":{"0":"post-699940","1":"product","2":"type-product","3":"status-publish","5":"product_cat-arastirma-inceleme-politika-siyaset","6":"product_cat-politika-siyaset","7":"pa_cilt-ciltsiz","8":"pa_tur-kitap","9":"pa_yayinevi-iletisim-yayinlari","10":"pa_yazar-sinan-hakan","12":"first","13":"instock","14":"sale","15":"shipping-taxable","16":"purchasable","17":"product-type-simple"},"_links":{"self":[{"href":"https:\/\/roveyayinevi.com.tr\/index.php\/wp-json\/wp\/v2\/product\/699940","targetHints":{"allow":["GET"]}}],"collection":[{"href":"https:\/\/roveyayinevi.com.tr\/index.php\/wp-json\/wp\/v2\/product"}],"about":[{"href":"https:\/\/roveyayinevi.com.tr\/index.php\/wp-json\/wp\/v2\/types\/product"}],"wp:attachment":[{"href":"https:\/\/roveyayinevi.com.tr\/index.php\/wp-json\/wp\/v2\/media?parent=699940"}],"wp:term":[{"taxonomy":"product_brand","embeddable":true,"href":"https:\/\/roveyayinevi.com.tr\/index.php\/wp-json\/wp\/v2\/product_brand?post=699940"},{"taxonomy":"product_cat","embeddable":true,"href":"https:\/\/roveyayinevi.com.tr\/index.php\/wp-json\/wp\/v2\/product_cat?post=699940"},{"taxonomy":"product_tag","embeddable":true,"href":"https:\/\/roveyayinevi.com.tr\/index.php\/wp-json\/wp\/v2\/product_tag?post=699940"}],"curies":[{"name":"wp","href":"https:\/\/api.w.org\/{rel}","templated":true}]}}