{"id":699938,"date":"2025-08-27T14:54:54","date_gmt":"2025-08-27T11:54:54","guid":{"rendered":"https:\/\/roveyayinevi.com.tr\/index.php\/urun\/farsca-ogrenim-seti-5-buyuk-isimler-bozorgan\/"},"modified":"2026-04-16T02:09:28","modified_gmt":"2026-04-15T23:09:28","slug":"farsca-ogrenim-seti-5-buyuk-isimler-bozorgan","status":"publish","type":"product","link":"https:\/\/roveyayinevi.com.tr\/index.php\/urun\/farsca-ogrenim-seti-5-buyuk-isimler-bozorgan\/","title":{"rendered":"Fars\u00e7a \u00d6\u011frenim Seti 5 \/ B\u00fcy\u00fck \u0130simler (Bozorgan)"},"content":{"rendered":"<p>Fars\u00e7a \u00d6\u011frenim Seti 5 \/ B\u00fcy\u00fck \u0130simler (Bozorgan) <\/p>\n","protected":false},"excerpt":{"rendered":"<p>Fars\u00e7a \u00d6\u011frenim Seti 5 \/ B\u00fcy\u00fck \u0130simler (Bozorgan)<\/p>\n","protected":false},"featured_media":0,"template":"","meta":{"_monsterinsights_skip_tracking":false,"_monsterinsights_sitenote_active":false,"_monsterinsights_sitenote_note":"","_monsterinsights_sitenote_category":0},"product_brand":[],"product_cat":[14597,12566],"product_tag":[],"class_list":{"0":"post-699938","1":"product","2":"type-product","3":"status-publish","5":"product_cat-dil-ogrenimi","6":"product_cat-egitim","7":"pa_cilt-ciltsiz","8":"pa_tur-kitap","9":"pa_yayinevi-say-yayinlari","10":"pa_yazar-ahmed-sadiki-i-erdestani","12":"first","13":"instock","14":"sale","15":"shipping-taxable","16":"purchasable","17":"product-type-simple"},"_links":{"self":[{"href":"https:\/\/roveyayinevi.com.tr\/index.php\/wp-json\/wp\/v2\/product\/699938","targetHints":{"allow":["GET"]}}],"collection":[{"href":"https:\/\/roveyayinevi.com.tr\/index.php\/wp-json\/wp\/v2\/product"}],"about":[{"href":"https:\/\/roveyayinevi.com.tr\/index.php\/wp-json\/wp\/v2\/types\/product"}],"wp:attachment":[{"href":"https:\/\/roveyayinevi.com.tr\/index.php\/wp-json\/wp\/v2\/media?parent=699938"}],"wp:term":[{"taxonomy":"product_brand","embeddable":true,"href":"https:\/\/roveyayinevi.com.tr\/index.php\/wp-json\/wp\/v2\/product_brand?post=699938"},{"taxonomy":"product_cat","embeddable":true,"href":"https:\/\/roveyayinevi.com.tr\/index.php\/wp-json\/wp\/v2\/product_cat?post=699938"},{"taxonomy":"product_tag","embeddable":true,"href":"https:\/\/roveyayinevi.com.tr\/index.php\/wp-json\/wp\/v2\/product_tag?post=699938"}],"curies":[{"name":"wp","href":"https:\/\/api.w.org\/{rel}","templated":true}]}}