{"id":699933,"date":"2025-08-27T14:54:53","date_gmt":"2025-08-27T11:54:53","guid":{"rendered":"https:\/\/roveyayinevi.com.tr\/index.php\/urun\/hamidiye-alaylari-imparatorlugun-sinir-boylari-ve-kurt-asiretleri\/"},"modified":"2026-04-16T02:09:28","modified_gmt":"2026-04-15T23:09:28","slug":"hamidiye-alaylari-imparatorlugun-sinir-boylari-ve-kurt-asiretleri","status":"publish","type":"product","link":"https:\/\/roveyayinevi.com.tr\/index.php\/urun\/hamidiye-alaylari-imparatorlugun-sinir-boylari-ve-kurt-asiretleri\/","title":{"rendered":"Hamidiye Alaylar\u0131 \u0130mparatorlu\u011fun S\u0131n\u0131r Boylar\u0131 ve K\u00fcrt A\u015firetleri"},"content":{"rendered":"<p>Osmanl\u0131 \u0130mparatorlu\u011fu\u2019nun son d\u00f6neminde olu\u015fturulan Hamidiye Alaylar\u0131, hedefleri ve etkileri bak\u0131m\u0131ndan ilgi \u00e7ekici bir tarih\u00ee vakad\u0131r. Somut etkileri 1890\u2019dan Kurtulu\u015f Sava\u015f\u0131\u2019na kadar izlenebilirken, tarih\u00ee ve siyasi etkisi g\u00fcn\u00fcm\u00fcze uzanan izler b\u0131rakm\u0131\u015ft\u0131r. Janet Klein, ortaya koydu\u011fu kapsaml\u0131 bir ara\u015ft\u0131rma ve geni\u015f bir tart\u0131\u015fmayla Hamidiye Alaylar\u0131\u2019n\u0131, bu alaylarla s\u0131n\u0131rl\u0131 olmayan bir perspektifle ele al\u0131yor. \u201cHamidiye Hafif S\u00fcvari Alaylar\u0131 varl\u0131k g\u00f6sterdikleri otuz y\u0131ldan uzun s\u00fcre i\u00e7inde a\u015firet mensuplar\u0131n\u0131n, ailelerinin, kom\u015fular\u0131n\u0131n, korumalar\u0131 alt\u0131ndaki unsurlar\u0131n ya\u015fam\u0131n\u0131 ve b\u00f6lgenin tamam\u0131n\u0131 etkileyeceklerdi. B\u00f6lgesel \u00f6l\u00e7ekte, imparatorluk \u00e7ap\u0131nda, hatta uluslararas\u0131 d\u00fczeyde Osmanl\u0131 politikalar\u0131n\u0131n y\u00f6r\u00fcngesinin \u015fekillenmesinde de rol oynayacaklard\u0131. Milisler yerel g\u00fc\u00e7 yap\u0131s\u0131n\u0131n d\u00f6n\u00fc\u015f\u00fcm\u00fcnde ve K\u00fcrt toplumunun toplumsal ve siyasi \u00f6rg\u00fctlenmesinde \u00f6ne \u00e7\u0131kacaklard\u0131. B\u00f6lge genelinde arazi kullan\u0131m hakk\u0131n\u0131n yap\u0131s\u0131 \u00fczerindeki etkileriyle ekonomik manzaran\u0131n de\u011fi\u015fmesinde de \u00f6nemli bir rolleri olacakt\u0131. Ge\u00e7 Osmanl\u0131 d\u00f6neminde devlet-toplum ili\u015fkilerini de etkileyen milis \u00f6rg\u00fctlenmesi, asl\u0131nda Osmanl\u0131 Devleti\u2019ni tam da bir ulus-devlete d\u00f6n\u00fc\u015fme an\u0131nda g\u00f6rmemizi sa\u011flayan ayd\u0131nlat\u0131c\u0131 bir mercek olu\u015fturur. Son olarak, Hamidiye \u00f6rg\u00fctlenmesi Osmanl\u0131 sonras\u0131 devletlerin liderlerinin kendi i\u00e7 tehditleriyle ba\u015f etmek \u00fczere olu\u015fturduklar\u0131 sonraki K\u00fcrt a\u015firet milisleri i\u00e7in model ve emsal i\u015flevi g\u00f6recekti.\u201d Janet Klein<\/p>\n","protected":false},"excerpt":{"rendered":"<p>Osmanl\u0131 \u0130mparatorlu\u011fu\u2019nun son d\u00f6neminde olu\u015fturulan Hamidiye Alaylar\u0131, hedefleri ve etkileri bak\u0131m\u0131ndan ilgi \u00e7ekici bir tarih\u00ee vakad\u0131r. Somut etkileri 1890\u2019dan Kurtulu\u015f Sava\u015f\u0131\u2019na kadar izlenebilirken, tarih\u00ee ve siyasi<span class=\"excerpt-hellip\"> [\u2026]<\/span><\/p>\n","protected":false},"featured_media":0,"template":"","meta":{"_monsterinsights_skip_tracking":false,"_monsterinsights_sitenote_active":false,"_monsterinsights_sitenote_note":"","_monsterinsights_sitenote_category":0},"product_brand":[],"product_cat":[13517,12304],"product_tag":[],"class_list":{"0":"post-699933","1":"product","2":"type-product","3":"status-publish","5":"product_cat-osmanli-tarihi","6":"product_cat-tarih","7":"pa_cilt-ciltsiz","8":"pa_tur-kitap","9":"pa_yayinevi-iletisim-yayinlari","10":"pa_yazar-janet-klein","12":"first","13":"instock","14":"sale","15":"shipping-taxable","16":"purchasable","17":"product-type-simple"},"_links":{"self":[{"href":"https:\/\/roveyayinevi.com.tr\/index.php\/wp-json\/wp\/v2\/product\/699933","targetHints":{"allow":["GET"]}}],"collection":[{"href":"https:\/\/roveyayinevi.com.tr\/index.php\/wp-json\/wp\/v2\/product"}],"about":[{"href":"https:\/\/roveyayinevi.com.tr\/index.php\/wp-json\/wp\/v2\/types\/product"}],"wp:attachment":[{"href":"https:\/\/roveyayinevi.com.tr\/index.php\/wp-json\/wp\/v2\/media?parent=699933"}],"wp:term":[{"taxonomy":"product_brand","embeddable":true,"href":"https:\/\/roveyayinevi.com.tr\/index.php\/wp-json\/wp\/v2\/product_brand?post=699933"},{"taxonomy":"product_cat","embeddable":true,"href":"https:\/\/roveyayinevi.com.tr\/index.php\/wp-json\/wp\/v2\/product_cat?post=699933"},{"taxonomy":"product_tag","embeddable":true,"href":"https:\/\/roveyayinevi.com.tr\/index.php\/wp-json\/wp\/v2\/product_tag?post=699933"}],"curies":[{"name":"wp","href":"https:\/\/api.w.org\/{rel}","templated":true}]}}