{"id":699929,"date":"2025-08-27T14:54:52","date_gmt":"2025-08-27T11:54:52","guid":{"rendered":"https:\/\/roveyayinevi.com.tr\/index.php\/urun\/cizelim-boyayalim-2-garfield-ile-arkadaslari-cikartmali\/"},"modified":"2026-04-16T02:09:28","modified_gmt":"2026-04-15T23:09:28","slug":"cizelim-boyayalim-2-garfield-ile-arkadaslari-cikartmali","status":"publish","type":"product","link":"https:\/\/roveyayinevi.com.tr\/index.php\/urun\/cizelim-boyayalim-2-garfield-ile-arkadaslari-cikartmali\/","title":{"rendered":"\u00c7izelim Boyayal\u0131m 2 &#8211; Garfield ile Arkada\u015flar\u0131 (\u00c7\u0131kartmal\u0131)"},"content":{"rendered":"<p>Garfield\u2019\u0131 sevenlere m\u00fcjde!\u0130\u015fte size, Garfield ve arkada\u015flar\u0131n\u0131 hem \u00e7izerek hem de boyayarak daha yak\u0131ndan tan\u0131yabilece\u011finiz bir boyama kitab\u0131. Noktalar\u0131n \u00fczerinden ge\u00e7erek resimleri tamamlay\u0131n ve istedi\u011finiz renklere boyay\u0131n. Unutmay\u0131n! Ayr\u0131ca alb\u00fcm\u00fcn ortas\u0131nda iki sayfa dolusu \u00e7\u0131kartma sizi bekliyor. <\/p>\n","protected":false},"excerpt":{"rendered":"<p>Garfield\u2019\u0131 sevenlere m\u00fcjde!\u0130\u015fte size, Garfield ve arkada\u015flar\u0131n\u0131 hem \u00e7izerek hem de boyayarak daha yak\u0131ndan tan\u0131yabilece\u011finiz bir boyama kitab\u0131. Noktalar\u0131n \u00fczerinden ge\u00e7erek resimleri tamamlay\u0131n ve istedi\u011finiz renklere<span class=\"excerpt-hellip\"> [\u2026]<\/span><\/p>\n","protected":false},"featured_media":0,"template":"","meta":{"_monsterinsights_skip_tracking":false,"_monsterinsights_sitenote_active":false,"_monsterinsights_sitenote_note":"","_monsterinsights_sitenote_category":0},"product_brand":[],"product_cat":[12644,12274],"product_tag":[],"class_list":{"0":"post-699929","1":"product","2":"type-product","3":"status-publish","5":"product_cat-boyama-kitaplari","6":"product_cat-cocuk-ve-genclik-kitaplari","7":"pa_cilt-ciltsiz","8":"pa_tur-kitap","9":"pa_yayinevi-yapi-kredi-yayinlari","10":"pa_yazar-kolektif","12":"first","13":"instock","14":"sale","15":"shipping-taxable","16":"purchasable","17":"product-type-simple"},"_links":{"self":[{"href":"https:\/\/roveyayinevi.com.tr\/index.php\/wp-json\/wp\/v2\/product\/699929","targetHints":{"allow":["GET"]}}],"collection":[{"href":"https:\/\/roveyayinevi.com.tr\/index.php\/wp-json\/wp\/v2\/product"}],"about":[{"href":"https:\/\/roveyayinevi.com.tr\/index.php\/wp-json\/wp\/v2\/types\/product"}],"wp:attachment":[{"href":"https:\/\/roveyayinevi.com.tr\/index.php\/wp-json\/wp\/v2\/media?parent=699929"}],"wp:term":[{"taxonomy":"product_brand","embeddable":true,"href":"https:\/\/roveyayinevi.com.tr\/index.php\/wp-json\/wp\/v2\/product_brand?post=699929"},{"taxonomy":"product_cat","embeddable":true,"href":"https:\/\/roveyayinevi.com.tr\/index.php\/wp-json\/wp\/v2\/product_cat?post=699929"},{"taxonomy":"product_tag","embeddable":true,"href":"https:\/\/roveyayinevi.com.tr\/index.php\/wp-json\/wp\/v2\/product_tag?post=699929"}],"curies":[{"name":"wp","href":"https:\/\/api.w.org\/{rel}","templated":true}]}}