{"id":699928,"date":"2025-08-27T14:54:52","date_gmt":"2025-08-27T11:54:52","guid":{"rendered":"https:\/\/roveyayinevi.com.tr\/index.php\/urun\/efsaneler-ve-mitler-ciltli\/"},"modified":"2025-12-30T09:50:15","modified_gmt":"2025-12-30T06:50:15","slug":"efsaneler-ve-mitler-ciltli","status":"publish","type":"product","link":"https:\/\/roveyayinevi.com.tr\/index.php\/urun\/efsaneler-ve-mitler-ciltli\/","title":{"rendered":"Efsaneler ve Mitler (Ciltli)"},"content":{"rendered":"<p>Eski efsaneler, eski Tanr\u0131lar, Eski kahramanlar hi\u00e7 \u00f6lmediler. Sadece biz onlar\u0131 yeniden \u00e7a\u011f\u0131rana dek zihinlerimizin derinliklerinde uykuya \u00e7ekildiler. -Satanley Kunitz, Poet- D\u00fcnyan\u0131n en \u00fcnl\u00fc efsane ve mitlerini merak m\u0131 ediyorsunuz? As\u0131rlar \u00f6ncesinden bug\u00fcne, nesilden nesile aktar\u0131larak gelen en s\u00fcr\u00fckleyici hik\u00e2yeleri bu kitapta bulacaks\u0131n\u0131z. \u0130lk anlat\u0131mlar\u0131ndan binlerce y\u0131l sonra bile h\u00e2l\u00e2 ge\u00e7erli olan efsanelerin ard\u0131ndaki anlamalar\u0131 kavrayacak, k\u00fclt\u00fcrel \u00f6nemlerini anlayacak, eski Yunan kahramanlar\u0131ndan Avustralya Aborjinlerinin r\u00fcyalar\u0131na kadar t\u00fcm karakterlerle konular\u0131 bu kitapta ke\u015ffedeceksiniz. Bu Kitapta; Avrupa (Klasik-Kuzey-Bat\u0131-Orta ve Do\u011fu),Bat\u0131 ve Orta Asya,G\u00fcney ve Do\u011fu Asya,Afrika,Amerika K\u0131tas\u0131 ve Okyanusya\u2019n\u0131n Mitlerini ve Efsanelerini bir g\u00f6rsel \u015f\u00f6len ziyafetiyle \u00f6\u011freneceksiniz. Ak\u0131c\u0131 bir \u00fcslupla anlat\u0131lan olaylar\u0131; Tablolar, resimler, heykeller ve semboller e\u015fli\u011finde zihninizde canland\u0131rarak \u00f6\u011freneceksiniz. Yunan Tanr\u0131lar\u0131, Oedipus,Troya, Odysseia, Kral Arthur ve \u015e\u00f6valyeleri, Kutsal kase, Anka Ku\u015fu,G\u0131lgam\u0131\u015f Destan\u0131, Hitit Efsaneleri,Brahma ve Yarad\u0131l, Ramayana, Mahabharata, \u00c7in Kahramanlar\u0131n\u0131n Efsaneleri, Antik M\u0131s\u0131r(\u00d6l\u00fcler Kitab, Nil Tanr\u0131\u00e7alar\u0131), San Efsaneleri, Navajo\u2019nun \u00e7\u0131k\u0131\u015f\u0131,T\u00fcyl\u00fc Y\u0131lan efsaneleri, Aztek Do\u011fa Tanr\u0131lar\u0131, Ghada, \u0130nkalar\u0131n Ba\u015flang\u0131c\u0131, Bram-Bram-Bult, Tangaroa,Kutsal Ta\u015flar kitapta yer alan konulardan \u00f6ne \u00e7\u0131kan ba\u015fl\u0131klar&#8230; <\/p>\n","protected":false},"excerpt":{"rendered":"<p>Eski efsaneler, eski Tanr\u0131lar, Eski kahramanlar hi\u00e7 \u00f6lmediler. Sadece biz onlar\u0131 yeniden \u00e7a\u011f\u0131rana dek zihinlerimizin derinliklerinde uykuya \u00e7ekildiler. -Satanley Kunitz, Poet- D\u00fcnyan\u0131n en \u00fcnl\u00fc efsane ve<span class=\"excerpt-hellip\"> [\u2026]<\/span><\/p>\n","protected":false},"featured_media":0,"template":"","meta":{"_monsterinsights_skip_tracking":false,"_monsterinsights_sitenote_active":false,"_monsterinsights_sitenote_note":"","_monsterinsights_sitenote_category":0},"product_brand":[],"product_cat":[12718,12858],"product_tag":[],"class_list":{"0":"post-699928","1":"product","2":"type-product","3":"status-publish","5":"product_cat-din","6":"product_cat-mitolojiler","7":"pa_cilt-ciltli","8":"pa_tur-kitap","9":"pa_yayinevi-alfa-yayinlari","10":"pa_yazar-philip-wilkinson","12":"first","13":"instock","14":"sale","15":"shipping-taxable","16":"purchasable","17":"product-type-simple"},"_links":{"self":[{"href":"https:\/\/roveyayinevi.com.tr\/index.php\/wp-json\/wp\/v2\/product\/699928","targetHints":{"allow":["GET"]}}],"collection":[{"href":"https:\/\/roveyayinevi.com.tr\/index.php\/wp-json\/wp\/v2\/product"}],"about":[{"href":"https:\/\/roveyayinevi.com.tr\/index.php\/wp-json\/wp\/v2\/types\/product"}],"wp:attachment":[{"href":"https:\/\/roveyayinevi.com.tr\/index.php\/wp-json\/wp\/v2\/media?parent=699928"}],"wp:term":[{"taxonomy":"product_brand","embeddable":true,"href":"https:\/\/roveyayinevi.com.tr\/index.php\/wp-json\/wp\/v2\/product_brand?post=699928"},{"taxonomy":"product_cat","embeddable":true,"href":"https:\/\/roveyayinevi.com.tr\/index.php\/wp-json\/wp\/v2\/product_cat?post=699928"},{"taxonomy":"product_tag","embeddable":true,"href":"https:\/\/roveyayinevi.com.tr\/index.php\/wp-json\/wp\/v2\/product_tag?post=699928"}],"curies":[{"name":"wp","href":"https:\/\/api.w.org\/{rel}","templated":true}]}}