{"id":699923,"date":"2025-08-27T14:54:50","date_gmt":"2025-08-27T11:54:50","guid":{"rendered":"https:\/\/roveyayinevi.com.tr\/index.php\/urun\/paranin-imparatorlari\/"},"modified":"2026-04-16T02:09:27","modified_gmt":"2026-04-15T23:09:27","slug":"paranin-imparatorlari","status":"publish","type":"product","link":"https:\/\/roveyayinevi.com.tr\/index.php\/urun\/paranin-imparatorlari\/","title":{"rendered":"Paran\u0131n \u0130mparatorlar\u0131"},"content":{"rendered":"<p>Binlerce y\u0131ll\u0131k s\u00fcre\u00e7te belli bir bilgi birikimi ve ili\u015fki a\u011flar\u0131 i\u00e7inde olu\u015fturulmu\u015f \u00e7ok b\u00fcy\u00fck ve tekelle\u015fmi\u015f bir g\u00fc\u00e7 sistemi olan K\u00fcresel Finans Oligar\u015fisi\u2019nin ba\u015f\u0131nda \u00e7o\u011funlukla d\u00fcnya n\u00fcfusunun % 0,2&#8217;sini te\u015fkil eden Yahudiler vard\u0131r. Bunlar\u0131n en ba\u015f\u0131nda da Almanya, Frankfurt k\u00f6kenli olup Avrupa\u2019n\u0131n \u00f6nemli \u015fehirlerine yay\u0131lm\u0131\u015f olan banker k\u00f6kenli bir aile olan Rothschildler vard\u0131r. Rothschild ailesi 200 y\u0131l\u0131 a\u015fk\u0131n bir d\u00f6nemde perde arkas\u0131nda kalarak eli kolu her yere uzanarak d\u00fcnyada s\u00f6z sahibi olmu\u015ftur. \ufffcTan\u0131t\u0131m Metni<\/p>\n","protected":false},"excerpt":{"rendered":"<p>Binlerce y\u0131ll\u0131k s\u00fcre\u00e7te belli bir bilgi birikimi ve ili\u015fki a\u011flar\u0131 i\u00e7inde olu\u015fturulmu\u015f \u00e7ok b\u00fcy\u00fck ve tekelle\u015fmi\u015f bir g\u00fc\u00e7 sistemi olan K\u00fcresel Finans Oligar\u015fisi\u2019nin ba\u015f\u0131nda \u00e7o\u011funlukla d\u00fcnya<span class=\"excerpt-hellip\"> [\u2026]<\/span><\/p>\n","protected":false},"featured_media":0,"template":"","meta":{"_monsterinsights_skip_tracking":false,"_monsterinsights_sitenote_active":false,"_monsterinsights_sitenote_note":"","_monsterinsights_sitenote_category":0},"product_brand":[],"product_cat":[12346,12337],"product_tag":[],"class_list":{"0":"post-699923","1":"product","2":"type-product","3":"status-publish","5":"product_cat-derin-siyaset-komplo-teorileri","6":"product_cat-politika-siyaset","7":"pa_tur-kitap","8":"pa_yayinevi-atac-yayinlari","9":"pa_yazar-ismail-tokalak","11":"first","12":"instock","13":"sale","14":"shipping-taxable","15":"purchasable","16":"product-type-simple"},"_links":{"self":[{"href":"https:\/\/roveyayinevi.com.tr\/index.php\/wp-json\/wp\/v2\/product\/699923","targetHints":{"allow":["GET"]}}],"collection":[{"href":"https:\/\/roveyayinevi.com.tr\/index.php\/wp-json\/wp\/v2\/product"}],"about":[{"href":"https:\/\/roveyayinevi.com.tr\/index.php\/wp-json\/wp\/v2\/types\/product"}],"wp:attachment":[{"href":"https:\/\/roveyayinevi.com.tr\/index.php\/wp-json\/wp\/v2\/media?parent=699923"}],"wp:term":[{"taxonomy":"product_brand","embeddable":true,"href":"https:\/\/roveyayinevi.com.tr\/index.php\/wp-json\/wp\/v2\/product_brand?post=699923"},{"taxonomy":"product_cat","embeddable":true,"href":"https:\/\/roveyayinevi.com.tr\/index.php\/wp-json\/wp\/v2\/product_cat?post=699923"},{"taxonomy":"product_tag","embeddable":true,"href":"https:\/\/roveyayinevi.com.tr\/index.php\/wp-json\/wp\/v2\/product_tag?post=699923"}],"curies":[{"name":"wp","href":"https:\/\/api.w.org\/{rel}","templated":true}]}}