{"id":699922,"date":"2025-08-27T14:54:50","date_gmt":"2025-08-27T11:54:50","guid":{"rendered":"https:\/\/roveyayinevi.com.tr\/index.php\/urun\/yahudiligin-kokenleri-ve-kuresel-gucu\/"},"modified":"2026-04-16T02:09:27","modified_gmt":"2026-04-15T23:09:27","slug":"yahudiligin-kokenleri-ve-kuresel-gucu","status":"publish","type":"product","link":"https:\/\/roveyayinevi.com.tr\/index.php\/urun\/yahudiligin-kokenleri-ve-kuresel-gucu\/","title":{"rendered":"Yahudili\u011fin K\u00f6kenleri ve K\u00fcresel G\u00fcc\u00fc"},"content":{"rendered":"<p>Yahudilik Ortado\u011fu medeniyetinin binlerce y\u0131ll\u0131k tarihinin i\u00e7inden s\u00fcz\u00fclerek gelen bir sentezin \u00fcr\u00fcn\u00fcd\u00fcr. Yahudiler dindarl\u0131k hamuru i\u00e7inde \u015fekillenmi\u015f olmas\u0131na ra\u011fmen ya\u015fama rasyonel a\u00e7\u0131dan bakan bir k\u00fclt\u00fcr\u00fcn \u00fcr\u00fcn\u00fcd\u00fcr. Yahudiler tek tanr\u0131l\u0131 dinlere, d\u00fcnyan\u0131n ekonomik i\u015fleyi\u015f d\u00fczenine, kendi d\u0131\u015f\u0131ndaki k\u00fclt\u00fcrlere olduk\u00e7a b\u00fcy\u00fck katk\u0131da bulunmu\u015flard\u0131r. A\u015f\u0131r\u0131 dindarl\u0131k \u00f6l\u00e7\u00fcleri i\u00e7inde bile d\u00fcnya ya\u015famlar\u0131ndaki m\u00fccadelede rasyonel olmay\u0131 becerebilmi\u015flerdir. \ufffcTan\u0131t\u0131m Metni<\/p>\n","protected":false},"excerpt":{"rendered":"<p>Yahudilik Ortado\u011fu medeniyetinin binlerce y\u0131ll\u0131k tarihinin i\u00e7inden s\u00fcz\u00fclerek gelen bir sentezin \u00fcr\u00fcn\u00fcd\u00fcr. Yahudiler dindarl\u0131k hamuru i\u00e7inde \u015fekillenmi\u015f olmas\u0131na ra\u011fmen ya\u015fama rasyonel a\u00e7\u0131dan bakan bir k\u00fclt\u00fcr\u00fcn \u00fcr\u00fcn\u00fcd\u00fcr.<span class=\"excerpt-hellip\"> [\u2026]<\/span><\/p>\n","protected":false},"featured_media":0,"template":"","meta":{"_monsterinsights_skip_tracking":false,"_monsterinsights_sitenote_active":false,"_monsterinsights_sitenote_note":"","_monsterinsights_sitenote_category":0},"product_brand":[],"product_cat":[12338,12337],"product_tag":[],"class_list":{"0":"post-699922","1":"product","2":"type-product","3":"status-publish","5":"product_cat-dunya-siyaseti-ve-politikasi","6":"product_cat-politika-siyaset","7":"pa_tur-kitap","8":"pa_yayinevi-atac-yayinlari","9":"pa_yazar-ismail-tokalak","11":"first","12":"instock","13":"sale","14":"shipping-taxable","15":"purchasable","16":"product-type-simple"},"_links":{"self":[{"href":"https:\/\/roveyayinevi.com.tr\/index.php\/wp-json\/wp\/v2\/product\/699922","targetHints":{"allow":["GET"]}}],"collection":[{"href":"https:\/\/roveyayinevi.com.tr\/index.php\/wp-json\/wp\/v2\/product"}],"about":[{"href":"https:\/\/roveyayinevi.com.tr\/index.php\/wp-json\/wp\/v2\/types\/product"}],"wp:attachment":[{"href":"https:\/\/roveyayinevi.com.tr\/index.php\/wp-json\/wp\/v2\/media?parent=699922"}],"wp:term":[{"taxonomy":"product_brand","embeddable":true,"href":"https:\/\/roveyayinevi.com.tr\/index.php\/wp-json\/wp\/v2\/product_brand?post=699922"},{"taxonomy":"product_cat","embeddable":true,"href":"https:\/\/roveyayinevi.com.tr\/index.php\/wp-json\/wp\/v2\/product_cat?post=699922"},{"taxonomy":"product_tag","embeddable":true,"href":"https:\/\/roveyayinevi.com.tr\/index.php\/wp-json\/wp\/v2\/product_tag?post=699922"}],"curies":[{"name":"wp","href":"https:\/\/api.w.org\/{rel}","templated":true}]}}