{"id":699919,"date":"2025-08-27T14:54:49","date_gmt":"2025-08-27T11:54:49","guid":{"rendered":"https:\/\/roveyayinevi.com.tr\/index.php\/urun\/ozgurluk-icin-kurt-yazilari-2\/"},"modified":"2026-04-16T02:09:27","modified_gmt":"2026-04-15T23:09:27","slug":"ozgurluk-icin-kurt-yazilari-2","status":"publish","type":"product","link":"https:\/\/roveyayinevi.com.tr\/index.php\/urun\/ozgurluk-icin-kurt-yazilari-2\/","title":{"rendered":"\u00d6zg\u00fcrl\u00fck \u0130\u00e7in K\u00fcrt Yaz\u0131lar\u0131 2"},"content":{"rendered":"<p>\u201cBug\u00fcn K\u00fcrt siyasal kavgas\u0131n\u0131 y\u00fcr\u00fctenler \u00fclkedeki t\u00fcm halklar\u0131n, dillerini, dinlerini, mezheplerini, t\u00fcm insanca haklar\u0131n\u0131 savunuyorlar. Tekeli ellerinde tutan devlet partilerinin \u00fclkemizi d\u00fc\u015f\u00fcrd\u00fckleri a\u011f\u0131r ortamdan kurtar\u0131lmas\u0131 i\u00e7in zorunlu olan ANAYASA yap\u0131m\u0131n\u0131 bile beceremedikleri bir d\u00f6nemde bu topraklarda ya\u015fayan t\u00fcm halklar i\u00e7in en do\u011fru olan\u0131, \u00fclkemizin kurtulu\u015fa giden yolunu halklar\u0131n karde\u015fli\u011fi \u00e7izgisindeki etkinli\u011fi ile K\u00fcrt halk\u0131 g\u00f6steriyor bug\u00fcn. De\u011feri bilinmeyen bu olgu, bar\u0131\u015f\u0131 ger\u00e7ekten isteyen bir devlet i\u00e7in tarihsel bir sunudur.\u201d <\/p>\n","protected":false},"excerpt":{"rendered":"<p>\u201cBug\u00fcn K\u00fcrt siyasal kavgas\u0131n\u0131 y\u00fcr\u00fctenler \u00fclkedeki t\u00fcm halklar\u0131n, dillerini, dinlerini, mezheplerini, t\u00fcm insanca haklar\u0131n\u0131 savunuyorlar. Tekeli ellerinde tutan devlet partilerinin \u00fclkemizi d\u00fc\u015f\u00fcrd\u00fckleri a\u011f\u0131r ortamdan kurtar\u0131lmas\u0131 i\u00e7in<span class=\"excerpt-hellip\"> [\u2026]<\/span><\/p>\n","protected":false},"featured_media":0,"template":"","meta":{"_monsterinsights_skip_tracking":false,"_monsterinsights_sitenote_active":false,"_monsterinsights_sitenote_note":"","_monsterinsights_sitenote_category":0},"product_brand":[],"product_cat":[13656,12337],"product_tag":[],"class_list":{"0":"post-699919","1":"product","2":"type-product","3":"status-publish","5":"product_cat-azinliklar-etnik-sorunlar","6":"product_cat-politika-siyaset","7":"pa_cilt-ciltsiz","8":"pa_tur-kitap","9":"pa_yayinevi-ayrinti-yayinlari","10":"pa_yazar-vedat-turkali","12":"first","13":"instock","14":"sale","15":"shipping-taxable","16":"purchasable","17":"product-type-simple"},"_links":{"self":[{"href":"https:\/\/roveyayinevi.com.tr\/index.php\/wp-json\/wp\/v2\/product\/699919","targetHints":{"allow":["GET"]}}],"collection":[{"href":"https:\/\/roveyayinevi.com.tr\/index.php\/wp-json\/wp\/v2\/product"}],"about":[{"href":"https:\/\/roveyayinevi.com.tr\/index.php\/wp-json\/wp\/v2\/types\/product"}],"wp:attachment":[{"href":"https:\/\/roveyayinevi.com.tr\/index.php\/wp-json\/wp\/v2\/media?parent=699919"}],"wp:term":[{"taxonomy":"product_brand","embeddable":true,"href":"https:\/\/roveyayinevi.com.tr\/index.php\/wp-json\/wp\/v2\/product_brand?post=699919"},{"taxonomy":"product_cat","embeddable":true,"href":"https:\/\/roveyayinevi.com.tr\/index.php\/wp-json\/wp\/v2\/product_cat?post=699919"},{"taxonomy":"product_tag","embeddable":true,"href":"https:\/\/roveyayinevi.com.tr\/index.php\/wp-json\/wp\/v2\/product_tag?post=699919"}],"curies":[{"name":"wp","href":"https:\/\/api.w.org\/{rel}","templated":true}]}}