{"id":699918,"date":"2025-08-27T14:54:49","date_gmt":"2025-08-27T11:54:49","guid":{"rendered":"https:\/\/roveyayinevi.com.tr\/index.php\/urun\/hanlik-devrinden-gunumuze-orneklerle-kazak-edebiyati\/"},"modified":"2026-04-16T02:09:27","modified_gmt":"2026-04-15T23:09:27","slug":"hanlik-devrinden-gunumuze-orneklerle-kazak-edebiyati","status":"publish","type":"product","link":"https:\/\/roveyayinevi.com.tr\/index.php\/urun\/hanlik-devrinden-gunumuze-orneklerle-kazak-edebiyati\/","title":{"rendered":"Hanl\u0131k Devrinden G\u00fcn\u00fcm\u00fcze \u00d6rneklerle Kazak Edebiyat\u0131"},"content":{"rendered":"<p>Edebiyat k\u00fclt\u00fcrel ili\u015fkilerin temelini olu\u015fturur ve ku\u015faktan ku\u015fa\u011fa aktar\u0131lan bir mirast\u0131r. Bu a\u00e7\u0131dan bakt\u0131\u011f\u0131m\u0131zda \u201ceser\u201d edebiyat tarihi i\u00e7in de bir hayli \u00f6nem arz etmektedir.Hanl\u0131k Devrinden G\u00fcn\u00fcm\u00fcze \u00d6rneklerle Kazak Edebiyat\u0131, W. Radlov\u2019un \u201cDo\u011fu\u2019nun Frans\u0131z dili\u201d diyerek methetti\u011fi Kazak dilinin Bat\u0131 ile boy \u00f6l\u00e7\u00fc\u015fecek mikyastaki edebiyat\u0131n\u0131 ba\u015flang\u0131c\u0131ndan g\u00fcn\u00fcm\u00fcze kadar ana hatlar\u0131yla ortaya koyan \u201ctitiz\u201d bir \u00e7al\u0131\u015fmad\u0131r. Di\u011fer bir deyi\u015fle bu kitap Kazak Hanl\u0131\u011f\u0131\u2019n\u0131n kuruldu\u011fu XV. y\u00fczy\u0131ldan XXI. y\u00fczy\u0131la kadar t\u00fcm Kazak edebiyat\u0131n\u0131n s\u00f6zl\u00fc ve yaz\u0131l\u0131 t\u00fcrlerinden \u00f6rnekler vermektedir. \u00d6rnek metinler Kazak\u00e7a olmakla birlikte, edeb\u00ee t\u00fcrler T\u00fcrk\u00e7e olarak izah edilmi\u015ftir. Ayn\u0131 \u015fekilde edeb\u00ee \u015fahsiyetlerin biyografileri de yine T\u00fcrk\u00e7e verilmi\u015ftir. 600 sayfay\u0131 a\u015fan hacimli bu eser \u00e2deta bir Kazak edebiyat\u0131 el kitab\u0131 niteli\u011findedir. Eser \u00fcniversitelerin T\u00fcrk leh\u00e7eleri ve edebiyatlar\u0131 b\u00f6l\u00fcmlerinin \u00f6\u011fretim \u00fcyeleri, \u00f6\u011frencileri ve ayr\u0131ca Kazak edebiyat\u0131yla ilgilenen her kesimden insan i\u00e7in yararl\u0131 bir kaynak olacakt\u0131r. <\/p>\n","protected":false},"excerpt":{"rendered":"<p>Edebiyat k\u00fclt\u00fcrel ili\u015fkilerin temelini olu\u015fturur ve ku\u015faktan ku\u015fa\u011fa aktar\u0131lan bir mirast\u0131r. Bu a\u00e7\u0131dan bakt\u0131\u011f\u0131m\u0131zda \u201ceser\u201d edebiyat tarihi i\u00e7in de bir hayli \u00f6nem arz etmektedir.Hanl\u0131k Devrinden G\u00fcn\u00fcm\u00fcze<span class=\"excerpt-hellip\"> [\u2026]<\/span><\/p>\n","protected":false},"featured_media":0,"template":"","meta":{"_monsterinsights_skip_tracking":false,"_monsterinsights_sitenote_active":false,"_monsterinsights_sitenote_note":"","_monsterinsights_sitenote_category":0},"product_brand":[],"product_cat":[12777,12291],"product_tag":[],"class_list":{"0":"post-699918","1":"product","2":"type-product","3":"status-publish","5":"product_cat-deneme","6":"product_cat-edebiyat","7":"pa_tur-kitap","8":"pa_yayinevi-bilge-kultur-sanat","9":"pa_yazar-layik-altinmakas","11":"first","12":"instock","13":"sale","14":"shipping-taxable","15":"purchasable","16":"product-type-simple"},"_links":{"self":[{"href":"https:\/\/roveyayinevi.com.tr\/index.php\/wp-json\/wp\/v2\/product\/699918","targetHints":{"allow":["GET"]}}],"collection":[{"href":"https:\/\/roveyayinevi.com.tr\/index.php\/wp-json\/wp\/v2\/product"}],"about":[{"href":"https:\/\/roveyayinevi.com.tr\/index.php\/wp-json\/wp\/v2\/types\/product"}],"wp:attachment":[{"href":"https:\/\/roveyayinevi.com.tr\/index.php\/wp-json\/wp\/v2\/media?parent=699918"}],"wp:term":[{"taxonomy":"product_brand","embeddable":true,"href":"https:\/\/roveyayinevi.com.tr\/index.php\/wp-json\/wp\/v2\/product_brand?post=699918"},{"taxonomy":"product_cat","embeddable":true,"href":"https:\/\/roveyayinevi.com.tr\/index.php\/wp-json\/wp\/v2\/product_cat?post=699918"},{"taxonomy":"product_tag","embeddable":true,"href":"https:\/\/roveyayinevi.com.tr\/index.php\/wp-json\/wp\/v2\/product_tag?post=699918"}],"curies":[{"name":"wp","href":"https:\/\/api.w.org\/{rel}","templated":true}]}}