{"id":699917,"date":"2025-08-27T14:54:49","date_gmt":"2025-08-27T11:54:49","guid":{"rendered":"https:\/\/roveyayinevi.com.tr\/index.php\/urun\/buyuk-bilimsel-deneyler\/"},"modified":"2026-04-16T02:09:27","modified_gmt":"2026-04-15T23:09:27","slug":"buyuk-bilimsel-deneyler","status":"publish","type":"product","link":"https:\/\/roveyayinevi.com.tr\/index.php\/urun\/buyuk-bilimsel-deneyler\/","title":{"rendered":"B\u00fcy\u00fck Bilimsel Deneyler"},"content":{"rendered":"<p>Bu kitapta insan becerisi ve dehas\u0131n\u0131 canl\u0131 bir \u00fcslupla anlatan yirmi bilim \u00f6yk\u00fcs\u00fc okuyacaks\u0131n\u0131z. Bilim tarihi a\u00e7\u0131s\u0131ndan b\u00fcy\u00fck \u00f6nem ta\u015f\u0131yan deneyleri konu alan \u00f6yk\u00fcler teoriler, ara\u015ft\u0131rmalar, fikirler ve ger\u00e7ekler aras\u0131ndaki ili\u015fkilere dair \u00e7ok \u00e7arp\u0131c\u0131 bilgiler veriyor ve Aristoteles\u2019in embriyoloji \u00e7al\u0131\u015fmalar\u0131ndan Otto Stern\u2019in n\u00fckleer fizik ara\u015ft\u0131rmalar\u0131na kadar pek \u00e7ok ilgin\u00e7 konuya de\u011finiyor. Her deney en son bilimsel geli\u015fmelerin \u0131\u015f\u0131\u011f\u0131nda ele al\u0131n\u0131yor. Renkli anlat\u0131m \u00fcslubu belge de\u011feri ta\u015f\u0131yan foto\u011fraf ve grav\u00fcrlerle destekleniyor. <\/p>\n","protected":false},"excerpt":{"rendered":"<p>Bu kitapta insan becerisi ve dehas\u0131n\u0131 canl\u0131 bir \u00fcslupla anlatan yirmi bilim \u00f6yk\u00fcs\u00fc okuyacaks\u0131n\u0131z. Bilim tarihi a\u00e7\u0131s\u0131ndan b\u00fcy\u00fck \u00f6nem ta\u015f\u0131yan deneyleri konu alan \u00f6yk\u00fcler teoriler, ara\u015ft\u0131rmalar,<span class=\"excerpt-hellip\"> [\u2026]<\/span><\/p>\n","protected":false},"featured_media":0,"template":"","meta":{"_monsterinsights_skip_tracking":false,"_monsterinsights_sitenote_active":false,"_monsterinsights_sitenote_note":"","_monsterinsights_sitenote_category":0},"product_brand":[],"product_cat":[13005,13006],"product_tag":[],"class_list":{"0":"post-699917","1":"product","2":"type-product","3":"status-publish","5":"product_cat-bilim-muhendislik","6":"product_cat-populer-bilim","7":"pa_cilt-ciltsiz","8":"pa_tur-kitap","9":"pa_yayinevi-say-yayinlari","10":"pa_yazar-rom-harre","12":"first","13":"instock","14":"sale","15":"shipping-taxable","16":"purchasable","17":"product-type-simple"},"_links":{"self":[{"href":"https:\/\/roveyayinevi.com.tr\/index.php\/wp-json\/wp\/v2\/product\/699917","targetHints":{"allow":["GET"]}}],"collection":[{"href":"https:\/\/roveyayinevi.com.tr\/index.php\/wp-json\/wp\/v2\/product"}],"about":[{"href":"https:\/\/roveyayinevi.com.tr\/index.php\/wp-json\/wp\/v2\/types\/product"}],"wp:attachment":[{"href":"https:\/\/roveyayinevi.com.tr\/index.php\/wp-json\/wp\/v2\/media?parent=699917"}],"wp:term":[{"taxonomy":"product_brand","embeddable":true,"href":"https:\/\/roveyayinevi.com.tr\/index.php\/wp-json\/wp\/v2\/product_brand?post=699917"},{"taxonomy":"product_cat","embeddable":true,"href":"https:\/\/roveyayinevi.com.tr\/index.php\/wp-json\/wp\/v2\/product_cat?post=699917"},{"taxonomy":"product_tag","embeddable":true,"href":"https:\/\/roveyayinevi.com.tr\/index.php\/wp-json\/wp\/v2\/product_tag?post=699917"}],"curies":[{"name":"wp","href":"https:\/\/api.w.org\/{rel}","templated":true}]}}