{"id":699916,"date":"2025-08-27T14:54:49","date_gmt":"2025-08-27T11:54:49","guid":{"rendered":"https:\/\/roveyayinevi.com.tr\/index.php\/urun\/sakincali-amiral\/"},"modified":"2026-04-16T02:09:27","modified_gmt":"2026-04-15T23:09:27","slug":"sakincali-amiral","status":"publish","type":"product","link":"https:\/\/roveyayinevi.com.tr\/index.php\/urun\/sakincali-amiral\/","title":{"rendered":"Sak\u0131ncal\u0131 Amiral"},"content":{"rendered":"<p>29 Ocak 2013 g\u00fcn\u00fc T\u00fcrkiye\u2019de herkesi \u015fa\u015f\u0131rtan bir olay oldu. Donanma Komutan\u0131 Oramiral Nusret G\u00fcner silah arkada\u015flar\u0131n\u0131n hukuksuzca tutuklanmas\u0131na daha fazla seyirci kalmamak i\u00e7in istifa etmi\u015fti. G\u00fcner\u2019in istifas\u0131 \u00e7ok tart\u0131\u015f\u0131ld\u0131. Nas\u0131l tart\u0131\u015f\u0131lmas\u0131n, T\u00fcrkiye Cumhuriyeti\u2019nde ilk kez bir Donanma Komutan\u0131 istifa ediyordu. <\/p>\n","protected":false},"excerpt":{"rendered":"<p>29 Ocak 2013 g\u00fcn\u00fc T\u00fcrkiye\u2019de herkesi \u015fa\u015f\u0131rtan bir olay oldu. Donanma Komutan\u0131 Oramiral Nusret G\u00fcner silah arkada\u015flar\u0131n\u0131n hukuksuzca tutuklanmas\u0131na daha fazla seyirci kalmamak i\u00e7in istifa etmi\u015fti.<span class=\"excerpt-hellip\"> [\u2026]<\/span><\/p>\n","protected":false},"featured_media":0,"template":"","meta":{"_monsterinsights_skip_tracking":false,"_monsterinsights_sitenote_active":false,"_monsterinsights_sitenote_note":"","_monsterinsights_sitenote_category":0},"product_brand":[],"product_cat":[14009,12291],"product_tag":[],"class_list":{"0":"post-699916","1":"product","2":"type-product","3":"status-publish","5":"product_cat-biyografi-otobiyografi-edebiyat","6":"product_cat-edebiyat","7":"pa_tur-kitap","8":"pa_yayinevi-kirmizi-kedi-yayinevi","9":"pa_yazar-toygun-atilla","11":"first","12":"instock","13":"sale","14":"shipping-taxable","15":"purchasable","16":"product-type-simple"},"_links":{"self":[{"href":"https:\/\/roveyayinevi.com.tr\/index.php\/wp-json\/wp\/v2\/product\/699916","targetHints":{"allow":["GET"]}}],"collection":[{"href":"https:\/\/roveyayinevi.com.tr\/index.php\/wp-json\/wp\/v2\/product"}],"about":[{"href":"https:\/\/roveyayinevi.com.tr\/index.php\/wp-json\/wp\/v2\/types\/product"}],"wp:attachment":[{"href":"https:\/\/roveyayinevi.com.tr\/index.php\/wp-json\/wp\/v2\/media?parent=699916"}],"wp:term":[{"taxonomy":"product_brand","embeddable":true,"href":"https:\/\/roveyayinevi.com.tr\/index.php\/wp-json\/wp\/v2\/product_brand?post=699916"},{"taxonomy":"product_cat","embeddable":true,"href":"https:\/\/roveyayinevi.com.tr\/index.php\/wp-json\/wp\/v2\/product_cat?post=699916"},{"taxonomy":"product_tag","embeddable":true,"href":"https:\/\/roveyayinevi.com.tr\/index.php\/wp-json\/wp\/v2\/product_tag?post=699916"}],"curies":[{"name":"wp","href":"https:\/\/api.w.org\/{rel}","templated":true}]}}