{"id":699915,"date":"2025-08-27T14:54:48","date_gmt":"2025-08-27T11:54:48","guid":{"rendered":"https:\/\/roveyayinevi.com.tr\/index.php\/urun\/doktor-jivago\/"},"modified":"2026-04-16T02:09:27","modified_gmt":"2026-04-15T23:09:27","slug":"doktor-jivago","status":"publish","type":"product","link":"https:\/\/roveyayinevi.com.tr\/index.php\/urun\/doktor-jivago\/","title":{"rendered":"Doktor Jivago"},"content":{"rendered":"<p>\u00dclkemizde romanc\u0131 olarak tan\u0131nan ama Rus edebiyat\u0131n\u0131n b\u00fcy\u00fck \u015fairi olan Boris Pasternak\u2019\u0131n tek roman\u0131: Doktor Jivago. 1956\u2019da Sovyetler Birli\u011fi taraf\u0131ndan yay\u0131mlanmas\u0131 uygun g\u00f6r\u00fclmeyen, 1957\u2019de gizlice ka\u00e7\u0131r\u0131ld\u0131\u011f\u0131 \u0130talya\u2019da ilk kez yay\u0131mlanan ve Pasternak\u2019a 1958 Nobel Edebiyat \u00d6d\u00fcl\u00fc\u2019n\u00fc kazand\u0131ran kitap, T\u00fcrk\u00e7eye elli y\u0131l\u0131 a\u015fk\u0131n bir s\u00fcre sonra, ilk kez eksiksiz bir bi\u00e7imde ve do\u011frudan Rus\u00e7adan \u00e7evrildi. Jivago\u2019nun yazd\u0131\u011f\u0131 \u015fiirlerden olu\u015fan ek b\u00f6l\u00fcmle birlikte\u2026     \u00d6n\u00fcne katt\u0131\u011f\u0131 herkesi s\u00fcr\u00fckleyen b\u00fcy\u00fck bir ihtilalin ve \u00f6l\u00fcms\u00fcz bir a\u015fk\u0131n roman\u0131 olan Doktor Jivago, Rus epik roman\u0131 gelene\u011fine 20. y\u00fczy\u0131lda eklenmi\u015f en \u00f6nemli halkalardan biri.     \u0130nan\u0131yorum ki Doktor Jivago insano\u011flunun edebi ve ahlaki tarihindeki b\u00fcy\u00fck olaylardan biri olarak kalacakt\u0131r. Edmund Wilson     20. y\u00fczy\u0131l\u0131n ortas\u0131nda, 19. y\u00fczy\u0131l\u0131n b\u00fcy\u00fck Rus roman\u0131, Kral Hamlet\u2019in hayaleti gibi geri d\u00f6n\u00fcp bizi ziyaret ediyor. Boris Pasternak\u2019\u0131n Doktor Jivago\u2019sunun bizde uyand\u0131rd\u0131\u011f\u0131 duygu i\u015fte bu. Italo Calvino <\/p>\n","protected":false},"excerpt":{"rendered":"<p>\u00dclkemizde romanc\u0131 olarak tan\u0131nan ama Rus edebiyat\u0131n\u0131n b\u00fcy\u00fck \u015fairi olan Boris Pasternak\u2019\u0131n tek roman\u0131: Doktor Jivago. 1956\u2019da Sovyetler Birli\u011fi taraf\u0131ndan yay\u0131mlanmas\u0131 uygun g\u00f6r\u00fclmeyen, 1957\u2019de gizlice ka\u00e7\u0131r\u0131ld\u0131\u011f\u0131<span class=\"excerpt-hellip\"> [\u2026]<\/span><\/p>\n","protected":false},"featured_media":0,"template":"","meta":{"_monsterinsights_skip_tracking":false,"_monsterinsights_sitenote_active":false,"_monsterinsights_sitenote_note":"","_monsterinsights_sitenote_category":0},"product_brand":[],"product_cat":[13661,12291],"product_tag":[],"class_list":{"0":"post-699915","1":"product","2":"type-product","3":"status-publish","5":"product_cat-diger-ulke-edebiyatlari","6":"product_cat-edebiyat","7":"pa_cilt-ciltsiz","8":"pa_tur-kitap","9":"pa_yayinevi-yapi-kredi-yayinlari","10":"pa_yazar-boris-pasternak","12":"first","13":"instock","14":"sale","15":"shipping-taxable","16":"purchasable","17":"product-type-simple"},"_links":{"self":[{"href":"https:\/\/roveyayinevi.com.tr\/index.php\/wp-json\/wp\/v2\/product\/699915","targetHints":{"allow":["GET"]}}],"collection":[{"href":"https:\/\/roveyayinevi.com.tr\/index.php\/wp-json\/wp\/v2\/product"}],"about":[{"href":"https:\/\/roveyayinevi.com.tr\/index.php\/wp-json\/wp\/v2\/types\/product"}],"wp:attachment":[{"href":"https:\/\/roveyayinevi.com.tr\/index.php\/wp-json\/wp\/v2\/media?parent=699915"}],"wp:term":[{"taxonomy":"product_brand","embeddable":true,"href":"https:\/\/roveyayinevi.com.tr\/index.php\/wp-json\/wp\/v2\/product_brand?post=699915"},{"taxonomy":"product_cat","embeddable":true,"href":"https:\/\/roveyayinevi.com.tr\/index.php\/wp-json\/wp\/v2\/product_cat?post=699915"},{"taxonomy":"product_tag","embeddable":true,"href":"https:\/\/roveyayinevi.com.tr\/index.php\/wp-json\/wp\/v2\/product_tag?post=699915"}],"curies":[{"name":"wp","href":"https:\/\/api.w.org\/{rel}","templated":true}]}}