{"id":699912,"date":"2025-08-27T14:54:47","date_gmt":"2025-08-27T11:54:47","guid":{"rendered":"https:\/\/roveyayinevi.com.tr\/index.php\/urun\/trakyanin-anadolunun-tarihi-cografya-bolgeleri-ve\/"},"modified":"2026-04-16T02:09:27","modified_gmt":"2026-04-15T23:09:27","slug":"trakyanin-anadolunun-tarihi-cografya-bolgeleri-ve","status":"publish","type":"product","link":"https:\/\/roveyayinevi.com.tr\/index.php\/urun\/trakyanin-anadolunun-tarihi-cografya-bolgeleri-ve\/","title":{"rendered":"Trakyan\u0131n Anadolunun Tarihi Co\u011frafya B\u00f6lgeleri Ve"},"content":{"rendered":"<p>Trakya&#8217;n\u0131n, Anadolu&#8217;nun Tarihi Co\u011frafya B\u00f6lgeleri ve Antik Kentleri \u00f6zellikle E\u011fitim fak\u00fcltelerinin \u00f6\u011frencileri i\u00e7in haz\u0131rlanm\u0131\u015ft\u0131r. S\u0131n\u0131f \u00f6\u011fretmenli\u011fi, sosyal bilgiler \u00f6\u011fretmenli\u011fi, co\u011frafya anabilim dallar\u0131nda ders g\u00f6ren \u00f6\u011fretmen adaylar\u0131n\u0131n Trakya&#8217;n\u0131n ve Anadolu&#8217;nun eski k\u00fclt\u00fcrleri, uygarl\u0131klar\u0131 hakk\u0131nda bilgi sahibi olmalar\u0131 gerekir. Zaten, uygarl\u0131k tarihi adl\u0131 bir ders de programda vard\u0131r. GD Asya&#8217;n\u0131n bir yar\u0131madas\u0131 olan Trakya ile GB Asya&#8217;n\u0131n bir yar\u0131madas\u0131 olan Anadolu, binlerce y\u0131l\u0131n k\u00fclt\u00fcrel birikiminin sahibidir. Bu topraklar \u00fczerinde ya\u015fayan herkesin Antik d\u00f6nem tarihi co\u011frafya bilgilerine sahip olmas\u0131 gerekir. \u00d6\u011fretmen, \u00e7ift\u00e7i, i\u015f\u00e7i, k\u00fclt\u00fcr insan\u0131, m\u00fczeci, kitapl\u0131k g\u00f6revlisi. Ayd\u0131n oldu\u011funu ileri s\u00fcren \u00e7a\u011fda\u015f insan\u0131n Trakya&#8217;y\u0131, Anadolu&#8217;yu ana \u00e7izgileriyle tan\u0131mas\u0131 zorunludur. B\u00fct\u00fcn k\u00fclt\u00fcr olaylar\u0131 co\u011frafi mekanlarda ortaya \u00e7\u0131kar. Tarihi co\u011frafyan\u0131n \u00f6z\u00fc de budur. Eski D\u00fcnya&#8217;n\u0131n kav\u015fak yerinde bulunan \u00fclkemiz, tarihi co\u011frafya a\u00e7\u0131s\u0131ndan d\u00fcnyan\u0131n en dikkate de\u011fer \u00fclkesidir. Kitab\u0131m\u0131z\u0131n yararl\u0131 olaca\u011f\u0131na, bir gereksinmeye yan\u0131t verece\u011fine inan\u0131yoruz. <\/p>\n","protected":false},"excerpt":{"rendered":"<p>Trakya&#8217;n\u0131n, Anadolu&#8217;nun Tarihi Co\u011frafya B\u00f6lgeleri ve Antik Kentleri \u00f6zellikle E\u011fitim fak\u00fcltelerinin \u00f6\u011frencileri i\u00e7in haz\u0131rlanm\u0131\u015ft\u0131r. S\u0131n\u0131f \u00f6\u011fretmenli\u011fi, sosyal bilgiler \u00f6\u011fretmenli\u011fi, co\u011frafya anabilim dallar\u0131nda ders g\u00f6ren \u00f6\u011fretmen adaylar\u0131n\u0131n<span class=\"excerpt-hellip\"> [\u2026]<\/span><\/p>\n","protected":false},"featured_media":0,"template":"","meta":{"_monsterinsights_skip_tracking":false,"_monsterinsights_sitenote_active":false,"_monsterinsights_sitenote_note":"","_monsterinsights_sitenote_category":0},"product_brand":[],"product_cat":[12304,13650],"product_tag":[],"class_list":{"0":"post-699912","1":"product","2":"type-product","3":"status-publish","5":"product_cat-tarih","6":"product_cat-turk-tarihi-arastirmalari","7":"pa_cilt-ciltsiz","8":"pa_tur-kitap","9":"pa_yayinevi-edge-akademi","10":"pa_yazar-emrullah-guney","12":"first","13":"instock","14":"sale","15":"shipping-taxable","16":"purchasable","17":"product-type-simple"},"_links":{"self":[{"href":"https:\/\/roveyayinevi.com.tr\/index.php\/wp-json\/wp\/v2\/product\/699912","targetHints":{"allow":["GET"]}}],"collection":[{"href":"https:\/\/roveyayinevi.com.tr\/index.php\/wp-json\/wp\/v2\/product"}],"about":[{"href":"https:\/\/roveyayinevi.com.tr\/index.php\/wp-json\/wp\/v2\/types\/product"}],"wp:attachment":[{"href":"https:\/\/roveyayinevi.com.tr\/index.php\/wp-json\/wp\/v2\/media?parent=699912"}],"wp:term":[{"taxonomy":"product_brand","embeddable":true,"href":"https:\/\/roveyayinevi.com.tr\/index.php\/wp-json\/wp\/v2\/product_brand?post=699912"},{"taxonomy":"product_cat","embeddable":true,"href":"https:\/\/roveyayinevi.com.tr\/index.php\/wp-json\/wp\/v2\/product_cat?post=699912"},{"taxonomy":"product_tag","embeddable":true,"href":"https:\/\/roveyayinevi.com.tr\/index.php\/wp-json\/wp\/v2\/product_tag?post=699912"}],"curies":[{"name":"wp","href":"https:\/\/api.w.org\/{rel}","templated":true}]}}