{"id":699909,"date":"2025-08-27T14:54:47","date_gmt":"2025-08-27T11:54:47","guid":{"rendered":"https:\/\/roveyayinevi.com.tr\/index.php\/urun\/maziye-bir-bakiver\/"},"modified":"2026-04-16T02:09:27","modified_gmt":"2026-04-15T23:09:27","slug":"maziye-bir-bakiver","status":"publish","type":"product","link":"https:\/\/roveyayinevi.com.tr\/index.php\/urun\/maziye-bir-bakiver\/","title":{"rendered":"Maziye Bir Bak\u0131ver"},"content":{"rendered":"<p>K\u00fclt\u00fcr tarih\u00e7ilerimizden Dursun G\u00fcrlek, Maziye Bir Bak\u0131ver diyerek, ge\u00e7mi\u015f zaman ba\u011flar\u0131ndan ve bah\u00e7elerinden zengin bir demet sunuyor.Dersa\u00e2det\u2019in cumbal\u0131 evlerinde, eski \u0130stanbul han\u0131mlar\u0131n\u0131n yapt\u0131klar\u0131 pencere sohbetleri ni, ah\u015fap evlerin cephelerinde yer alan Ya Haf\u0131z! levhalar\u0131n\u0131n ne anlama geldi\u011fini, bir zamanlar Ayasofya\u2019n\u0131n etraf\u0131n\u0131 saran farelerin nas\u0131l \u00fcrk\u00fct\u00fcld\u00fc\u011f\u00fcn\u00fc, Sultan \u0130kinci Abd\u00fclhamid\u2019in Beylerbeyi Saray\u0131\u2019nda Enver Pa\u015fa\u2019ya s\u00f6yledi\u011fi ibret\u00e2miz s\u00f6zleri, Fatih\u2019teki \u015eekerci Hn\u0131\u2019n\u0131 mesken hale getiren \u015feker insanlar\u0131n; \u015fairlerin, yazarlar\u0131n hallerini, Galata Mevlev\u00eehanesi\u2019nde icra edilen sema t\u00f6renlerini ve hat\u0131ralarda kalmas\u0131 gereken daha pek \u00e7ok tabloyu g\u00f6zlerinizin \u00f6n\u00fcne seriyor. <\/p>\n","protected":false},"excerpt":{"rendered":"<p>K\u00fclt\u00fcr tarih\u00e7ilerimizden Dursun G\u00fcrlek, Maziye Bir Bak\u0131ver diyerek, ge\u00e7mi\u015f zaman ba\u011flar\u0131ndan ve bah\u00e7elerinden zengin bir demet sunuyor.Dersa\u00e2det\u2019in cumbal\u0131 evlerinde, eski \u0130stanbul han\u0131mlar\u0131n\u0131n yapt\u0131klar\u0131 pencere sohbetleri ni,<span class=\"excerpt-hellip\"> [\u2026]<\/span><\/p>\n","protected":false},"featured_media":0,"template":"","meta":{"_monsterinsights_skip_tracking":false,"_monsterinsights_sitenote_active":false,"_monsterinsights_sitenote_note":"","_monsterinsights_sitenote_category":0},"product_brand":[],"product_cat":[12312,12304],"product_tag":[],"class_list":{"0":"post-699909","1":"product","2":"type-product","3":"status-publish","5":"product_cat-diger","6":"product_cat-tarih","7":"pa_cilt-ciltsiz","8":"pa_tur-kitap","9":"pa_yayinevi-timas-yayinlari","10":"pa_yazar-dursun-gurlek","12":"first","13":"instock","14":"sale","15":"shipping-taxable","16":"purchasable","17":"product-type-simple"},"_links":{"self":[{"href":"https:\/\/roveyayinevi.com.tr\/index.php\/wp-json\/wp\/v2\/product\/699909","targetHints":{"allow":["GET"]}}],"collection":[{"href":"https:\/\/roveyayinevi.com.tr\/index.php\/wp-json\/wp\/v2\/product"}],"about":[{"href":"https:\/\/roveyayinevi.com.tr\/index.php\/wp-json\/wp\/v2\/types\/product"}],"wp:attachment":[{"href":"https:\/\/roveyayinevi.com.tr\/index.php\/wp-json\/wp\/v2\/media?parent=699909"}],"wp:term":[{"taxonomy":"product_brand","embeddable":true,"href":"https:\/\/roveyayinevi.com.tr\/index.php\/wp-json\/wp\/v2\/product_brand?post=699909"},{"taxonomy":"product_cat","embeddable":true,"href":"https:\/\/roveyayinevi.com.tr\/index.php\/wp-json\/wp\/v2\/product_cat?post=699909"},{"taxonomy":"product_tag","embeddable":true,"href":"https:\/\/roveyayinevi.com.tr\/index.php\/wp-json\/wp\/v2\/product_tag?post=699909"}],"curies":[{"name":"wp","href":"https:\/\/api.w.org\/{rel}","templated":true}]}}