{"id":699908,"date":"2025-08-27T14:54:46","date_gmt":"2025-08-27T11:54:46","guid":{"rendered":"https:\/\/roveyayinevi.com.tr\/index.php\/urun\/haz-ilkesinin-otesinde-ben-ve-id\/"},"modified":"2026-04-16T02:09:27","modified_gmt":"2026-04-15T23:09:27","slug":"haz-ilkesinin-otesinde-ben-ve-id","status":"publish","type":"product","link":"https:\/\/roveyayinevi.com.tr\/index.php\/urun\/haz-ilkesinin-otesinde-ben-ve-id\/","title":{"rendered":"Haz \u0130lkesinin \u00d6tesinde- Ben ve \u0130d"},"content":{"rendered":"<p>Freud&#8217;un bir arada yay\u0131mlad\u0131\u011f\u0131m\u0131z bu iki makalesi, d\u00fc\u015f\u00fcnsel geli\u015fiminde d\u00f6n\u00fcm noktalar\u0131na i\u015faret eden, birbirleriyle yak\u0131ndan ba\u011flant\u0131l\u0131 ve tarihsel \u00f6nemi olan metinlerdir. Haz \u0130lkesinin \u00d6tesinde, psikanalitik d\u00fcrt\u00fc kuram\u0131nda bir d\u00f6n\u00fc\u015f\u00fcme i\u015faret eder ve insan sald\u0131rganl\u0131\u011f\u0131n\u0131, cinsellik kadar \u00f6nemli bir g\u00fcd\u00fclenme olarak ilk kez psikanalizin konusu haline getirir. Bu tez, psikanalizdeki temel bir farkl\u0131la\u015fman\u0131n da eksenini olu\u015fturacakt\u0131r: Melanie Klein, Otto Kernberg gibi bu teze kat\u0131lanlarla Erich Fromm, Heinz Kohut gibi kar\u015f\u0131 \u00e7\u0131kanlar aras\u0131nda \u00f6nemli tart\u0131\u015fmalar ortaya \u00e7\u0131km\u0131\u015ft\u0131r. &#8220;\u00d6tekini Dinlemek&#8221; dizisinde de temel metinlerine yer verdi\u011fimiz bu farkl\u0131 g\u00f6r\u00fc\u015fler, psikanaliz ve psikoterapi uygulamalar\u0131nda ciddi yol ayr\u0131mlar\u0131na neden olmu\u015ftur. Ben ve \u0130d ise, Yap\u0131sal Teori&#8217;nin temelinin at\u0131ld\u0131\u011f\u0131 makaledir; Oidipus kompleksinin insan ki\u015fili\u011fini ve nevrotik geli\u015fimini ni\u00e7in ve nas\u0131l etkiledi\u011finin anlat\u0131ld\u0131\u011f\u0131 en \u00f6nemli metinlerden biri olma \u00f6zelli\u011fini de ta\u015f\u0131r. \ufffcTan\u0131t\u0131m Metni<\/p>\n","protected":false},"excerpt":{"rendered":"<p>Freud&#8217;un bir arada yay\u0131mlad\u0131\u011f\u0131m\u0131z bu iki makalesi, d\u00fc\u015f\u00fcnsel geli\u015fiminde d\u00f6n\u00fcm noktalar\u0131na i\u015faret eden, birbirleriyle yak\u0131ndan ba\u011flant\u0131l\u0131 ve tarihsel \u00f6nemi olan metinlerdir. Haz \u0130lkesinin \u00d6tesinde, psikanalitik d\u00fcrt\u00fc<span class=\"excerpt-hellip\"> [\u2026]<\/span><\/p>\n","protected":false},"featured_media":0,"template":"","meta":{"_monsterinsights_skip_tracking":false,"_monsterinsights_sitenote_active":false,"_monsterinsights_sitenote_note":"","_monsterinsights_sitenote_category":0},"product_brand":[],"product_cat":[12312,12304],"product_tag":[],"class_list":{"0":"post-699908","1":"product","2":"type-product","3":"status-publish","5":"product_cat-diger","6":"product_cat-tarih","7":"pa_cilt-ciltsiz","8":"pa_tur-kitap","9":"pa_yayinevi-metis-yayinlari","10":"pa_yazar-sigmund-freud","12":"first","13":"instock","14":"sale","15":"shipping-taxable","16":"purchasable","17":"product-type-simple"},"_links":{"self":[{"href":"https:\/\/roveyayinevi.com.tr\/index.php\/wp-json\/wp\/v2\/product\/699908","targetHints":{"allow":["GET"]}}],"collection":[{"href":"https:\/\/roveyayinevi.com.tr\/index.php\/wp-json\/wp\/v2\/product"}],"about":[{"href":"https:\/\/roveyayinevi.com.tr\/index.php\/wp-json\/wp\/v2\/types\/product"}],"wp:attachment":[{"href":"https:\/\/roveyayinevi.com.tr\/index.php\/wp-json\/wp\/v2\/media?parent=699908"}],"wp:term":[{"taxonomy":"product_brand","embeddable":true,"href":"https:\/\/roveyayinevi.com.tr\/index.php\/wp-json\/wp\/v2\/product_brand?post=699908"},{"taxonomy":"product_cat","embeddable":true,"href":"https:\/\/roveyayinevi.com.tr\/index.php\/wp-json\/wp\/v2\/product_cat?post=699908"},{"taxonomy":"product_tag","embeddable":true,"href":"https:\/\/roveyayinevi.com.tr\/index.php\/wp-json\/wp\/v2\/product_tag?post=699908"}],"curies":[{"name":"wp","href":"https:\/\/api.w.org\/{rel}","templated":true}]}}