{"id":699907,"date":"2025-08-27T14:54:46","date_gmt":"2025-08-27T11:54:46","guid":{"rendered":"https:\/\/roveyayinevi.com.tr\/index.php\/urun\/beyaz-kale\/"},"modified":"2026-04-16T02:09:27","modified_gmt":"2026-04-15T23:09:27","slug":"beyaz-kale","status":"publish","type":"product","link":"https:\/\/roveyayinevi.com.tr\/index.php\/urun\/beyaz-kale\/","title":{"rendered":"Beyaz Kale"},"content":{"rendered":"<p>17. y\u00fczy\u0131lda T\u00fcrk korsanlar\u0131nca tutsak edilen bir Venedikli, \u0130stanbul&#8217;a getirilir. Astronomiden, fizikten ve resimden anlad\u0131\u011f\u0131na inanan bu k\u00f6le, ayn\u0131 ilgileri payla\u015fan bir T\u00fcrk taraf\u0131ndan sat\u0131n al\u0131n\u0131r. Garip bir benzerlik vard\u0131r bu iki insan aras\u0131nda. K\u00f6le sahibi, k\u00f6lesinden, Venedik&#8217;i ve Bat\u0131 bilimini \u00f6\u011frenmek ister. Bu iki ki\u015fi, efendi ile k\u00f6le, birbirlerini tan\u0131mak, anlamak ve anlatmak i\u00e7in, Hali\u00e7&#8217;e bakan karanl\u0131k ve bo\u015f bir evde, ayn\u0131 masan\u0131n iki ucuna oturur, konu\u015furlar. Hik\u00e2yeleri ve ser\u00fcvenleri, onlar\u0131 veba salg\u0131n\u0131n\u0131n kol gezdi\u011fi \u0130stanbul sokaklar\u0131na, \u00c7ocuk Sultan&#8217;\u0131n d\u00fc\u015fsel bah\u00e7elerine ve hayvanlar\u0131na, inan\u0131lmaz bir silah\u0131n yap\u0131m\u0131na, Ben neden benim? sorusuna g\u00f6t\u00fcrecektir. Hik\u00e2yelerin g\u00fcnden geceye do\u011fru ilerlemesiyle, g\u00f6lgeler yava\u015f yava\u015f yer de\u011fi\u015ftirir. <\/p>\n","protected":false},"excerpt":{"rendered":"<p>17. y\u00fczy\u0131lda T\u00fcrk korsanlar\u0131nca tutsak edilen bir Venedikli, \u0130stanbul&#8217;a getirilir. Astronomiden, fizikten ve resimden anlad\u0131\u011f\u0131na inanan bu k\u00f6le, ayn\u0131 ilgileri payla\u015fan bir T\u00fcrk taraf\u0131ndan sat\u0131n al\u0131n\u0131r.<span class=\"excerpt-hellip\"> [\u2026]<\/span><\/p>\n","protected":false},"featured_media":0,"template":"","meta":{"_monsterinsights_skip_tracking":false,"_monsterinsights_sitenote_active":false,"_monsterinsights_sitenote_note":"","_monsterinsights_sitenote_category":0},"product_brand":[],"product_cat":[12291,12292],"product_tag":[],"class_list":{"0":"post-699907","1":"product","2":"type-product","3":"status-publish","5":"product_cat-edebiyat","6":"product_cat-turk-edebiyati","7":"pa_cilt-ciltsiz","8":"pa_tur-kitap","9":"pa_yayinevi-yapi-kredi-yayinlari","10":"pa_yazar-orhan-pamuk","12":"first","13":"instock","14":"sale","15":"shipping-taxable","16":"purchasable","17":"product-type-simple"},"_links":{"self":[{"href":"https:\/\/roveyayinevi.com.tr\/index.php\/wp-json\/wp\/v2\/product\/699907","targetHints":{"allow":["GET"]}}],"collection":[{"href":"https:\/\/roveyayinevi.com.tr\/index.php\/wp-json\/wp\/v2\/product"}],"about":[{"href":"https:\/\/roveyayinevi.com.tr\/index.php\/wp-json\/wp\/v2\/types\/product"}],"wp:attachment":[{"href":"https:\/\/roveyayinevi.com.tr\/index.php\/wp-json\/wp\/v2\/media?parent=699907"}],"wp:term":[{"taxonomy":"product_brand","embeddable":true,"href":"https:\/\/roveyayinevi.com.tr\/index.php\/wp-json\/wp\/v2\/product_brand?post=699907"},{"taxonomy":"product_cat","embeddable":true,"href":"https:\/\/roveyayinevi.com.tr\/index.php\/wp-json\/wp\/v2\/product_cat?post=699907"},{"taxonomy":"product_tag","embeddable":true,"href":"https:\/\/roveyayinevi.com.tr\/index.php\/wp-json\/wp\/v2\/product_tag?post=699907"}],"curies":[{"name":"wp","href":"https:\/\/api.w.org\/{rel}","templated":true}]}}