{"id":699899,"date":"2025-08-27T14:54:44","date_gmt":"2025-08-27T11:54:44","guid":{"rendered":"https:\/\/roveyayinevi.com.tr\/index.php\/urun\/turgut-reis\/"},"modified":"2026-04-16T02:09:27","modified_gmt":"2026-04-15T23:09:27","slug":"turgut-reis","status":"publish","type":"product","link":"https:\/\/roveyayinevi.com.tr\/index.php\/urun\/turgut-reis\/","title":{"rendered":"Turgut Reis"},"content":{"rendered":"<p>&#8220;Kaptan Dragut geliyor!&#8221;Tehdidi afak\u0131 tutarken, Trablusgarp fatihi Turgut Reis leventleriyle Akdeniz sular\u0131na korku sal\u0131yordu. Reisin nice kahramanl\u0131klar\u0131n\u0131n anlat\u0131ld\u0131\u011f\u0131 bu hik\u00e2yede, esaretten y\u0131llarca hi\u00e7 dinmeyen bir a\u015fka, Muhte\u015fem S\u00fcleyman&#8217;\u0131n damad\u0131 R\u00fcstem Pa\u015fa&#8217;n\u0131n \u00e7evirdi\u011fi t\u00fcrl\u00fc entrikalardan kahramanl\u0131klarla s\u00fcsl\u00fc deniz cengine kadar Turgut Reis&#8217;in ya\u015fam\u0131 Feridun Faz\u0131l T\u00fclbent\u00e7i&#8217;nin s\u00fcr\u00fckleyici anlat\u0131m\u0131yla okuyucularla bulu\u015fuyor.Deniz muharebelerinde g\u00f6sterdi\u011fi ba\u015far\u0131larla Osmanl\u0131 Devleti&#8217;nin hizmetine giren Turgut Reis&#8217;in inan\u0131lmaz hik\u00e2yesine tan\u0131k olacaks\u0131n\u0131z&#8230; <\/p>\n","protected":false},"excerpt":{"rendered":"<p>&#8220;Kaptan Dragut geliyor!&#8221;Tehdidi afak\u0131 tutarken, Trablusgarp fatihi Turgut Reis leventleriyle Akdeniz sular\u0131na korku sal\u0131yordu. Reisin nice kahramanl\u0131klar\u0131n\u0131n anlat\u0131ld\u0131\u011f\u0131 bu hik\u00e2yede, esaretten y\u0131llarca hi\u00e7 dinmeyen bir a\u015fka,<span class=\"excerpt-hellip\"> [\u2026]<\/span><\/p>\n","protected":false},"featured_media":0,"template":"","meta":{"_monsterinsights_skip_tracking":false,"_monsterinsights_sitenote_active":false,"_monsterinsights_sitenote_note":"","_monsterinsights_sitenote_category":0},"product_brand":[],"product_cat":[12291,12745],"product_tag":[],"class_list":{"0":"post-699899","1":"product","2":"type-product","3":"status-publish","5":"product_cat-edebiyat","6":"product_cat-tarihi-roman","7":"pa_cilt-ciltsiz","8":"pa_tur-kitap","9":"pa_yayinevi-inkilap-kitabevi","10":"pa_yazar-feridun-fazil-tulbentci","12":"first","13":"instock","14":"sale","15":"shipping-taxable","16":"purchasable","17":"product-type-simple"},"_links":{"self":[{"href":"https:\/\/roveyayinevi.com.tr\/index.php\/wp-json\/wp\/v2\/product\/699899","targetHints":{"allow":["GET"]}}],"collection":[{"href":"https:\/\/roveyayinevi.com.tr\/index.php\/wp-json\/wp\/v2\/product"}],"about":[{"href":"https:\/\/roveyayinevi.com.tr\/index.php\/wp-json\/wp\/v2\/types\/product"}],"wp:attachment":[{"href":"https:\/\/roveyayinevi.com.tr\/index.php\/wp-json\/wp\/v2\/media?parent=699899"}],"wp:term":[{"taxonomy":"product_brand","embeddable":true,"href":"https:\/\/roveyayinevi.com.tr\/index.php\/wp-json\/wp\/v2\/product_brand?post=699899"},{"taxonomy":"product_cat","embeddable":true,"href":"https:\/\/roveyayinevi.com.tr\/index.php\/wp-json\/wp\/v2\/product_cat?post=699899"},{"taxonomy":"product_tag","embeddable":true,"href":"https:\/\/roveyayinevi.com.tr\/index.php\/wp-json\/wp\/v2\/product_tag?post=699899"}],"curies":[{"name":"wp","href":"https:\/\/api.w.org\/{rel}","templated":true}]}}