{"id":699898,"date":"2025-08-27T14:54:43","date_gmt":"2025-08-27T11:54:43","guid":{"rendered":"https:\/\/roveyayinevi.com.tr\/index.php\/urun\/av\/"},"modified":"2026-04-16T02:09:27","modified_gmt":"2026-04-15T23:09:27","slug":"av","status":"publish","type":"product","link":"https:\/\/roveyayinevi.com.tr\/index.php\/urun\/av\/","title":{"rendered":"Av"},"content":{"rendered":"<p>Moda dergisi edit\u00f6r\u00fc, g\u00f6z kama\u015ft\u0131r\u0131c\u0131 Janis Parker, Notting Hill\u2019deki apartman dairesinde \u00f6l\u00fc bulunur. Kom\u015fular\u0131n, daireden gelen k\u00f6t\u00fc kokular y\u00fcz\u00fcnden polise haber vermesiyle bulunan ceset yakla\u015f\u0131k sekiz g\u00fcnl\u00fckt\u00fcr. V\u00fccudunda elliden fazla kesik olan gen\u00e7 kad\u0131n vah\u015fi bir cinayete kurban gitmi\u015ftir. Ev arkada\u015f\u0131 Stephanie de ortalarda yoktur. Olay\u0131 ara\u015ft\u0131rmakla g\u00f6revlendirilen Dedektif Stella Mooney\u2019nin \u015f\u00fcpheli listesindeki ilk isim Stephanie\u2019nin erkek arkada\u015f\u0131, Janis\u2019in gizli \u00e2\u015f\u0131\u011f\u0131 olan Mark Ross\u2019tur. Ama \u00e7ok ge\u00e7meden bir ceset daha bulunur. V\u00fccudunda elli kesik vard\u0131r. Bunlar\u0131n rastgele i\u015flenen cinayetler olmad\u0131\u011f\u0131 a\u00e7\u0131kt\u0131r. G\u00f6z\u00fc d\u00f6nm\u00fc\u015f bir avc\u0131 Londra sokaklar\u0131nda.avlanmaktad\u0131r.  Ba\u011f\u0131ml\u0131l\u0131k yaratan bir hikaye.  -Publishers Weekly-  E\u015fsiz&#8230; Lawrence zarif, usta i\u015fi hik\u00e2yecili\u011fi ve karma\u015f\u0131k karakterleriyle y\u00fckselen bir y\u0131ld\u0131z.  -Kirkus Reviews- <\/p>\n","protected":false},"excerpt":{"rendered":"<p>Moda dergisi edit\u00f6r\u00fc, g\u00f6z kama\u015ft\u0131r\u0131c\u0131 Janis Parker, Notting Hill\u2019deki apartman dairesinde \u00f6l\u00fc bulunur. Kom\u015fular\u0131n, daireden gelen k\u00f6t\u00fc kokular y\u00fcz\u00fcnden polise haber vermesiyle bulunan ceset yakla\u015f\u0131k sekiz<span class=\"excerpt-hellip\"> [\u2026]<\/span><\/p>\n","protected":false},"featured_media":0,"template":"","meta":{"_monsterinsights_skip_tracking":false,"_monsterinsights_sitenote_active":false,"_monsterinsights_sitenote_note":"","_monsterinsights_sitenote_category":0},"product_brand":[],"product_cat":[12291,12711],"product_tag":[],"class_list":{"0":"post-699898","1":"product","2":"type-product","3":"status-publish","5":"product_cat-edebiyat","6":"product_cat-roman-oyku","7":"pa_tur-kitap","8":"pa_yayinevi-bilge-kultur-sanat","9":"pa_yazar-david-herbert-lawrence","11":"first","12":"instock","13":"sale","14":"shipping-taxable","15":"purchasable","16":"product-type-simple"},"_links":{"self":[{"href":"https:\/\/roveyayinevi.com.tr\/index.php\/wp-json\/wp\/v2\/product\/699898","targetHints":{"allow":["GET"]}}],"collection":[{"href":"https:\/\/roveyayinevi.com.tr\/index.php\/wp-json\/wp\/v2\/product"}],"about":[{"href":"https:\/\/roveyayinevi.com.tr\/index.php\/wp-json\/wp\/v2\/types\/product"}],"wp:attachment":[{"href":"https:\/\/roveyayinevi.com.tr\/index.php\/wp-json\/wp\/v2\/media?parent=699898"}],"wp:term":[{"taxonomy":"product_brand","embeddable":true,"href":"https:\/\/roveyayinevi.com.tr\/index.php\/wp-json\/wp\/v2\/product_brand?post=699898"},{"taxonomy":"product_cat","embeddable":true,"href":"https:\/\/roveyayinevi.com.tr\/index.php\/wp-json\/wp\/v2\/product_cat?post=699898"},{"taxonomy":"product_tag","embeddable":true,"href":"https:\/\/roveyayinevi.com.tr\/index.php\/wp-json\/wp\/v2\/product_tag?post=699898"}],"curies":[{"name":"wp","href":"https:\/\/api.w.org\/{rel}","templated":true}]}}