{"id":699897,"date":"2025-08-27T14:54:43","date_gmt":"2025-08-27T11:54:43","guid":{"rendered":"https:\/\/roveyayinevi.com.tr\/index.php\/urun\/tum-yazilari-konusmalari-2\/"},"modified":"2026-04-16T02:09:27","modified_gmt":"2026-04-15T23:09:27","slug":"tum-yazilari-konusmalari-2","status":"publish","type":"product","link":"https:\/\/roveyayinevi.com.tr\/index.php\/urun\/tum-yazilari-konusmalari-2\/","title":{"rendered":"T\u00fcm Yaz\u0131lar\u0131 Konu\u015fmalar\u0131 2"},"content":{"rendered":"<p>\u201cBeni niye okuyorsunuz, bunun cevab\u0131n\u0131 verin \u00f6nce. B\u00fct\u00fcn bunlar\u0131n hepsi do\u011fru. \u0130nsanlar birbirlerinin ya\u015fad\u0131klar\u0131ndan bir \u015feyler \u00f6\u011frenmek istiyorlar. Bir gen\u00e7 \u015fair vard\u0131, 24 ya\u015f\u0131nda \u00f6ld\u00fc. \u201cSa\u011f olun insan karde\u015flerim siz olmasan\u0131z nereden bilirdim, iki kere ikinin d\u00f6rt oldu\u011funu\u201d diyordu. Sanatta da b\u00f6yle, sanat\u00e7\u0131lar insanlardan bir \u015feyler \u00f6\u011freniyorlar. Bir ressam a\u011fac\u0131 a\u011fa\u00e7tan \u00f6\u011frenemez. Bir ba\u015fkas\u0131 da ressamdan \u00f6\u011frenemez.\u201d <\/p>\n","protected":false},"excerpt":{"rendered":"<p>\u201cBeni niye okuyorsunuz, bunun cevab\u0131n\u0131 verin \u00f6nce. B\u00fct\u00fcn bunlar\u0131n hepsi do\u011fru. \u0130nsanlar birbirlerinin ya\u015fad\u0131klar\u0131ndan bir \u015feyler \u00f6\u011frenmek istiyorlar. Bir gen\u00e7 \u015fair vard\u0131, 24 ya\u015f\u0131nda \u00f6ld\u00fc. \u201cSa\u011f<span class=\"excerpt-hellip\"> [\u2026]<\/span><\/p>\n","protected":false},"featured_media":0,"template":"","meta":{"_monsterinsights_skip_tracking":false,"_monsterinsights_sitenote_active":false,"_monsterinsights_sitenote_note":"","_monsterinsights_sitenote_category":0},"product_brand":[],"product_cat":[12777,12291],"product_tag":[],"class_list":{"0":"post-699897","1":"product","2":"type-product","3":"status-publish","5":"product_cat-deneme","6":"product_cat-edebiyat","7":"pa_cilt-ciltsiz","8":"pa_tur-kitap","9":"pa_yayinevi-ayrinti-yayinlari","10":"pa_yazar-vedat-turkali","12":"first","13":"instock","14":"sale","15":"shipping-taxable","16":"purchasable","17":"product-type-simple"},"_links":{"self":[{"href":"https:\/\/roveyayinevi.com.tr\/index.php\/wp-json\/wp\/v2\/product\/699897","targetHints":{"allow":["GET"]}}],"collection":[{"href":"https:\/\/roveyayinevi.com.tr\/index.php\/wp-json\/wp\/v2\/product"}],"about":[{"href":"https:\/\/roveyayinevi.com.tr\/index.php\/wp-json\/wp\/v2\/types\/product"}],"wp:attachment":[{"href":"https:\/\/roveyayinevi.com.tr\/index.php\/wp-json\/wp\/v2\/media?parent=699897"}],"wp:term":[{"taxonomy":"product_brand","embeddable":true,"href":"https:\/\/roveyayinevi.com.tr\/index.php\/wp-json\/wp\/v2\/product_brand?post=699897"},{"taxonomy":"product_cat","embeddable":true,"href":"https:\/\/roveyayinevi.com.tr\/index.php\/wp-json\/wp\/v2\/product_cat?post=699897"},{"taxonomy":"product_tag","embeddable":true,"href":"https:\/\/roveyayinevi.com.tr\/index.php\/wp-json\/wp\/v2\/product_tag?post=699897"}],"curies":[{"name":"wp","href":"https:\/\/api.w.org\/{rel}","templated":true}]}}