{"id":699896,"date":"2025-08-27T14:54:43","date_gmt":"2025-08-27T11:54:43","guid":{"rendered":"https:\/\/roveyayinevi.com.tr\/index.php\/urun\/geceleri-daireler-cizerek-yururuz\/"},"modified":"2026-04-16T02:09:27","modified_gmt":"2026-04-15T23:09:27","slug":"geceleri-daireler-cizerek-yururuz","status":"publish","type":"product","link":"https:\/\/roveyayinevi.com.tr\/index.php\/urun\/geceleri-daireler-cizerek-yururuz\/","title":{"rendered":"Geceleri Daireler \u00c7izerek Y\u00fcr\u00fcr\u00fcz"},"content":{"rendered":"<p>Diciembre adl\u0131 tiyatro kumpanyas\u0131n\u0131n son kalan iki mensubu, Henry ve Patalarga, eski ve unutulmaz bir deneyimi bir kez daha ya\u015famay\u0131 kafaya koymu\u015f; oyundaki \u00fc\u00e7\u00fcnc\u00fc karakterin rol\u00fcn\u00fc yeni mezun Nelson\u2019a vermi\u015f, Peru k\u0131rsal\u0131nda Ahmak Cumhurba\u015fkan\u0131 adl\u0131 oyunla turneye \u00e7\u0131km\u0131\u015ft\u0131r. Kitap boyunca Peru\u2019nun yak\u0131n tarihini, \u00fclkeyi peri\u015fan eden i\u00e7 sava\u015f\u0131, o sava\u015f\u0131n etkilerini, bu \u00fc\u00e7 akt\u00f6r\u00fcn \u00e7ok ilgin\u00e7 ve s\u00fcrprizlerle dolu ki\u015fisel hik\u00e2yeleri arac\u0131l\u0131\u011f\u0131yla \u00f6\u011freniriz. <\/p>\n","protected":false},"excerpt":{"rendered":"<p>Diciembre adl\u0131 tiyatro kumpanyas\u0131n\u0131n son kalan iki mensubu, Henry ve Patalarga, eski ve unutulmaz bir deneyimi bir kez daha ya\u015famay\u0131 kafaya koymu\u015f; oyundaki \u00fc\u00e7\u00fcnc\u00fc karakterin rol\u00fcn\u00fc<span class=\"excerpt-hellip\"> [\u2026]<\/span><\/p>\n","protected":false},"featured_media":0,"template":"","meta":{"_monsterinsights_skip_tracking":false,"_monsterinsights_sitenote_active":false,"_monsterinsights_sitenote_note":"","_monsterinsights_sitenote_category":0},"product_brand":[],"product_cat":[12291,12711],"product_tag":[],"class_list":{"0":"post-699896","1":"product","2":"type-product","3":"status-publish","5":"product_cat-edebiyat","6":"product_cat-roman-oyku","7":"pa_cilt-ciltsiz","8":"pa_tur-kitap","9":"pa_yayinevi-ayrinti-yayinlari","10":"pa_yazar-daniel-alarcon","12":"first","13":"instock","14":"sale","15":"shipping-taxable","16":"purchasable","17":"product-type-simple"},"_links":{"self":[{"href":"https:\/\/roveyayinevi.com.tr\/index.php\/wp-json\/wp\/v2\/product\/699896","targetHints":{"allow":["GET"]}}],"collection":[{"href":"https:\/\/roveyayinevi.com.tr\/index.php\/wp-json\/wp\/v2\/product"}],"about":[{"href":"https:\/\/roveyayinevi.com.tr\/index.php\/wp-json\/wp\/v2\/types\/product"}],"wp:attachment":[{"href":"https:\/\/roveyayinevi.com.tr\/index.php\/wp-json\/wp\/v2\/media?parent=699896"}],"wp:term":[{"taxonomy":"product_brand","embeddable":true,"href":"https:\/\/roveyayinevi.com.tr\/index.php\/wp-json\/wp\/v2\/product_brand?post=699896"},{"taxonomy":"product_cat","embeddable":true,"href":"https:\/\/roveyayinevi.com.tr\/index.php\/wp-json\/wp\/v2\/product_cat?post=699896"},{"taxonomy":"product_tag","embeddable":true,"href":"https:\/\/roveyayinevi.com.tr\/index.php\/wp-json\/wp\/v2\/product_tag?post=699896"}],"curies":[{"name":"wp","href":"https:\/\/api.w.org\/{rel}","templated":true}]}}