{"id":699894,"date":"2025-08-27T14:54:42","date_gmt":"2025-08-27T11:54:42","guid":{"rendered":"https:\/\/roveyayinevi.com.tr\/index.php\/urun\/sayuri\/"},"modified":"2026-04-16T02:09:27","modified_gmt":"2026-04-15T23:09:27","slug":"sayuri","status":"publish","type":"product","link":"https:\/\/roveyayinevi.com.tr\/index.php\/urun\/sayuri\/","title":{"rendered":"Sayuri"},"content":{"rendered":"<p>Kadim bir kehanet. Karanl\u0131k bir s\u0131r. \u0130mparatorlu\u011fun kaderini belirleyecek se\u00e7ilmi\u015f bir k\u0131z. Ve t\u00fcm engelleri a\u015fmak zorunda olan bir a\u015fk. <\/p>\n","protected":false},"excerpt":{"rendered":"<p>Kadim bir kehanet. Karanl\u0131k bir s\u0131r. \u0130mparatorlu\u011fun kaderini belirleyecek se\u00e7ilmi\u015f bir k\u0131z. Ve t\u00fcm engelleri a\u015fmak zorunda olan bir a\u015fk.<\/p>\n","protected":false},"featured_media":0,"template":"","meta":{"_monsterinsights_skip_tracking":false,"_monsterinsights_sitenote_active":false,"_monsterinsights_sitenote_note":"","_monsterinsights_sitenote_category":0},"product_brand":[],"product_cat":[12291,14777],"product_tag":[],"class_list":{"0":"post-699894","1":"product","2":"type-product","3":"status-publish","5":"product_cat-edebiyat","6":"product_cat-fantastik","7":"pa_tur-kitap","8":"pa_yayinevi-pegasus-yayinlari","9":"pa_yazar-carina-bargmann","11":"first","12":"instock","13":"sale","14":"shipping-taxable","15":"purchasable","16":"product-type-simple"},"_links":{"self":[{"href":"https:\/\/roveyayinevi.com.tr\/index.php\/wp-json\/wp\/v2\/product\/699894","targetHints":{"allow":["GET"]}}],"collection":[{"href":"https:\/\/roveyayinevi.com.tr\/index.php\/wp-json\/wp\/v2\/product"}],"about":[{"href":"https:\/\/roveyayinevi.com.tr\/index.php\/wp-json\/wp\/v2\/types\/product"}],"wp:attachment":[{"href":"https:\/\/roveyayinevi.com.tr\/index.php\/wp-json\/wp\/v2\/media?parent=699894"}],"wp:term":[{"taxonomy":"product_brand","embeddable":true,"href":"https:\/\/roveyayinevi.com.tr\/index.php\/wp-json\/wp\/v2\/product_brand?post=699894"},{"taxonomy":"product_cat","embeddable":true,"href":"https:\/\/roveyayinevi.com.tr\/index.php\/wp-json\/wp\/v2\/product_cat?post=699894"},{"taxonomy":"product_tag","embeddable":true,"href":"https:\/\/roveyayinevi.com.tr\/index.php\/wp-json\/wp\/v2\/product_tag?post=699894"}],"curies":[{"name":"wp","href":"https:\/\/api.w.org\/{rel}","templated":true}]}}