{"id":699892,"date":"2025-08-27T14:54:42","date_gmt":"2025-08-27T11:54:42","guid":{"rendered":"https:\/\/roveyayinevi.com.tr\/index.php\/urun\/kara-oklar-cetesi-kibris-aziz-barnabasin-sirri-ciltli\/"},"modified":"2026-04-16T02:09:27","modified_gmt":"2026-04-15T23:09:27","slug":"kara-oklar-cetesi-kibris-aziz-barnabasin-sirri-ciltli","status":"publish","type":"product","link":"https:\/\/roveyayinevi.com.tr\/index.php\/urun\/kara-oklar-cetesi-kibris-aziz-barnabasin-sirri-ciltli\/","title":{"rendered":"Kara Oklar \u00c7etesi: K\u0131br\u0131s &#8211; Aziz Barnabas&#8217;\u0131n S\u0131rr\u0131 (Ciltli)"},"content":{"rendered":"<p>Sevilen yazar Ahmet \u015eerif \u0130zg\u00f6ren, Kara Oklar \u00c7etesi&#8217;nin merakla beklenen ikinci kitab\u0131 Kara Oklar \u00c7etesi: K\u0131br\u0131s &#8211; Aziz Barnabas&#8217;\u0131n S\u0131rr\u0131 ile sizleri yepyeni bir ser\u00fcvene davet ediyor. Serinin ilk kitab\u0131 B\u00fcy\u00fck Macera&#8217;da \u00e7ok \u00f6nemli bir g\u00f6revi ba\u015far\u0131yla yerine getiren Kara Oklar \u00c7etesi, daha zorlu ve karma\u015f\u0131k bir g\u00f6rev ile kar\u015f\u0131 kar\u015f\u0131ya. \u00c7etemiz, 1928 y\u0131l\u0131n\u0131n serin bir sabah\u0131nda macera dolu bir yolculu\u011fa \u00e7\u0131k\u0131yor. Hem hayal edemeyecekleri kadar g\u00fczel hem de tehlikeli bir yolculu\u011fa\u2026 Cevaplanacak sorular, \u00e7\u00f6z\u00fclmesi gereken \u015fifreler, d\u00f6nemin s\u00fcrpriz isimleri ve tabii ki s\u0131cac\u0131k dostluklar Kara Oklar \u00c7etesi&#8217;ni bekliyor. Bu g\u00f6revi de ba\u015far\u0131yla yerine getirebilecekler mi dersiniz? Yoksa bu g\u00f6rev onlar i\u00e7in bir son mu olacak? Kara Oklar \u00c7etesi ile ka\u00e7\u0131p kovalamaya, kendinizi yerde ararken g\u00f6kte bulmaya ve ilgin\u00e7 bir sona haz\u0131r olun\u2026 Hi\u00e7bir kitab\u0131 b\u00f6yle heyecanla okumam\u0131\u015ft\u0131m.  -Hazal Sanl\u0131- Sayfalar\u0131 &#8220;Ne olacak?&#8221; diye merakla \u00e7evirdim. Kitab\u0131 okurken kendimi \u00fc\u00e7 boyutlu film izler gibi hissettim.  -Dilan Atays\u0131n- Muhte\u015fem bir kitap.  -\u00d6yk\u00fc Su Demir- <\/p>\n","protected":false},"excerpt":{"rendered":"<p>Sevilen yazar Ahmet \u015eerif \u0130zg\u00f6ren, Kara Oklar \u00c7etesi&#8217;nin merakla beklenen ikinci kitab\u0131 Kara Oklar \u00c7etesi: K\u0131br\u0131s &#8211; Aziz Barnabas&#8217;\u0131n S\u0131rr\u0131 ile sizleri yepyeni bir ser\u00fcvene davet<span class=\"excerpt-hellip\"> [\u2026]<\/span><\/p>\n","protected":false},"featured_media":0,"template":"","meta":{"_monsterinsights_skip_tracking":false,"_monsterinsights_sitenote_active":false,"_monsterinsights_sitenote_note":"","_monsterinsights_sitenote_category":0},"product_brand":[],"product_cat":[12275,12274],"product_tag":[],"class_list":{"0":"post-699892","1":"product","2":"type-product","3":"status-publish","5":"product_cat-6-12-yas-kitaplari","6":"product_cat-cocuk-ve-genclik-kitaplari","7":"pa_cilt-ciltli","8":"pa_tur-kitap","9":"pa_yayinevi-elma-cocuk","10":"pa_yazar-ahmet-serif-izgoren","12":"first","13":"instock","14":"sale","15":"shipping-taxable","16":"purchasable","17":"product-type-simple"},"_links":{"self":[{"href":"https:\/\/roveyayinevi.com.tr\/index.php\/wp-json\/wp\/v2\/product\/699892","targetHints":{"allow":["GET"]}}],"collection":[{"href":"https:\/\/roveyayinevi.com.tr\/index.php\/wp-json\/wp\/v2\/product"}],"about":[{"href":"https:\/\/roveyayinevi.com.tr\/index.php\/wp-json\/wp\/v2\/types\/product"}],"wp:attachment":[{"href":"https:\/\/roveyayinevi.com.tr\/index.php\/wp-json\/wp\/v2\/media?parent=699892"}],"wp:term":[{"taxonomy":"product_brand","embeddable":true,"href":"https:\/\/roveyayinevi.com.tr\/index.php\/wp-json\/wp\/v2\/product_brand?post=699892"},{"taxonomy":"product_cat","embeddable":true,"href":"https:\/\/roveyayinevi.com.tr\/index.php\/wp-json\/wp\/v2\/product_cat?post=699892"},{"taxonomy":"product_tag","embeddable":true,"href":"https:\/\/roveyayinevi.com.tr\/index.php\/wp-json\/wp\/v2\/product_tag?post=699892"}],"curies":[{"name":"wp","href":"https:\/\/api.w.org\/{rel}","templated":true}]}}