{"id":699888,"date":"2025-08-27T14:54:41","date_gmt":"2025-08-27T11:54:41","guid":{"rendered":"https:\/\/roveyayinevi.com.tr\/index.php\/urun\/ethica\/"},"modified":"2026-04-16T02:09:27","modified_gmt":"2026-04-15T23:09:27","slug":"ethica","status":"publish","type":"product","link":"https:\/\/roveyayinevi.com.tr\/index.php\/urun\/ethica\/","title":{"rendered":"Ethica"},"content":{"rendered":"<p>Felsefe tarihinin \u015f\u00fcphesiz en tart\u0131\u015fmal\u0131 eserlerinden biri olan ve ilk defa \u00f6zg\u00fcn dilinden \u00e7evrilerek T\u00fcrk\u00e7eye kazand\u0131r\u0131lan Ethica, daha gen\u00e7li\u011finde ba\u011fl\u0131 oldu\u011fu Yahudi cemaatinden aforoz edilen, eserleri yasaklanan, ya\u015fam\u0131n\u0131 bin bir zorlukla kazanmak zorunda kalan \u00e7etin bir insan\u0131n; kendisine geometriyi kalkan yap\u0131p klasik ve skolastik felsefe terimlerinin i\u00e7eri\u011fini yeni bir bak\u0131\u015f a\u00e7\u0131s\u0131yla doldurmaya, metafizik konular\u0131 matematik d\u00fc\u015f\u00fcnme y\u00f6ntemiyle kan\u0131tlamaya \u00e7al\u0131\u015fan hummal\u0131 bir zihnin \u00fcr\u00fcn\u00fcd\u00fcr. Tanr\u0131, do\u011fa, insan, zihin, ak\u0131l, duygu, irade, \u00f6zg\u00fcrl\u00fck gibi en temel felsefi kavramlar\u0131 tan\u0131mlarla, a\u00e7\u0131klamalarla, \u00f6nermelerle, \u00f6nerme sonu\u00e7lar\u0131yla, kan\u0131tlamalarla ve notlarla \u00f6r\u00fcl\u00fc s\u0131rad\u0131\u015f\u0131 bir \u00fcslupla ele al\u0131p irdeleyen ve nihai amac\u0131 insan\u0131 sonsuz mutlulu\u011fa g\u00f6t\u00fcrecek yolu g\u00f6stermek olan Ethica, bu y\u00f6n\u00fcyle felsefe tarihinin temel tart\u0131\u015fmalar\u0131na \u0131\u015f\u0131k tutan m\u00fckemmel bir ba\u015fucu kitab\u0131d\u0131r.<\/p>\n","protected":false},"excerpt":{"rendered":"<p>Felsefe tarihinin \u015f\u00fcphesiz en tart\u0131\u015fmal\u0131 eserlerinden biri olan ve ilk defa \u00f6zg\u00fcn dilinden \u00e7evrilerek T\u00fcrk\u00e7eye kazand\u0131r\u0131lan Ethica, daha gen\u00e7li\u011finde ba\u011fl\u0131 oldu\u011fu Yahudi cemaatinden aforoz edilen, eserleri<span class=\"excerpt-hellip\"> [\u2026]<\/span><\/p>\n","protected":false},"featured_media":0,"template":"","meta":{"_monsterinsights_skip_tracking":false,"_monsterinsights_sitenote_active":false,"_monsterinsights_sitenote_note":"","_monsterinsights_sitenote_category":0},"product_brand":[],"product_cat":[12389,12388],"product_tag":[],"class_list":{"0":"post-699888","1":"product","2":"type-product","3":"status-publish","5":"product_cat-diger-felsefe","6":"product_cat-felsefe","7":"pa_cilt-ciltsiz","8":"pa_tur-kitap","9":"pa_yayinevi-alfa-yayinlari","10":"pa_yazar-baruch-spinoza","12":"first","13":"instock","14":"sale","15":"shipping-taxable","16":"purchasable","17":"product-type-simple"},"_links":{"self":[{"href":"https:\/\/roveyayinevi.com.tr\/index.php\/wp-json\/wp\/v2\/product\/699888","targetHints":{"allow":["GET"]}}],"collection":[{"href":"https:\/\/roveyayinevi.com.tr\/index.php\/wp-json\/wp\/v2\/product"}],"about":[{"href":"https:\/\/roveyayinevi.com.tr\/index.php\/wp-json\/wp\/v2\/types\/product"}],"wp:attachment":[{"href":"https:\/\/roveyayinevi.com.tr\/index.php\/wp-json\/wp\/v2\/media?parent=699888"}],"wp:term":[{"taxonomy":"product_brand","embeddable":true,"href":"https:\/\/roveyayinevi.com.tr\/index.php\/wp-json\/wp\/v2\/product_brand?post=699888"},{"taxonomy":"product_cat","embeddable":true,"href":"https:\/\/roveyayinevi.com.tr\/index.php\/wp-json\/wp\/v2\/product_cat?post=699888"},{"taxonomy":"product_tag","embeddable":true,"href":"https:\/\/roveyayinevi.com.tr\/index.php\/wp-json\/wp\/v2\/product_tag?post=699888"}],"curies":[{"name":"wp","href":"https:\/\/api.w.org\/{rel}","templated":true}]}}