{"id":699887,"date":"2025-08-27T14:54:40","date_gmt":"2025-08-27T11:54:40","guid":{"rendered":"https:\/\/roveyayinevi.com.tr\/index.php\/urun\/ulusalci-mi-milliyetci-mi-olmaliyiz\/"},"modified":"2026-04-16T02:09:27","modified_gmt":"2026-04-15T23:09:27","slug":"ulusalci-mi-milliyetci-mi-olmaliyiz","status":"publish","type":"product","link":"https:\/\/roveyayinevi.com.tr\/index.php\/urun\/ulusalci-mi-milliyetci-mi-olmaliyiz\/","title":{"rendered":"Ulusalc\u0131 m\u0131 Milliyet\u00e7i mi Olmal\u0131y\u0131z?"},"content":{"rendered":"<p>Kendilerini \u201cLiberal\u201d olarak tan\u0131mlayan d\u0131\u015f g\u00fcd\u00fcml\u00fc yazarlar\u0131n boy hedefinde y\u0131llard\u0131r, \u201cUlusalc\u0131\u201d olarak nitelendirdikleri \u201cAtat\u00fcrk Milliyet\u00e7ileri\u201d var. \u201cUlusalc\u0131l\u0131k\u201d ve \u201cMilliyet\u00e7ilik\u201d farkl\u0131 kavramlar m\u0131?..\u00dclkemizin b\u00fct\u00fcnl\u00fc\u011f\u00fcn\u00fc ve Laik Cumhuriyetimizi korumak i\u00e7in, kendisini \u201cUlusalc\u0131\u201d veya \u201cMilliyet\u00e7i\u201d olarak tan\u0131mlayan ki\u015filerin birbirlerini do\u011fru anlamalar\u0131 ve el ele verip eyleme ge\u00e7melerinden ba\u015fka \u00e7are var m\u0131?.. <\/p>\n","protected":false},"excerpt":{"rendered":"<p>Kendilerini \u201cLiberal\u201d olarak tan\u0131mlayan d\u0131\u015f g\u00fcd\u00fcml\u00fc yazarlar\u0131n boy hedefinde y\u0131llard\u0131r, \u201cUlusalc\u0131\u201d olarak nitelendirdikleri \u201cAtat\u00fcrk Milliyet\u00e7ileri\u201d var. \u201cUlusalc\u0131l\u0131k\u201d ve \u201cMilliyet\u00e7ilik\u201d farkl\u0131 kavramlar m\u0131?..\u00dclkemizin b\u00fct\u00fcnl\u00fc\u011f\u00fcn\u00fc ve Laik Cumhuriyetimizi<span class=\"excerpt-hellip\"> [\u2026]<\/span><\/p>\n","protected":false},"featured_media":0,"template":"","meta":{"_monsterinsights_skip_tracking":false,"_monsterinsights_sitenote_active":false,"_monsterinsights_sitenote_note":"","_monsterinsights_sitenote_category":0},"product_brand":[],"product_cat":[12965,12337],"product_tag":[],"class_list":{"0":"post-699887","1":"product","2":"type-product","3":"status-publish","5":"product_cat-genel-politika","6":"product_cat-politika-siyaset","7":"pa_tur-kitap","8":"pa_yayinevi-bilgi-yayinevi","9":"pa_yazar-vural-savas","11":"first","12":"instock","13":"sale","14":"shipping-taxable","15":"purchasable","16":"product-type-simple"},"_links":{"self":[{"href":"https:\/\/roveyayinevi.com.tr\/index.php\/wp-json\/wp\/v2\/product\/699887","targetHints":{"allow":["GET"]}}],"collection":[{"href":"https:\/\/roveyayinevi.com.tr\/index.php\/wp-json\/wp\/v2\/product"}],"about":[{"href":"https:\/\/roveyayinevi.com.tr\/index.php\/wp-json\/wp\/v2\/types\/product"}],"wp:attachment":[{"href":"https:\/\/roveyayinevi.com.tr\/index.php\/wp-json\/wp\/v2\/media?parent=699887"}],"wp:term":[{"taxonomy":"product_brand","embeddable":true,"href":"https:\/\/roveyayinevi.com.tr\/index.php\/wp-json\/wp\/v2\/product_brand?post=699887"},{"taxonomy":"product_cat","embeddable":true,"href":"https:\/\/roveyayinevi.com.tr\/index.php\/wp-json\/wp\/v2\/product_cat?post=699887"},{"taxonomy":"product_tag","embeddable":true,"href":"https:\/\/roveyayinevi.com.tr\/index.php\/wp-json\/wp\/v2\/product_tag?post=699887"}],"curies":[{"name":"wp","href":"https:\/\/api.w.org\/{rel}","templated":true}]}}