{"id":699886,"date":"2025-08-27T14:54:40","date_gmt":"2025-08-27T11:54:40","guid":{"rendered":"https:\/\/roveyayinevi.com.tr\/index.php\/urun\/turk-ninnileri\/"},"modified":"2026-04-16T02:09:27","modified_gmt":"2026-04-15T23:09:27","slug":"turk-ninnileri","status":"publish","type":"product","link":"https:\/\/roveyayinevi.com.tr\/index.php\/urun\/turk-ninnileri\/","title":{"rendered":"T\u00fcrk Ninnileri"},"content":{"rendered":"<p>T\u00fcrk Ninnileri adl\u0131 \u00e7al\u0131\u015fmam\u0131z\u0131n 1. bask\u0131s\u0131 2010\u2019da, 2. bask\u0131s\u0131 2011\u2019de yay\u0131mlanm\u0131\u015ft\u0131. K\u0131sa zamanda mevcutlar\u0131 t\u00fckendi\u011fi i\u00e7in 3. bask\u0131y\u0131 haz\u0131rlad\u0131k. Daha \u00f6nceki bask\u0131larda 1651 ninniye yer verilmi\u015fti. Ar\u015fivimizdeki di\u011fer ninnileri ve yeni derledi\u011fimiz ninnileri de bu bask\u0131ya ekledik. Dolay\u0131s\u0131yla ninni say\u0131s\u0131 2480 e \u00e7\u0131km\u0131\u015ft\u0131r. Bu arada T\u00fcrk D\u00fcnyas\u0131n\u0131n tamam\u0131n\u0131 \u00e7al\u0131\u015fmam\u0131za dahil etmeye karar verdik ve ninni derleme \u00e7al\u0131\u015fmalar\u0131m\u0131z\u0131n s\u0131n\u0131r\u0131n\u0131 geni\u015flettik. T\u00fcrk D\u00fcnyas\u0131 yakla\u015f\u0131k 300 milyonluk n\u00fcfusuyla; geni\u015f bir co\u011frafyaya, k\u00f6kl\u00fc bir k\u00fclt\u00fcre, \u00f6nemli bir ekonomiye sahiptir. Ayr\u0131ca T\u00fcrklerin \u00e7e\u015fitli sebeplerle d\u00fcnyan\u0131n \u00e7e\u015fitli b\u00f6lgelerine g\u00f6\u00e7mesi ile T\u00fcrk\u00e7e hemen hemen b\u00fct\u00fcn d\u00fcnya \u00fczerine yay\u0131lm\u0131\u015f durumdad\u0131r. G\u00fcn\u00fcm\u00fczde kuzeydo\u011fu Asya\u2019dan Afrika\u2019n\u0131n ortalar\u0131na, \u00c7in Seddi\u2019nden Avrupa\u2019n\u0131n en bat\u0131 ucuna kadar 12 milyon kilometrelik co\u011frafyada T\u00fcrk milletini birbirine ba\u011flayan en \u00f6nemli ba\u011f, T\u00fcrk\u00e7edir. Bu ba\u011fl\u0131l\u0131\u011f\u0131 g\u00fc\u00e7lendirmek i\u00e7in T\u00fcrk\u00e7e ile yaz\u0131lan \/ s\u00f6ylenen ortak de\u011ferler canland\u0131r\u0131lmal\u0131 ve yayg\u0131nla\u015ft\u0131r\u0131lmal\u0131d\u0131r. S\u00fcrekli g\u00fcndemde tutulmas\u0131, yayg\u0131nla\u015ft\u0131r\u0131lmas\u0131 ve T\u00fcrk\u00e7e konu\u015fan herkese ula\u015ft\u0131r\u0131lmas\u0131 ve \u00f6\u011fretilmesi gereken unsurlar\u0131n ba\u015f\u0131nda k\u00fclt\u00fcr temelimizin en \u00f6nemli \u00f6\u011fesi ninniler gelmektedir. Ninniler, b\u00fct\u00fcn T\u00fcrk d\u00fcnyas\u0131n\u0131n ortak de\u011feridir. Gelecekte T\u00fcrk D\u00fcnyas\u0131n\u0131 ya\u015fatacak \u00e7ocuklar\u0131m\u0131z\u0131n ortak de\u011feridir. T\u00fcrk d\u00fcnyas\u0131n\u0131 ortak bir noktada bulu\u015fturacak \u00f6nemli de\u011ferlerdendir. Ninni, bu t\u00fcr\u00fcn T\u00fcrkiye T\u00fcrk\u00e7esindeki ad\u0131d\u0131r. Azerbaycan T\u00fcrk\u00e7esinde Layla, Ba\u015fkurt T\u00fcrk\u00e7esinde Sengildek y\u0131r\u0131, Kazak T\u00fcrk\u00e7esinde Besik j\u0131r\u0131, K\u0131rg\u0131z T\u00fcrk\u00e7esinde Aldey-aldey, \u00d6zbek T\u00fcrk\u00e7esinde Alla\/alle, Tatar T\u00fcrk\u00e7esinde Be\u015fik c\u0131r\u0131, T\u00fcrmen T\u00fcrk\u00e7esinde H\u00fcvdi, Uygur T\u00fcrk\u00e7esi de Alley ad\u0131 ile bilinmektedir. Yukar\u0131da da belirtti\u011fimiz gibi pek \u00e7ok T\u00fcrk diyar\u0131ndan derlemeler yapt\u0131k. Fakat hedefledi\u011fimiz kadar derleme yapamad\u0131\u011f\u0131m\u0131z i\u00e7in T\u00fcrk D\u00fcnyas\u0131 ninnilerini daha sonraki bask\u0131lara b\u0131rakmak zorunda kald\u0131k. \u00dc\u00e7\u00fcnc\u00fc bask\u0131ya Zonguldak ve \u00e7evresinden ninni derleyip g\u00f6nderen \u00e7al\u0131\u015fma arkada\u015f\u0131m Celal Can \u00c7akmak\u00e7\u0131\u2019ya, Edirne\u2019den derlemeler yaparak bize g\u00f6nderme l\u00fctfunda bulunan Yrd. Do\u00e7. Dr. Sibel Bayraktar\u2019a \u00e7ok te\u015fekk\u00fcr ediyoruz. 16 T\u00fcrk Ninnileri Ninni derledi\u011fimiz kaynak \u015fah\u0131slara; bize evlerini, sofralar\u0131n\u0131 a\u00e7an g\u00fczel yurdumun g\u00fczel insanlar\u0131na, ninni derleme konusunda yard\u0131mc\u0131 olan \u00f6\u011frencilerimize sonsuz te\u015fekk\u00fcrler ediyoruz. \u00dcmitk\u00f6y-Ankara, 29 Ekim 2013 <\/p>\n","protected":false},"excerpt":{"rendered":"<p>T\u00fcrk Ninnileri adl\u0131 \u00e7al\u0131\u015fmam\u0131z\u0131n 1. bask\u0131s\u0131 2010\u2019da, 2. bask\u0131s\u0131 2011\u2019de yay\u0131mlanm\u0131\u015ft\u0131. K\u0131sa zamanda mevcutlar\u0131 t\u00fckendi\u011fi i\u00e7in 3. bask\u0131y\u0131 haz\u0131rlad\u0131k. Daha \u00f6nceki bask\u0131larda 1651 ninniye yer verilmi\u015fti.<span class=\"excerpt-hellip\"> [\u2026]<\/span><\/p>\n","protected":false},"featured_media":0,"template":"","meta":{"_monsterinsights_skip_tracking":false,"_monsterinsights_sitenote_active":false,"_monsterinsights_sitenote_note":"","_monsterinsights_sitenote_category":0},"product_brand":[],"product_cat":[20234,12291],"product_tag":[],"class_list":{"0":"post-699886","1":"product","2":"type-product","3":"status-publish","5":"product_cat-divan-edebiyati-halk-edebiyati","6":"product_cat-edebiyat","7":"pa_cilt-ciltsiz","8":"pa_tur-kitap","9":"pa_yayinevi-edge-akademi","10":"pa_yazar-necati-demir","12":"first","13":"instock","14":"sale","15":"shipping-taxable","16":"purchasable","17":"product-type-simple"},"_links":{"self":[{"href":"https:\/\/roveyayinevi.com.tr\/index.php\/wp-json\/wp\/v2\/product\/699886","targetHints":{"allow":["GET"]}}],"collection":[{"href":"https:\/\/roveyayinevi.com.tr\/index.php\/wp-json\/wp\/v2\/product"}],"about":[{"href":"https:\/\/roveyayinevi.com.tr\/index.php\/wp-json\/wp\/v2\/types\/product"}],"wp:attachment":[{"href":"https:\/\/roveyayinevi.com.tr\/index.php\/wp-json\/wp\/v2\/media?parent=699886"}],"wp:term":[{"taxonomy":"product_brand","embeddable":true,"href":"https:\/\/roveyayinevi.com.tr\/index.php\/wp-json\/wp\/v2\/product_brand?post=699886"},{"taxonomy":"product_cat","embeddable":true,"href":"https:\/\/roveyayinevi.com.tr\/index.php\/wp-json\/wp\/v2\/product_cat?post=699886"},{"taxonomy":"product_tag","embeddable":true,"href":"https:\/\/roveyayinevi.com.tr\/index.php\/wp-json\/wp\/v2\/product_tag?post=699886"}],"curies":[{"name":"wp","href":"https:\/\/api.w.org\/{rel}","templated":true}]}}