{"id":699885,"date":"2025-08-27T14:54:40","date_gmt":"2025-08-27T11:54:40","guid":{"rendered":"https:\/\/roveyayinevi.com.tr\/index.php\/urun\/egitimcinin-gunlugu\/"},"modified":"2025-11-22T03:09:03","modified_gmt":"2025-11-22T00:09:03","slug":"egitimcinin-gunlugu","status":"publish","type":"product","link":"https:\/\/roveyayinevi.com.tr\/index.php\/urun\/egitimcinin-gunlugu\/","title":{"rendered":"E\u011fitimcinin G\u00fcnl\u00fc\u011f\u00fc"},"content":{"rendered":"<p>G\u00f6rev s\u0131ras\u0131nda y\u00fczlerce k\u00f6yde, bir\u00e7ok kasaba ve \u015fehirde toplumsal ya\u015fam\u0131 g\u00f6zleme olana\u011f\u0131 buldu. Ya\u015fam ve mesleki deneyimlerini, d\u00fcnya g\u00f6r\u00fc\u015flerini yerel gazetelere yazd\u0131. Bu yaz\u0131lar\u0131n bir b\u00f6l\u00fcm\u00fcn\u00fc bu kitapta toplad\u0131. S\u00f6ylemek, yazmak, konferans vermek gibi \u00e7al\u0131\u015fmalar iyidir, ama\u2026 Hi\u00e7biri yapman\u0131n yerine ge\u00e7emez\u2026\u0130nsan ancak yaparsa \u00f6\u011frenir. K\u00f6y Enstit\u00fclerini onun i\u00e7in a\u00e7t\u0131k. Demokrasi, ancak b\u00fct\u00fcnle\u015fmi\u015f, ulusla\u015fm\u0131\u015f i\u015flevsel toplumlarda iyi sonu\u00e7 verebiliyor. Aksi halde se\u00e7imler etnik grup, a\u015firet, din mezhep farklar\u0131n\u0131 sadece yans\u0131tmakla kalm\u0131yor, bunlar\u0131 t\u0131rmand\u0131r\u0131yor\u2026 Cado, k\u00f6y\u00fcn d\u0131\u015f\u0131na \u00e7\u0131km\u0131\u015f, bizi kar\u015f\u0131lamaya geliyordu. Birden bire d\u00f6nd\u00fc, k\u00f6ye do\u011fru ko\u015fmaya ba\u015flad\u0131\u2026Hem ko\u015fuyor, hem de k\u00f6yl\u00fcye sesleniyordu: &#8220;Atat\u00fcrk geliyor, Atat\u00fcrk geliyor!..&#8221; K\u00f6ye okul a\u00e7\u0131lmas\u0131 demek; yenili\u011fin, ayd\u0131nl\u0131\u011f\u0131n k\u00f6ye gelmesi demekti. Onlara g\u00f6re yenilikler Atat\u00fcrk&#8217;le \u00f6zde\u015fti. K\u00f6ye giren her yenilik ve bunu getiren herkes bir Atat\u00fcrk&#8217;t\u00fc\u2026 O g\u00fcn Cado&#8217;nun g\u00f6sterdi\u011fi sevin\u00e7 \u00e7\u0131\u011fl\u0131\u011f\u0131, kulaklar\u0131mdan hi\u00e7 silinmedi. G\u00f6revimi yaparken beni uyaran bir ses, yolumu ayd\u0131nlatan \u0131\u015f\u0131k oldu&#8230; <\/p>\n","protected":false},"excerpt":{"rendered":"<p>G\u00f6rev s\u0131ras\u0131nda y\u00fczlerce k\u00f6yde, bir\u00e7ok kasaba ve \u015fehirde toplumsal ya\u015fam\u0131 g\u00f6zleme olana\u011f\u0131 buldu. Ya\u015fam ve mesleki deneyimlerini, d\u00fcnya g\u00f6r\u00fc\u015flerini yerel gazetelere yazd\u0131. Bu yaz\u0131lar\u0131n bir b\u00f6l\u00fcm\u00fcn\u00fc<span class=\"excerpt-hellip\"> [\u2026]<\/span><\/p>\n","protected":false},"featured_media":0,"template":"","meta":{"_monsterinsights_skip_tracking":false,"_monsterinsights_sitenote_active":false,"_monsterinsights_sitenote_note":"","_monsterinsights_sitenote_category":0},"product_brand":[],"product_cat":[13701,12291],"product_tag":[],"class_list":{"0":"post-699885","1":"product","2":"type-product","3":"status-publish","5":"product_cat-ani-mektup-gunluk","6":"product_cat-edebiyat","7":"pa_cilt-ciltsiz","8":"pa_tur-kitap","9":"pa_yayinevi-edge-akademi","10":"pa_yazar-ahmet-usta","12":"first","13":"instock","14":"sale","15":"shipping-taxable","16":"purchasable","17":"product-type-simple"},"_links":{"self":[{"href":"https:\/\/roveyayinevi.com.tr\/index.php\/wp-json\/wp\/v2\/product\/699885","targetHints":{"allow":["GET"]}}],"collection":[{"href":"https:\/\/roveyayinevi.com.tr\/index.php\/wp-json\/wp\/v2\/product"}],"about":[{"href":"https:\/\/roveyayinevi.com.tr\/index.php\/wp-json\/wp\/v2\/types\/product"}],"wp:attachment":[{"href":"https:\/\/roveyayinevi.com.tr\/index.php\/wp-json\/wp\/v2\/media?parent=699885"}],"wp:term":[{"taxonomy":"product_brand","embeddable":true,"href":"https:\/\/roveyayinevi.com.tr\/index.php\/wp-json\/wp\/v2\/product_brand?post=699885"},{"taxonomy":"product_cat","embeddable":true,"href":"https:\/\/roveyayinevi.com.tr\/index.php\/wp-json\/wp\/v2\/product_cat?post=699885"},{"taxonomy":"product_tag","embeddable":true,"href":"https:\/\/roveyayinevi.com.tr\/index.php\/wp-json\/wp\/v2\/product_tag?post=699885"}],"curies":[{"name":"wp","href":"https:\/\/api.w.org\/{rel}","templated":true}]}}