{"id":699884,"date":"2025-08-27T14:54:39","date_gmt":"2025-08-27T11:54:39","guid":{"rendered":"https:\/\/roveyayinevi.com.tr\/index.php\/urun\/demir-dagdaki-gunes\/"},"modified":"2026-04-16T02:09:27","modified_gmt":"2026-04-15T23:09:27","slug":"demir-dagdaki-gunes","status":"publish","type":"product","link":"https:\/\/roveyayinevi.com.tr\/index.php\/urun\/demir-dagdaki-gunes\/","title":{"rendered":"Demir Da\u011f\u2019daki G\u00fcne\u015f"},"content":{"rendered":"<p>iang Lei bu fikrini ilk dillendirdi\u011finden bu yana bu konu \u00fczerinde bolca d\u00fc\u015f\u00fcnm\u00fc\u015ft\u00fc ve her seferinde karar\u0131n\u0131n mant\u0131\u011f\u0131na daha da ikna olmu\u015ftu. <\/p>\n","protected":false},"excerpt":{"rendered":"<p>iang Lei bu fikrini ilk dillendirdi\u011finden bu yana bu konu \u00fczerinde bolca d\u00fc\u015f\u00fcnm\u00fc\u015ft\u00fc ve her seferinde karar\u0131n\u0131n mant\u0131\u011f\u0131na daha da ikna olmu\u015ftu.<\/p>\n","protected":false},"featured_media":0,"template":"","meta":{"_monsterinsights_skip_tracking":false,"_monsterinsights_sitenote_active":false,"_monsterinsights_sitenote_note":"","_monsterinsights_sitenote_category":0},"product_brand":[],"product_cat":[12540,12291],"product_tag":[],"class_list":{"0":"post-699884","1":"product","2":"type-product","3":"status-publish","5":"product_cat-bilim-kurgu","6":"product_cat-edebiyat","7":"pa_tur-kitap","8":"pa_yayinevi-kassandra-yayinlari","9":"pa_yazar-david-wingrove","11":"first","12":"instock","13":"sale","14":"shipping-taxable","15":"purchasable","16":"product-type-simple"},"_links":{"self":[{"href":"https:\/\/roveyayinevi.com.tr\/index.php\/wp-json\/wp\/v2\/product\/699884","targetHints":{"allow":["GET"]}}],"collection":[{"href":"https:\/\/roveyayinevi.com.tr\/index.php\/wp-json\/wp\/v2\/product"}],"about":[{"href":"https:\/\/roveyayinevi.com.tr\/index.php\/wp-json\/wp\/v2\/types\/product"}],"wp:attachment":[{"href":"https:\/\/roveyayinevi.com.tr\/index.php\/wp-json\/wp\/v2\/media?parent=699884"}],"wp:term":[{"taxonomy":"product_brand","embeddable":true,"href":"https:\/\/roveyayinevi.com.tr\/index.php\/wp-json\/wp\/v2\/product_brand?post=699884"},{"taxonomy":"product_cat","embeddable":true,"href":"https:\/\/roveyayinevi.com.tr\/index.php\/wp-json\/wp\/v2\/product_cat?post=699884"},{"taxonomy":"product_tag","embeddable":true,"href":"https:\/\/roveyayinevi.com.tr\/index.php\/wp-json\/wp\/v2\/product_tag?post=699884"}],"curies":[{"name":"wp","href":"https:\/\/api.w.org\/{rel}","templated":true}]}}