{"id":699882,"date":"2025-08-27T14:54:39","date_gmt":"2025-08-27T11:54:39","guid":{"rendered":"https:\/\/roveyayinevi.com.tr\/index.php\/urun\/melekler-kiz-mi-erkek-mi\/"},"modified":"2026-04-16T02:09:26","modified_gmt":"2026-04-15T23:09:26","slug":"melekler-kiz-mi-erkek-mi","status":"publish","type":"product","link":"https:\/\/roveyayinevi.com.tr\/index.php\/urun\/melekler-kiz-mi-erkek-mi\/","title":{"rendered":"Melekler K\u0131z m\u0131, Erkek mi?"},"content":{"rendered":"<p>Meleklerin bana dost oldu\u011funu biliyorum. Peki bu dostlu\u011fu hak etmem i\u00e7in ne yapmam laz\u0131m? Her\u015feyden \u00f6nce, onlar\u0131 daha iyi tan\u0131mal\u0131y\u0131m! <\/p>\n","protected":false},"excerpt":{"rendered":"<p>Meleklerin bana dost oldu\u011funu biliyorum. Peki bu dostlu\u011fu hak etmem i\u00e7in ne yapmam laz\u0131m? Her\u015feyden \u00f6nce, onlar\u0131 daha iyi tan\u0131mal\u0131y\u0131m!<\/p>\n","protected":false},"featured_media":0,"template":"","meta":{"_monsterinsights_skip_tracking":false,"_monsterinsights_sitenote_active":false,"_monsterinsights_sitenote_note":"","_monsterinsights_sitenote_category":0},"product_brand":[],"product_cat":[12274,18802],"product_tag":[],"class_list":{"0":"post-699882","1":"product","2":"type-product","3":"status-publish","5":"product_cat-cocuk-ve-genclik-kitaplari","6":"product_cat-din-egitimi","7":"pa_tur-kitap","8":"pa_yayinevi-ugurbocegi-yayinlari","9":"pa_yazar-ozkan-oze","11":"first","12":"instock","13":"sale","14":"shipping-taxable","15":"purchasable","16":"product-type-simple"},"_links":{"self":[{"href":"https:\/\/roveyayinevi.com.tr\/index.php\/wp-json\/wp\/v2\/product\/699882","targetHints":{"allow":["GET"]}}],"collection":[{"href":"https:\/\/roveyayinevi.com.tr\/index.php\/wp-json\/wp\/v2\/product"}],"about":[{"href":"https:\/\/roveyayinevi.com.tr\/index.php\/wp-json\/wp\/v2\/types\/product"}],"wp:attachment":[{"href":"https:\/\/roveyayinevi.com.tr\/index.php\/wp-json\/wp\/v2\/media?parent=699882"}],"wp:term":[{"taxonomy":"product_brand","embeddable":true,"href":"https:\/\/roveyayinevi.com.tr\/index.php\/wp-json\/wp\/v2\/product_brand?post=699882"},{"taxonomy":"product_cat","embeddable":true,"href":"https:\/\/roveyayinevi.com.tr\/index.php\/wp-json\/wp\/v2\/product_cat?post=699882"},{"taxonomy":"product_tag","embeddable":true,"href":"https:\/\/roveyayinevi.com.tr\/index.php\/wp-json\/wp\/v2\/product_tag?post=699882"}],"curies":[{"name":"wp","href":"https:\/\/api.w.org\/{rel}","templated":true}]}}