{"id":699878,"date":"2025-08-27T14:54:38","date_gmt":"2025-08-27T11:54:38","guid":{"rendered":"https:\/\/roveyayinevi.com.tr\/index.php\/urun\/prometheusun-sonmeyen-atesi\/"},"modified":"2026-04-16T02:09:26","modified_gmt":"2026-04-15T23:09:26","slug":"prometheusun-sonmeyen-atesi","status":"publish","type":"product","link":"https:\/\/roveyayinevi.com.tr\/index.php\/urun\/prometheusun-sonmeyen-atesi\/","title":{"rendered":"Prometheus&#8217;un S\u00f6nmeyen Ate\u015fi"},"content":{"rendered":"<p>Prometheus\u2019un S\u00f6nmeyen Ate\u015fi, zorlu bir d\u00f6nemecin kitab\u0131d\u0131r. 1990\u2019lar\u0131n ilk yar\u0131s\u0131nda, SSCB\u2019nin \u00e7\u00f6kt\u00fc\u011f\u00fc, kapitalizmin mutlak ve nihai zaferini ilan etti\u011fi ve neoliberalizmin \u015faha kalkt\u0131\u011f\u0131 bir zamanda yaz\u0131ld\u0131. O y\u0131llarda, kapitalizmin b\u00fcy\u00fck ideolojik sald\u0131r\u0131s\u0131, sol saflarda moralsizlik, da\u011f\u0131lma, ideolojik savrulma gibi sonu\u00e7lar vermi\u015fti. Fitilini Andre Gorz\u2019un Elveda Proletarya kitab\u0131n\u0131n ate\u015fledi\u011fi bir tart\u0131\u015fma, \u00e2deta d\u00f6neme damgas\u0131n\u0131 vurdu. \u00d6z olarak, sosyalizm m\u00fccadelesinin temel \u00f6znesi olarak g\u00f6r\u00fclen i\u015f\u00e7i s\u0131n\u0131f\u0131n\u0131n, ger\u00e7ekte kendisine y\u00fcklenen devrimci niteliklere hi\u00e7bir zaman sahip olmad\u0131\u011f\u0131 veya sahip olsa bile zaman i\u00e7inde (kapitalizmin yap\u0131s\u0131nda, \u00fcretimin \u00f6rg\u00fctlenmesinde ve teknolojide meydana gelen k\u00f6kl\u00fc de\u011fi\u015fimlere ba\u011fl\u0131 olarak) bu \u00f6zelliklerini kaybetti\u011fi ileri s\u00fcr\u00fclmekteydi. \ufffcTan\u0131t\u0131m Metni<\/p>\n","protected":false},"excerpt":{"rendered":"<p>Prometheus\u2019un S\u00f6nmeyen Ate\u015fi, zorlu bir d\u00f6nemecin kitab\u0131d\u0131r. 1990\u2019lar\u0131n ilk yar\u0131s\u0131nda, SSCB\u2019nin \u00e7\u00f6kt\u00fc\u011f\u00fc, kapitalizmin mutlak ve nihai zaferini ilan etti\u011fi ve neoliberalizmin \u015faha kalkt\u0131\u011f\u0131 bir zamanda yaz\u0131ld\u0131.<span class=\"excerpt-hellip\"> [\u2026]<\/span><\/p>\n","protected":false},"featured_media":0,"template":"","meta":{"_monsterinsights_skip_tracking":false,"_monsterinsights_sitenote_active":false,"_monsterinsights_sitenote_note":"","_monsterinsights_sitenote_category":0},"product_brand":[],"product_cat":[12338,12337],"product_tag":[],"class_list":{"0":"post-699878","1":"product","2":"type-product","3":"status-publish","5":"product_cat-dunya-siyaseti-ve-politikasi","6":"product_cat-politika-siyaset","7":"pa_cilt-ciltsiz","8":"pa_tur-kitap","9":"pa_yayinevi-yordam-kitap","10":"pa_yazar-tulin-ongen","12":"first","13":"instock","14":"sale","15":"shipping-taxable","16":"purchasable","17":"product-type-simple"},"_links":{"self":[{"href":"https:\/\/roveyayinevi.com.tr\/index.php\/wp-json\/wp\/v2\/product\/699878","targetHints":{"allow":["GET"]}}],"collection":[{"href":"https:\/\/roveyayinevi.com.tr\/index.php\/wp-json\/wp\/v2\/product"}],"about":[{"href":"https:\/\/roveyayinevi.com.tr\/index.php\/wp-json\/wp\/v2\/types\/product"}],"wp:attachment":[{"href":"https:\/\/roveyayinevi.com.tr\/index.php\/wp-json\/wp\/v2\/media?parent=699878"}],"wp:term":[{"taxonomy":"product_brand","embeddable":true,"href":"https:\/\/roveyayinevi.com.tr\/index.php\/wp-json\/wp\/v2\/product_brand?post=699878"},{"taxonomy":"product_cat","embeddable":true,"href":"https:\/\/roveyayinevi.com.tr\/index.php\/wp-json\/wp\/v2\/product_cat?post=699878"},{"taxonomy":"product_tag","embeddable":true,"href":"https:\/\/roveyayinevi.com.tr\/index.php\/wp-json\/wp\/v2\/product_tag?post=699878"}],"curies":[{"name":"wp","href":"https:\/\/api.w.org\/{rel}","templated":true}]}}