{"id":699876,"date":"2025-08-27T14:54:37","date_gmt":"2025-08-27T11:54:37","guid":{"rendered":"https:\/\/roveyayinevi.com.tr\/index.php\/urun\/yeni-baslayanlar-icin-kapital\/"},"modified":"2026-04-16T02:09:26","modified_gmt":"2026-04-15T23:09:26","slug":"yeni-baslayanlar-icin-kapital","status":"publish","type":"product","link":"https:\/\/roveyayinevi.com.tr\/index.php\/urun\/yeni-baslayanlar-icin-kapital\/","title":{"rendered":"Yeni Ba\u015flayanlar \u0130\u00e7in Kapital"},"content":{"rendered":"<p>Kapital\u2019in yay\u0131nlanmas\u0131ndan bu yana kapitalizm, Marx\u2019\u0131n kapitalizm ele\u015ftirisinin yanl\u0131\u015f ve yersiz oldu\u011funu kan\u0131tlamaya u\u011fra\u015fadursun Marx ve temel eseri Kapital, d\u00fcnyay\u0131 anlamak isteyen her yeni ku\u015fa\u011fa uygun aletler geli\u015ftirmeyi s\u00fcrd\u00fcrm\u00fc\u015ft\u00fcr.\u00c7o\u011fu insan\u0131n, d\u00fcnyadaki her \u015feyin pek de d\u00fczg\u00fcn y\u00fcr\u00fcmedi\u011fi y\u00f6n\u00fcnde en az\u0131ndan bir sezgisi vard\u0131r. Pek \u00e7ok ki\u015fi de insan soyunun kar\u015f\u0131s\u0131nda bir y\u0131\u011f\u0131n b\u00fcy\u00fck problem oldu\u011fu konusunda sezginin de \u00f6tesine ge\u00e7mi\u015ftir. \u0130\u015fte Marx\u2019\u0131n Kapital\u2019i niye b\u00f6yle olabilece\u011finin en sistemli a\u00e7\u0131klamas\u0131d\u0131r.Ne var ki, Kapital\u2019i okuman\u0131n ve anlaman\u0131n pek \u00e7ok g\u00fc\u00e7l\u00fc\u011f\u00fc vard\u0131r. Bu g\u00fc\u00e7l\u00fc\u011f\u00fc a\u015fmak \u00fczere \u00e7ok say\u0131da giri\u015f kitab\u0131 yaz\u0131lm\u0131\u015ft\u0131r. Mike Wayne\u2019in elinizdeki \u00e7al\u0131\u015fmas\u0131 da bu okuma g\u00fc\u00e7l\u00fc\u011f\u00fcn\u00fc a\u015fmak i\u00e7in okurlara yard\u0131mc\u0131 olmak \u00fczere yaz\u0131lm\u0131\u015f bir giri\u015f kitab\u0131d\u0131r. Kapital okumaya haz\u0131rl\u0131k kitab\u0131 da denebilir. Marx\u2019\u0131n b\u00fcy\u00fck eserinin \u00f6z\u00fcn\u00fc olu\u015fturan g\u00f6r\u00fc\u015fleri sergileyen ve g\u00fcncel verilerin \u0131\u015f\u0131\u011f\u0131nda Kapital\u2019in analizinin do\u011frulu\u011funu ortaya koyan kitap, g\u00fczel ve \u00e7arp\u0131c\u0131 resimlerle daha da \u00e7ekici hale getirilmi\u015ftir. <\/p>\n","protected":false},"excerpt":{"rendered":"<p>Kapital\u2019in yay\u0131nlanmas\u0131ndan bu yana kapitalizm, Marx\u2019\u0131n kapitalizm ele\u015ftirisinin yanl\u0131\u015f ve yersiz oldu\u011funu kan\u0131tlamaya u\u011fra\u015fadursun Marx ve temel eseri Kapital, d\u00fcnyay\u0131 anlamak isteyen her yeni ku\u015fa\u011fa uygun<span class=\"excerpt-hellip\"> [\u2026]<\/span><\/p>\n","protected":false},"featured_media":0,"template":"","meta":{"_monsterinsights_skip_tracking":false,"_monsterinsights_sitenote_active":false,"_monsterinsights_sitenote_note":"","_monsterinsights_sitenote_category":0},"product_brand":[],"product_cat":[12338,12337],"product_tag":[],"class_list":{"0":"post-699876","1":"product","2":"type-product","3":"status-publish","5":"product_cat-dunya-siyaseti-ve-politikasi","6":"product_cat-politika-siyaset","7":"pa_cilt-ciltsiz","8":"pa_tur-kitap","9":"pa_yayinevi-yordam-kitap","10":"pa_yazar-mike-wayne","12":"first","13":"instock","14":"sale","15":"shipping-taxable","16":"purchasable","17":"product-type-simple"},"_links":{"self":[{"href":"https:\/\/roveyayinevi.com.tr\/index.php\/wp-json\/wp\/v2\/product\/699876","targetHints":{"allow":["GET"]}}],"collection":[{"href":"https:\/\/roveyayinevi.com.tr\/index.php\/wp-json\/wp\/v2\/product"}],"about":[{"href":"https:\/\/roveyayinevi.com.tr\/index.php\/wp-json\/wp\/v2\/types\/product"}],"wp:attachment":[{"href":"https:\/\/roveyayinevi.com.tr\/index.php\/wp-json\/wp\/v2\/media?parent=699876"}],"wp:term":[{"taxonomy":"product_brand","embeddable":true,"href":"https:\/\/roveyayinevi.com.tr\/index.php\/wp-json\/wp\/v2\/product_brand?post=699876"},{"taxonomy":"product_cat","embeddable":true,"href":"https:\/\/roveyayinevi.com.tr\/index.php\/wp-json\/wp\/v2\/product_cat?post=699876"},{"taxonomy":"product_tag","embeddable":true,"href":"https:\/\/roveyayinevi.com.tr\/index.php\/wp-json\/wp\/v2\/product_tag?post=699876"}],"curies":[{"name":"wp","href":"https:\/\/api.w.org\/{rel}","templated":true}]}}