{"id":699875,"date":"2025-08-27T14:54:37","date_gmt":"2025-08-27T11:54:37","guid":{"rendered":"https:\/\/roveyayinevi.com.tr\/index.php\/urun\/devletin-antropolojisi\/"},"modified":"2026-04-16T02:09:26","modified_gmt":"2026-04-15T23:09:26","slug":"devletin-antropolojisi","status":"publish","type":"product","link":"https:\/\/roveyayinevi.com.tr\/index.php\/urun\/devletin-antropolojisi\/","title":{"rendered":"Devletin Antropolojisi"},"content":{"rendered":"<p>Toplumlar\u0131m\u0131zda uyguland\u0131\u011f\u0131 haliyle bir siyasal antropoloji m\u00fcmk\u00fcn m\u00fcd\u00fcr? B\u00f6ylesi bir giri\u015fimin getirebilece\u011fi katk\u0131 nedir? Yorumun her zaman mevcudiyetini duyurdu\u011fu ve bazen edimden bile \u00f6nce geldi\u011fi bir alanda, ki\u015fi, kendi \u00e7a\u011fda\u015flar\u0131n\u0131n etnolo\u011fu olmay\u0131 nas\u0131l becerir?   Bu kitab\u0131n, iki nedenle, cevap vermeyi ama\u00e7lad\u0131\u011f\u0131 sorular bunlard\u0131r. \u00d6ncelikle, g\u00fcn\u00fcm\u00fczde modern toplumlar\u0131n antropolojisi, daha \u00f6nce g\u00f6r\u00fclmedik bir geli\u015fmeye tan\u0131k olmaktad\u0131r. Siyaset kadar karma\u015f\u0131k alanlar\u0131 ele almak i\u00e7in entelekt\u00fcel mihenk ta\u015flar\u0131yla donanm\u0131\u015f olmak zorunludur. \u00d6te yandan siyasal temsiliyetin sahnelenme bi\u00e7imleriyle ilgilenirken sorgulad\u0131\u011f\u0131m\u0131z \u015fey, iktidara ve egemenli\u011fe, y\u00f6netenler ile y\u00f6netilenler aras\u0131ndaki ili\u015fkilere ili\u015fkin anlay\u0131\u015flar\u0131m\u0131z\u0131n kendisidir. E\u011fer, izledi\u011fimiz yolun sonunda, t\u00fcm\u00fcyle ba\u015fka bir ucundan siyaset felsefesinin ana temalar\u0131ndan birine ula\u015f\u0131yorsak, bu hi\u00e7 \u015f\u00fcphesiz bir rastlant\u0131 de\u011fildir. Bu, yurtta\u015fl\u0131k durumunu olu\u015fturan ve bireyin egemenli\u011finin, kamuya ve temsilcilerine aktar\u0131m\u0131 temas\u0131d\u0131r. <\/p>\n","protected":false},"excerpt":{"rendered":"<p>Toplumlar\u0131m\u0131zda uyguland\u0131\u011f\u0131 haliyle bir siyasal antropoloji m\u00fcmk\u00fcn m\u00fcd\u00fcr? B\u00f6ylesi bir giri\u015fimin getirebilece\u011fi katk\u0131 nedir? Yorumun her zaman mevcudiyetini duyurdu\u011fu ve bazen edimden bile \u00f6nce geldi\u011fi bir<span class=\"excerpt-hellip\"> [\u2026]<\/span><\/p>\n","protected":false},"featured_media":0,"template":"","meta":{"_monsterinsights_skip_tracking":false,"_monsterinsights_sitenote_active":false,"_monsterinsights_sitenote_note":"","_monsterinsights_sitenote_category":0},"product_brand":[],"product_cat":[12324],"product_tag":[],"class_list":{"0":"post-699875","1":"product","2":"type-product","3":"status-publish","5":"product_cat-sosyoloji","6":"pa_cilt-ciltsiz","7":"pa_tur-kitap","8":"pa_yayinevi-dipnot-yayinlari","9":"pa_yazar-marc-abeles","11":"first","12":"instock","13":"sale","14":"shipping-taxable","15":"purchasable","16":"product-type-simple"},"_links":{"self":[{"href":"https:\/\/roveyayinevi.com.tr\/index.php\/wp-json\/wp\/v2\/product\/699875","targetHints":{"allow":["GET"]}}],"collection":[{"href":"https:\/\/roveyayinevi.com.tr\/index.php\/wp-json\/wp\/v2\/product"}],"about":[{"href":"https:\/\/roveyayinevi.com.tr\/index.php\/wp-json\/wp\/v2\/types\/product"}],"wp:attachment":[{"href":"https:\/\/roveyayinevi.com.tr\/index.php\/wp-json\/wp\/v2\/media?parent=699875"}],"wp:term":[{"taxonomy":"product_brand","embeddable":true,"href":"https:\/\/roveyayinevi.com.tr\/index.php\/wp-json\/wp\/v2\/product_brand?post=699875"},{"taxonomy":"product_cat","embeddable":true,"href":"https:\/\/roveyayinevi.com.tr\/index.php\/wp-json\/wp\/v2\/product_cat?post=699875"},{"taxonomy":"product_tag","embeddable":true,"href":"https:\/\/roveyayinevi.com.tr\/index.php\/wp-json\/wp\/v2\/product_tag?post=699875"}],"curies":[{"name":"wp","href":"https:\/\/api.w.org\/{rel}","templated":true}]}}