{"id":699874,"date":"2025-08-27T14:54:37","date_gmt":"2025-08-27T11:54:37","guid":{"rendered":"https:\/\/roveyayinevi.com.tr\/index.php\/urun\/10-altin-volkani\/"},"modified":"2026-04-16T02:08:57","modified_gmt":"2026-04-15T23:08:57","slug":"10-altin-volkani","status":"publish","type":"product","link":"https:\/\/roveyayinevi.com.tr\/index.php\/urun\/10-altin-volkani\/","title":{"rendered":"10 &#8211; Alt\u0131n Volkan\u0131"},"content":{"rendered":"<p>Yolculuk ser\u00fcvenlerinin en usta yazarlar\u0131ndan Jules Verne, Alt\u0131n Volkan\u0131\u2019nda, biri macerac\u0131 ve h\u0131rsl\u0131, di\u011feri rahat\u0131na d\u00fc\u015fk\u00fcn iki kuzenin ba\u015f\u0131ndan ge\u00e7en heyecan dolu olaylar\u0131 anlat\u0131yor. \u0130ki kuzen amcalar\u0131ndan miras kalan alt\u0131n madenini g\u00f6rmeye Klondike\u2019a gider. Burada alt\u0131n \u00e7\u0131karmaya \u00e7al\u0131\u015f\u0131rlarken, bir deprem sonucunda arazilerinin sular alt\u0131nda kalmas\u0131yla planlar\u0131 alt\u00fcst olur. K\u0131\u015f\u0131 ge\u00e7irmek zorunda kald\u0131klar\u0131 Dawson-City\u2019de, \u00f6lmek \u00fczere olan bir Frans\u0131z onlara kuzeydeki bir alt\u0131n volkan\u0131n\u0131n yerini a\u00e7\u0131klar. Oraya giderler ancak volkan faaliyete ge\u00e7mek \u00fczere oldu\u011fundan kratere inmek m\u00fcmk\u00fcn de\u011fildir. Kuzenler volkan\u0131 patlat\u0131p, etrafa p\u00fcsk\u00fcrecek alt\u0131nlar\u0131 toplamak \u00fczere planlar yaparken beklenmedik olaylarla kar\u015f\u0131la\u015f\u0131rlar&#8230; Verne romanlar\u0131n\u0131n karakteristik \u00f6zellikleri bu kitapta kendisini ba\u015ftan sona hissettiriyor: Bir ama\u00e7 u\u011fruna her \u015feyin g\u00f6ze al\u0131nmas\u0131 ve amans\u0131z bir m\u00fccadele&#8230; <\/p>\n","protected":false},"excerpt":{"rendered":"<p>Yolculuk ser\u00fcvenlerinin en usta yazarlar\u0131ndan Jules Verne, Alt\u0131n Volkan\u0131\u2019nda, biri macerac\u0131 ve h\u0131rsl\u0131, di\u011feri rahat\u0131na d\u00fc\u015fk\u00fcn iki kuzenin ba\u015f\u0131ndan ge\u00e7en heyecan dolu olaylar\u0131 anlat\u0131yor. \u0130ki kuzen<span class=\"excerpt-hellip\"> [\u2026]<\/span><\/p>\n","protected":false},"featured_media":0,"template":"","meta":{"_monsterinsights_skip_tracking":false,"_monsterinsights_sitenote_active":false,"_monsterinsights_sitenote_note":"","_monsterinsights_sitenote_category":0},"product_brand":[],"product_cat":[12291,13376],"product_tag":[],"class_list":{"0":"post-699874","1":"product","2":"type-product","3":"status-publish","5":"product_cat-edebiyat","6":"product_cat-fransiz-edebiyati","7":"pa_cilt-ciltsiz","8":"pa_tur-kitap","9":"pa_yayinevi-ithaki-yayinlari","10":"pa_yazar-jules-verne","12":"first","13":"instock","14":"sale","15":"shipping-taxable","16":"purchasable","17":"product-type-simple"},"_links":{"self":[{"href":"https:\/\/roveyayinevi.com.tr\/index.php\/wp-json\/wp\/v2\/product\/699874","targetHints":{"allow":["GET"]}}],"collection":[{"href":"https:\/\/roveyayinevi.com.tr\/index.php\/wp-json\/wp\/v2\/product"}],"about":[{"href":"https:\/\/roveyayinevi.com.tr\/index.php\/wp-json\/wp\/v2\/types\/product"}],"wp:attachment":[{"href":"https:\/\/roveyayinevi.com.tr\/index.php\/wp-json\/wp\/v2\/media?parent=699874"}],"wp:term":[{"taxonomy":"product_brand","embeddable":true,"href":"https:\/\/roveyayinevi.com.tr\/index.php\/wp-json\/wp\/v2\/product_brand?post=699874"},{"taxonomy":"product_cat","embeddable":true,"href":"https:\/\/roveyayinevi.com.tr\/index.php\/wp-json\/wp\/v2\/product_cat?post=699874"},{"taxonomy":"product_tag","embeddable":true,"href":"https:\/\/roveyayinevi.com.tr\/index.php\/wp-json\/wp\/v2\/product_tag?post=699874"}],"curies":[{"name":"wp","href":"https:\/\/api.w.org\/{rel}","templated":true}]}}