{"id":699873,"date":"2025-08-27T14:54:37","date_gmt":"2025-08-27T11:54:37","guid":{"rendered":"https:\/\/roveyayinevi.com.tr\/index.php\/urun\/nazim-hikmet-nasil-buyuk-insan-oldu\/"},"modified":"2026-04-16T02:08:57","modified_gmt":"2026-04-15T23:08:57","slug":"nazim-hikmet-nasil-buyuk-insan-oldu","status":"publish","type":"product","link":"https:\/\/roveyayinevi.com.tr\/index.php\/urun\/nazim-hikmet-nasil-buyuk-insan-oldu\/","title":{"rendered":"Naz\u0131m Hikmet Nas\u0131l B\u00fcy\u00fck \u0130nsan Oldu?"},"content":{"rendered":"<p>Memleket \u015fairimiz N\u00e2z\u0131m Hikmet\u2019in \u00e7ocuklu\u011funu hi\u00e7 merak ettiniz mi?Neler yapmaktan ho\u015flan\u0131rd\u0131, bo\u015f zamanlar\u0131n\u0131 nas\u0131l de\u011ferlendirirdi hi\u00e7 d\u00fc\u015f\u00fcnd\u00fcn\u00fcz m\u00fc?\u00c7ocukken kafas\u0131n\u0131 en \u00e7ok kurcalayan sorular neler olabilir?B\u00fcy\u00fcd\u00fc\u011f\u00fcnde, \u015fiirleri elliden fazla dile \u00e7evrilen, d\u00fcnyaca \u00fcnl\u00fc bir \u015fair olaca\u011f\u0131 o g\u00fcnlerde belli miydi dersiniz?Haks\u0131zl\u0131\u011fa u\u011frad\u0131\u011f\u0131nda nas\u0131l davranm\u0131\u015ft\u0131 sizce? Vatanda\u015fl\u0131ktan \u00e7\u0131kar\u0131ld\u0131\u011f\u0131n\u0131 \u00f6\u011frendi\u011finde tepkisi ne olmu\u015ftu?Kuvay\u0131 Milliye Destan\u0131\u2019nda kimleri anlat\u0131yordu, kimlerin kahramanl\u0131klar\u0131n\u0131 yaz\u0131yordu N\u00e2z\u0131m?\u00dcnl\u00fc romanc\u0131m\u0131z Orhan Kemal ve ressam \u0130brahim Balabanba\u015fta olmak \u00fczere sanat ve edebiyat d\u00fcnyas\u0131ndan bir\u00e7ok insan\u0131 yeti\u015ftirdi\u011fini biliyor muydunuz? \u0130\u015fte bu sorular\u0131n yan\u0131tlar\u0131n\u0131 ve daha fazlas\u0131n\u0131bu kitapta bulacaks\u0131n\u0131z. Hatta bu b\u00fcy\u00fck \u015fairle ortak yanlar\u0131n\u0131z oldu\u011funu g\u00f6recek ve \u015fa\u015f\u0131racaks\u0131n\u0131z belki, kim bilir\u2026 <\/p>\n","protected":false},"excerpt":{"rendered":"<p>Memleket \u015fairimiz N\u00e2z\u0131m Hikmet\u2019in \u00e7ocuklu\u011funu hi\u00e7 merak ettiniz mi?Neler yapmaktan ho\u015flan\u0131rd\u0131, bo\u015f zamanlar\u0131n\u0131 nas\u0131l de\u011ferlendirirdi hi\u00e7 d\u00fc\u015f\u00fcnd\u00fcn\u00fcz m\u00fc?\u00c7ocukken kafas\u0131n\u0131 en \u00e7ok kurcalayan sorular neler olabilir?B\u00fcy\u00fcd\u00fc\u011f\u00fcnde, \u015fiirleri<span class=\"excerpt-hellip\"> [\u2026]<\/span><\/p>\n","protected":false},"featured_media":0,"template":"","meta":{"_monsterinsights_skip_tracking":false,"_monsterinsights_sitenote_active":false,"_monsterinsights_sitenote_note":"","_monsterinsights_sitenote_category":0},"product_brand":[],"product_cat":[12274,14573],"product_tag":[],"class_list":{"0":"post-699873","1":"product","2":"type-product","3":"status-publish","5":"product_cat-cocuk-ve-genclik-kitaplari","6":"product_cat-referans-kitaplar-cocuk-ve-genclik-kitaplari","7":"pa_tur-kitap","8":"pa_yayinevi-kaynak-cocuk-yayinlari","9":"pa_yazar-salim-kocak","11":"first","12":"instock","13":"sale","14":"shipping-taxable","15":"purchasable","16":"product-type-simple"},"_links":{"self":[{"href":"https:\/\/roveyayinevi.com.tr\/index.php\/wp-json\/wp\/v2\/product\/699873","targetHints":{"allow":["GET"]}}],"collection":[{"href":"https:\/\/roveyayinevi.com.tr\/index.php\/wp-json\/wp\/v2\/product"}],"about":[{"href":"https:\/\/roveyayinevi.com.tr\/index.php\/wp-json\/wp\/v2\/types\/product"}],"wp:attachment":[{"href":"https:\/\/roveyayinevi.com.tr\/index.php\/wp-json\/wp\/v2\/media?parent=699873"}],"wp:term":[{"taxonomy":"product_brand","embeddable":true,"href":"https:\/\/roveyayinevi.com.tr\/index.php\/wp-json\/wp\/v2\/product_brand?post=699873"},{"taxonomy":"product_cat","embeddable":true,"href":"https:\/\/roveyayinevi.com.tr\/index.php\/wp-json\/wp\/v2\/product_cat?post=699873"},{"taxonomy":"product_tag","embeddable":true,"href":"https:\/\/roveyayinevi.com.tr\/index.php\/wp-json\/wp\/v2\/product_tag?post=699873"}],"curies":[{"name":"wp","href":"https:\/\/api.w.org\/{rel}","templated":true}]}}