{"id":699864,"date":"2025-08-27T14:54:34","date_gmt":"2025-08-27T11:54:34","guid":{"rendered":"https:\/\/roveyayinevi.com.tr\/index.php\/urun\/ivan-ilyicin-olumu-3\/"},"modified":"2026-04-16T02:08:57","modified_gmt":"2026-04-15T23:08:57","slug":"ivan-ilyicin-olumu-3","status":"publish","type":"product","link":"https:\/\/roveyayinevi.com.tr\/index.php\/urun\/ivan-ilyicin-olumu-3\/","title":{"rendered":"\u0130van \u0130lyi\u00e7\u2019in \u00d6l\u00fcm\u00fc"},"content":{"rendered":"<p>Tolstoy, \u0130van \u0130lyi\u00e7\u2019in \u00d6l\u00fcm\u00fc\u2019nde amans\u0131z bir hastal\u0131\u011f\u0131n k\u0131skac\u0131ndaki bir yarg\u0131c\u0131n \u00f6l\u00fcme do\u011fru yava\u015f yava\u015f giderken kendisiyle, toplumla ve kurulu d\u00fczenle hesapla\u015fmas\u0131n\u0131 anlat\u0131r. \ufffcTan\u0131t\u0131m Metni<\/p>\n","protected":false},"excerpt":{"rendered":"<p>Tolstoy, \u0130van \u0130lyi\u00e7\u2019in \u00d6l\u00fcm\u00fc\u2019nde amans\u0131z bir hastal\u0131\u011f\u0131n k\u0131skac\u0131ndaki bir yarg\u0131c\u0131n \u00f6l\u00fcme do\u011fru yava\u015f yava\u015f giderken kendisiyle, toplumla ve kurulu d\u00fczenle hesapla\u015fmas\u0131n\u0131 anlat\u0131r. \ufffcTan\u0131t\u0131m Metni<\/p>\n","protected":false},"featured_media":0,"template":"","meta":{"_monsterinsights_skip_tracking":false,"_monsterinsights_sitenote_active":false,"_monsterinsights_sitenote_note":"","_monsterinsights_sitenote_category":0},"product_brand":[],"product_cat":[12291,13570],"product_tag":[],"class_list":{"0":"post-699864","1":"product","2":"type-product","3":"status-publish","5":"product_cat-edebiyat","6":"product_cat-rus-edebiyati","7":"pa_tur-kitap","8":"pa_yayinevi-islik-yayinlari","9":"pa_yazar-lev-nikolayevic-tolstoy","11":"first","12":"instock","13":"sale","14":"shipping-taxable","15":"purchasable","16":"product-type-simple"},"_links":{"self":[{"href":"https:\/\/roveyayinevi.com.tr\/index.php\/wp-json\/wp\/v2\/product\/699864","targetHints":{"allow":["GET"]}}],"collection":[{"href":"https:\/\/roveyayinevi.com.tr\/index.php\/wp-json\/wp\/v2\/product"}],"about":[{"href":"https:\/\/roveyayinevi.com.tr\/index.php\/wp-json\/wp\/v2\/types\/product"}],"wp:attachment":[{"href":"https:\/\/roveyayinevi.com.tr\/index.php\/wp-json\/wp\/v2\/media?parent=699864"}],"wp:term":[{"taxonomy":"product_brand","embeddable":true,"href":"https:\/\/roveyayinevi.com.tr\/index.php\/wp-json\/wp\/v2\/product_brand?post=699864"},{"taxonomy":"product_cat","embeddable":true,"href":"https:\/\/roveyayinevi.com.tr\/index.php\/wp-json\/wp\/v2\/product_cat?post=699864"},{"taxonomy":"product_tag","embeddable":true,"href":"https:\/\/roveyayinevi.com.tr\/index.php\/wp-json\/wp\/v2\/product_tag?post=699864"}],"curies":[{"name":"wp","href":"https:\/\/api.w.org\/{rel}","templated":true}]}}