{"id":699863,"date":"2025-08-27T14:54:34","date_gmt":"2025-08-27T11:54:34","guid":{"rendered":"https:\/\/roveyayinevi.com.tr\/index.php\/urun\/bir-zamane-cocugunun-itiraflari\/"},"modified":"2026-04-16T02:08:57","modified_gmt":"2026-04-15T23:08:57","slug":"bir-zamane-cocugunun-itiraflari","status":"publish","type":"product","link":"https:\/\/roveyayinevi.com.tr\/index.php\/urun\/bir-zamane-cocugunun-itiraflari\/","title":{"rendered":"Bir Zamane \u00c7ocu\u011funun \u0130tiraflar\u0131"},"content":{"rendered":"<p>Bir Zamane \u00c7ocu\u011funun \u0130tiraflar\u0131, a\u011f\u0131rl\u0131kl\u0131 olarak \u00f6yk\u00fc yazan Alfred de Musset&#8217;nin tek roman\u0131. Daha do\u011fru ifadeyle, kendi trajedisini kaleme alan de Musset&#8217;nin Goethe ve Lord Byron ba\u015fta olmak \u00fczere romantizmin ileri gelenleriyle hesapla\u015fmas\u0131n\u0131n \u00fcr\u00fcn\u00fc olan bir ba\u015fyap\u0131t. \ufffcTan\u0131t\u0131m Metni<\/p>\n","protected":false},"excerpt":{"rendered":"<p>Bir Zamane \u00c7ocu\u011funun \u0130tiraflar\u0131, a\u011f\u0131rl\u0131kl\u0131 olarak \u00f6yk\u00fc yazan Alfred de Musset&#8217;nin tek roman\u0131. Daha do\u011fru ifadeyle, kendi trajedisini kaleme alan de Musset&#8217;nin Goethe ve Lord Byron<span class=\"excerpt-hellip\"> [\u2026]<\/span><\/p>\n","protected":false},"featured_media":0,"template":"","meta":{"_monsterinsights_skip_tracking":false,"_monsterinsights_sitenote_active":false,"_monsterinsights_sitenote_note":"","_monsterinsights_sitenote_category":0},"product_brand":[],"product_cat":[12291,13376],"product_tag":[],"class_list":{"0":"post-699863","1":"product","2":"type-product","3":"status-publish","5":"product_cat-edebiyat","6":"product_cat-fransiz-edebiyati","7":"pa_tur-kitap","8":"pa_yayinevi-islik-yayinlari","9":"pa_yazar-alfred-de-musset","11":"first","12":"instock","13":"sale","14":"shipping-taxable","15":"purchasable","16":"product-type-simple"},"_links":{"self":[{"href":"https:\/\/roveyayinevi.com.tr\/index.php\/wp-json\/wp\/v2\/product\/699863","targetHints":{"allow":["GET"]}}],"collection":[{"href":"https:\/\/roveyayinevi.com.tr\/index.php\/wp-json\/wp\/v2\/product"}],"about":[{"href":"https:\/\/roveyayinevi.com.tr\/index.php\/wp-json\/wp\/v2\/types\/product"}],"wp:attachment":[{"href":"https:\/\/roveyayinevi.com.tr\/index.php\/wp-json\/wp\/v2\/media?parent=699863"}],"wp:term":[{"taxonomy":"product_brand","embeddable":true,"href":"https:\/\/roveyayinevi.com.tr\/index.php\/wp-json\/wp\/v2\/product_brand?post=699863"},{"taxonomy":"product_cat","embeddable":true,"href":"https:\/\/roveyayinevi.com.tr\/index.php\/wp-json\/wp\/v2\/product_cat?post=699863"},{"taxonomy":"product_tag","embeddable":true,"href":"https:\/\/roveyayinevi.com.tr\/index.php\/wp-json\/wp\/v2\/product_tag?post=699863"}],"curies":[{"name":"wp","href":"https:\/\/api.w.org\/{rel}","templated":true}]}}