{"id":699861,"date":"2025-08-27T14:54:33","date_gmt":"2025-08-27T11:54:33","guid":{"rendered":"https:\/\/roveyayinevi.com.tr\/index.php\/urun\/sokratesin-savunmasi-6\/"},"modified":"2026-04-16T02:08:57","modified_gmt":"2026-04-15T23:08:57","slug":"sokratesin-savunmasi-6","status":"publish","type":"product","link":"https:\/\/roveyayinevi.com.tr\/index.php\/urun\/sokratesin-savunmasi-6\/","title":{"rendered":"Sokrates\u2019in Savunmas\u0131"},"content":{"rendered":"<p>Platon\u2019un Sokrates\u2019in savunmas\u0131 adl\u0131 eseri Yunan felsefesinin en eski belgesidir, ondan \u00f6ncekileri ancak daha sonraki eserler sayesinde \u00f6\u011frenmekteyiz. Platon\u2019un Diyaloglar kapsam\u0131ndaki b\u00fct\u00fcn eserlerinin ba\u015f karakteri Sokrates esas\u0131nda felsefeyi ba\u015ftan kurmu\u015ftur vekendini savunu\u015funun anlat\u0131ld\u0131\u011f\u0131 bu eser hala Bat\u0131 felsefesine giri\u015f i\u00e7in en uygun kaynak olmay\u0131 s\u00fcrd\u00fcrmektedir. Bilindi\u011fi \u00fczere Sokrates, Savunma\u2019da, gen\u00e7lerin akl\u0131n\u0131 \u00e7eldi\u011fi ve tanr\u0131lara inanmad\u0131\u011f\u0131 iddias\u0131yla yarg\u0131lan\u0131r, soru sorma y\u00f6ntemiyle su\u00e7suzlu\u011funu ispatlamaya \u00e7al\u0131\u015f\u0131r, ne var ki j\u00fcri taraf\u0131ndan su\u00e7lu bulununca bald\u0131ran zehri i\u00e7erek \u00f6lmeye mahkum edilir. \ufffcTan\u0131t\u0131m Metni<\/p>\n","protected":false},"excerpt":{"rendered":"<p>Platon\u2019un Sokrates\u2019in savunmas\u0131 adl\u0131 eseri Yunan felsefesinin en eski belgesidir, ondan \u00f6ncekileri ancak daha sonraki eserler sayesinde \u00f6\u011frenmekteyiz. Platon\u2019un Diyaloglar kapsam\u0131ndaki b\u00fct\u00fcn eserlerinin ba\u015f karakteri Sokrates<span class=\"excerpt-hellip\"> [\u2026]<\/span><\/p>\n","protected":false},"featured_media":0,"template":"","meta":{"_monsterinsights_skip_tracking":false,"_monsterinsights_sitenote_active":false,"_monsterinsights_sitenote_note":"","_monsterinsights_sitenote_category":0},"product_brand":[],"product_cat":[12388,14717],"product_tag":[],"class_list":{"0":"post-699861","1":"product","2":"type-product","3":"status-publish","5":"product_cat-felsefe","6":"product_cat-felsefe-tarihi","7":"pa_cilt-ciltsiz","8":"pa_tur-kitap","9":"pa_yayinevi-say-yayinlari","10":"pa_yazar-platon-eflatun","12":"first","13":"instock","14":"sale","15":"shipping-taxable","16":"purchasable","17":"product-type-simple"},"_links":{"self":[{"href":"https:\/\/roveyayinevi.com.tr\/index.php\/wp-json\/wp\/v2\/product\/699861","targetHints":{"allow":["GET"]}}],"collection":[{"href":"https:\/\/roveyayinevi.com.tr\/index.php\/wp-json\/wp\/v2\/product"}],"about":[{"href":"https:\/\/roveyayinevi.com.tr\/index.php\/wp-json\/wp\/v2\/types\/product"}],"wp:attachment":[{"href":"https:\/\/roveyayinevi.com.tr\/index.php\/wp-json\/wp\/v2\/media?parent=699861"}],"wp:term":[{"taxonomy":"product_brand","embeddable":true,"href":"https:\/\/roveyayinevi.com.tr\/index.php\/wp-json\/wp\/v2\/product_brand?post=699861"},{"taxonomy":"product_cat","embeddable":true,"href":"https:\/\/roveyayinevi.com.tr\/index.php\/wp-json\/wp\/v2\/product_cat?post=699861"},{"taxonomy":"product_tag","embeddable":true,"href":"https:\/\/roveyayinevi.com.tr\/index.php\/wp-json\/wp\/v2\/product_tag?post=699861"}],"curies":[{"name":"wp","href":"https:\/\/api.w.org\/{rel}","templated":true}]}}