{"id":699850,"date":"2025-08-27T14:54:30","date_gmt":"2025-08-27T11:54:30","guid":{"rendered":"https:\/\/roveyayinevi.com.tr\/index.php\/urun\/bosnada-egemenlik-sorunu\/"},"modified":"2026-04-16T02:08:56","modified_gmt":"2026-04-15T23:08:56","slug":"bosnada-egemenlik-sorunu","status":"publish","type":"product","link":"https:\/\/roveyayinevi.com.tr\/index.php\/urun\/bosnada-egemenlik-sorunu\/","title":{"rendered":"Bosna&#8217;da Egemenlik Sorunu"},"content":{"rendered":"<p>Dayton Anla\u015fmas\u0131 ile Avrupa\u2019n\u0131n ortas\u0131nda s\u00fcren Bosna Sava\u015f\u0131 son bulmu\u015ftur\u2026 B\u00f6ylece Avrupa\u2019n\u0131n \u0130kinci D\u00fcnya Sava\u015f\u0131\u2019ndan sonra ya\u015fad\u0131\u011f\u0131 en kanl\u0131 trajedi nihayete ermi\u015ftir.Dayton Bar\u0131\u015f Anla\u015fmas\u0131, taraflar\u0131n hi\u00e7 birinin \u00e7\u0131kar elde edemedi\u011fi sadece ge\u00e7ici uzla\u015fma sa\u011flanan bir anla\u015fma olmu\u015ftur.Dayton Bar\u0131\u015f Anla\u015fmas\u0131 sava\u015fla birlikte ortaya \u00e7\u0131kan etkin ayr\u0131mc\u0131l\u0131\u011f\u0131 me\u015frula\u015ft\u0131rm\u0131\u015ft\u0131r. Anla\u015fma ayr\u0131ca Bosna-Hersek i\u00e7indeki b\u00f6l\u00fcnmeyi resmile\u015ftirmi\u015ftir. Bosna-Hersek s\u0131n\u0131rlar\u0131 uluslararas\u0131 d\u00fczeyde korunmu\u015fsa da, ate\u015fkes d\u00f6nemindeki durumun esas al\u0131nmas\u0131, stat\u00fckonun kal\u0131c\u0131 hale gelmesine yol a\u00e7m\u0131\u015ft\u0131r. Anla\u015fman\u0131n sorunlar\u0131ndan biri de Bo\u015fnaklar\u2019a ya\u015fam hakk\u0131n\u0131n, sadece H\u0131rvatlarla federasyon yapmalar\u0131 durumunda sa\u011flanm\u0131\u015f olmas\u0131d\u0131r.Dayton Anla\u015fmas\u0131, Bosna\u2019da birlikte ya\u015fayan \u00e7e\u015fitli etnik gruplar aras\u0131ndaki \u00e7at\u0131\u015fmalar\u0131 ve buna neden olan anla\u015fmazl\u0131klar\u0131 \u00e7\u00f6zm\u00fc\u015f de\u011fildir, sadece bu anla\u015fmazl\u0131klar\u0131 ertelemi\u015ftir. Hatta tam tersine, etnik \u00e7at\u0131\u015fmalar\u0131 ve zaten var olan dini ayr\u0131l\u0131klar\u0131 da peki\u015ftirmi\u015ftir. <\/p>\n","protected":false},"excerpt":{"rendered":"<p>Dayton Anla\u015fmas\u0131 ile Avrupa\u2019n\u0131n ortas\u0131nda s\u00fcren Bosna Sava\u015f\u0131 son bulmu\u015ftur\u2026 B\u00f6ylece Avrupa\u2019n\u0131n \u0130kinci D\u00fcnya Sava\u015f\u0131\u2019ndan sonra ya\u015fad\u0131\u011f\u0131 en kanl\u0131 trajedi nihayete ermi\u015ftir.Dayton Bar\u0131\u015f Anla\u015fmas\u0131, taraflar\u0131n hi\u00e7<span class=\"excerpt-hellip\"> [\u2026]<\/span><\/p>\n","protected":false},"featured_media":0,"template":"","meta":{"_monsterinsights_skip_tracking":false,"_monsterinsights_sitenote_active":false,"_monsterinsights_sitenote_note":"","_monsterinsights_sitenote_category":0},"product_brand":[],"product_cat":[13590,12337],"product_tag":[],"class_list":{"0":"post-699850","1":"product","2":"type-product","3":"status-publish","5":"product_cat-arastirma-inceleme-politika-siyaset","6":"product_cat-politika-siyaset","7":"pa_cilt-ciltsiz","8":"pa_tur-kitap","9":"pa_yayinevi-biyografi-net-yayincilik","10":"pa_yazar-esat-ertac-erbesler","12":"first","13":"instock","14":"sale","15":"shipping-taxable","16":"purchasable","17":"product-type-simple"},"_links":{"self":[{"href":"https:\/\/roveyayinevi.com.tr\/index.php\/wp-json\/wp\/v2\/product\/699850","targetHints":{"allow":["GET"]}}],"collection":[{"href":"https:\/\/roveyayinevi.com.tr\/index.php\/wp-json\/wp\/v2\/product"}],"about":[{"href":"https:\/\/roveyayinevi.com.tr\/index.php\/wp-json\/wp\/v2\/types\/product"}],"wp:attachment":[{"href":"https:\/\/roveyayinevi.com.tr\/index.php\/wp-json\/wp\/v2\/media?parent=699850"}],"wp:term":[{"taxonomy":"product_brand","embeddable":true,"href":"https:\/\/roveyayinevi.com.tr\/index.php\/wp-json\/wp\/v2\/product_brand?post=699850"},{"taxonomy":"product_cat","embeddable":true,"href":"https:\/\/roveyayinevi.com.tr\/index.php\/wp-json\/wp\/v2\/product_cat?post=699850"},{"taxonomy":"product_tag","embeddable":true,"href":"https:\/\/roveyayinevi.com.tr\/index.php\/wp-json\/wp\/v2\/product_tag?post=699850"}],"curies":[{"name":"wp","href":"https:\/\/api.w.org\/{rel}","templated":true}]}}