{"id":699847,"date":"2025-08-27T14:54:29","date_gmt":"2025-08-27T11:54:29","guid":{"rendered":"https:\/\/roveyayinevi.com.tr\/index.php\/urun\/piyano-icin-dagarcik\/"},"modified":"2026-04-16T02:08:56","modified_gmt":"2026-04-15T23:08:56","slug":"piyano-icin-dagarcik","status":"publish","type":"product","link":"https:\/\/roveyayinevi.com.tr\/index.php\/urun\/piyano-icin-dagarcik\/","title":{"rendered":"Piyano i\u00e7in Da\u011farc\u0131k"},"content":{"rendered":"<p>Bu kitapta yer alan beste ve d\u00fczenlemeler, \u201cG\u00fczel Sanatlar Liseleri\u201d, \u201cE\u011fitim Fak\u00fclteleri M\u00fczik \u00d6\u011fretmenli\u011fi B\u00f6l\u00fcmleri\u201d, \u201cKonservatuvarlar\u201d, ve \u201cG\u00fczel Sanatlar Fak\u00fclteleri M\u00fczik B\u00f6l\u00fcmleri\u201d gibi mesleki piyano e\u011fitimi veren kurumlardaki \u00f6\u011frencilerin, piyanoya ba\u015flang\u0131\u00e7 a\u015famas\u0131ndan itibaren seslendirilebilecekleri niteliktedir.Kitaptaki ilk 4 et\u00fct ile \u00c7oban, Saray Yolu ve Merdiven gibi k\u00fc\u00e7\u00fck \u00f6l\u00e7ekli par\u00e7alar, y\u00fcksek lisans tezimdeki piyano e\u011fitimi ba\u015flang\u0131\u00e7 a\u015famas\u0131 i\u00e7in olu\u015fturmay\u0131 d\u00fc\u015f\u00fcnd\u00fc\u011f\u00fcm da\u011farc\u0131ktan \u00f6rneklerdir. Buradaki ama\u00e7 piyano e\u011fitimi ba\u015flang\u0131\u00e7 a\u015famas\u0131nda orta do konumundan ba\u015flayarak kendi ezgilerimizden olu\u015fan bir da\u011farc\u0131k \u00f6nerisiydi.Bu kitapta yer alan \u201cS\u00fcp\u00fcrgesi Yoncadan\u201d ve \u201cTa\u015fl\u0131 Tarla Ayr\u0131kl\u0131\u201d isimli d\u00fczenlemeler, 1993 y\u0131l\u0131nda daha lisans 4. s\u0131n\u0131fta iken \u201cT\u00fcrk M\u00fczi\u011fi \u00c7okseslendirme\u201d dersi kapsam\u0131nda sevgili \u00f6\u011fretmenim Prof. Ertu\u011frul Bayraktar g\u00f6zetiminde ders \u00f6devi olarak haz\u0131rlanm\u0131\u015ft\u0131. \u201cDe\u011firmen\u201d isimli eser ise Prof. Veli Muhatov\u2019un 1994 y\u0131l\u0131nda y\u00fcksek lisans program\u0131 kapsam\u0131nda yap\u0131lan \u201cBesteleme Teknikleri\u201d dersinin \u00fcr\u00fcnlerinden bir tanesidir. Kitapta yer alan \u201cSu\u201d isimli eser, 2008 y\u0131l\u0131nda d\u00fczenlenen Hal\u0131c\u0131 Bilgisayarla Beste Yar\u0131\u015fmas\u0131\u2019na \u201ch2o\u201d ad\u0131yla kat\u0131lm\u0131\u015f ve remix versiyonuyla \u00f6d\u00fcle lay\u0131k g\u00f6r\u00fclm\u00fc\u015ft\u00fcr. \u201c\u015eaka\u201d ve \u201cFidayda \u00dczerine \u00c7e\u015fitlemeler\u201d isimli eserler ise piyano \u00f6\u011frencilerimin belli teknik davran\u0131\u015flar\u0131 kazanabilmeleri i\u00e7in taraf\u0131mdan et\u00fct niteli\u011finde yaz\u0131lm\u0131\u015f, fakat zaman i\u00e7erisinde \u00e7e\u015fitli de\u011fi\u015fimlerle eser niteli\u011fine d\u00f6n\u00fc\u015fm\u00fc\u015ft\u00fcr. Kitapta yer alan 14 par\u00e7an\u0131n canl\u0131 kaydedilmi\u015f MP3 dosyalar\u0131n\u0131 yay\u0131nevi web sitesinden dinleyebilir ve indirebilirsiniz.<\/p>\n","protected":false},"excerpt":{"rendered":"<p>Bu kitapta yer alan beste ve d\u00fczenlemeler, \u201cG\u00fczel Sanatlar Liseleri\u201d, \u201cE\u011fitim Fak\u00fclteleri M\u00fczik \u00d6\u011fretmenli\u011fi B\u00f6l\u00fcmleri\u201d, \u201cKonservatuvarlar\u201d, ve \u201cG\u00fczel Sanatlar Fak\u00fclteleri M\u00fczik B\u00f6l\u00fcmleri\u201d gibi mesleki piyano e\u011fitimi<span class=\"excerpt-hellip\"> [\u2026]<\/span><\/p>\n","protected":false},"featured_media":0,"template":"","meta":{"_monsterinsights_skip_tracking":false,"_monsterinsights_sitenote_active":false,"_monsterinsights_sitenote_note":"","_monsterinsights_sitenote_category":0},"product_brand":[],"product_cat":[14556,14557],"product_tag":[],"class_list":{"0":"post-699847","1":"product","2":"type-product","3":"status-publish","5":"product_cat-muzik","6":"product_cat-nota-kitaplari","7":"pa_cilt-ciltsiz","8":"pa_tur-kitap","9":"pa_yayinevi-muzik-egitimi-yayinlari","10":"pa_yazar-yavuz-durak","12":"first","13":"instock","14":"sale","15":"shipping-taxable","16":"purchasable","17":"product-type-simple"},"_links":{"self":[{"href":"https:\/\/roveyayinevi.com.tr\/index.php\/wp-json\/wp\/v2\/product\/699847","targetHints":{"allow":["GET"]}}],"collection":[{"href":"https:\/\/roveyayinevi.com.tr\/index.php\/wp-json\/wp\/v2\/product"}],"about":[{"href":"https:\/\/roveyayinevi.com.tr\/index.php\/wp-json\/wp\/v2\/types\/product"}],"wp:attachment":[{"href":"https:\/\/roveyayinevi.com.tr\/index.php\/wp-json\/wp\/v2\/media?parent=699847"}],"wp:term":[{"taxonomy":"product_brand","embeddable":true,"href":"https:\/\/roveyayinevi.com.tr\/index.php\/wp-json\/wp\/v2\/product_brand?post=699847"},{"taxonomy":"product_cat","embeddable":true,"href":"https:\/\/roveyayinevi.com.tr\/index.php\/wp-json\/wp\/v2\/product_cat?post=699847"},{"taxonomy":"product_tag","embeddable":true,"href":"https:\/\/roveyayinevi.com.tr\/index.php\/wp-json\/wp\/v2\/product_tag?post=699847"}],"curies":[{"name":"wp","href":"https:\/\/api.w.org\/{rel}","templated":true}]}}