{"id":699844,"date":"2025-08-27T14:54:28","date_gmt":"2025-08-27T11:54:28","guid":{"rendered":"https:\/\/roveyayinevi.com.tr\/index.php\/urun\/gosteri-toplumu\/"},"modified":"2026-04-16T02:08:56","modified_gmt":"2026-04-15T23:08:56","slug":"gosteri-toplumu","status":"publish","type":"product","link":"https:\/\/roveyayinevi.com.tr\/index.php\/urun\/gosteri-toplumu\/","title":{"rendered":"G\u00f6steri Toplumu"},"content":{"rendered":"<p>Debord\u2019un G\u00f6steri Toplumu adl\u0131 kitab\u0131 y\u0131k\u0131c\u0131 oldu\u011fu kadar tarihe de direnebilmi\u015f bir eserdir. 70\u2019lerde yay\u0131mland\u0131\u011f\u0131nda \u201ca\u015f\u0131r\u0131\u201d tezleri nedeniyle \u201c\u015fok\u201d yaratm\u0131\u015f, 80\u2019lerde ise hayat\u0131n do\u011frulad\u0131\u011f\u0131 bir metin olarak kabul g\u00f6rm\u00fc\u015ft\u00fcr. Egemenli\u011fini t\u00fcm d\u00fcnyada \u00e7oktan kurmu\u015f ve g\u00fcndelik dile ge\u00e7irmi\u015f olan g\u00f6steri toplumunu ilk kez tan\u0131mlayan ve adland\u0131ran Debord, kapitalist iktisad\u0131n ve meta dola\u015f\u0131m\u0131n\u0131n uzant\u0131s\u0131 olarak nitelendirdi\u011fi g\u00f6steri egemenli\u011finin sosyalist olduklar\u0131 iddias\u0131nda olan \u00fclkelerde de var oldu\u011funu; d\u00fcnyan\u0131n yeniden tek bir pazar haline gelece\u011fini ve b\u00fcrokratik iktidarlar\u0131n da Amerikan tipi g\u00f6sterinin h\u00e2kimiyeti alt\u0131na girece\u011fini s\u00f6ylemi\u015ftir. G\u00f6steri Toplumu\u2019nda tek kelimeyi bile de\u011fi\u015ftirme gere\u011fini duymadan y\u0131llar sonra kaleme ald\u0131\u011f\u0131 G\u00f6steri Toplumu \u00dczerine Yorumlar\u2019da mafya, ter\u00f6rizm, polis devleti gibi olgular\u0131n nas\u0131l g\u00f6sterinin bir par\u00e7as\u0131 haline geldiklerini sergiler. <\/p>\n","protected":false},"excerpt":{"rendered":"<p>Debord\u2019un G\u00f6steri Toplumu adl\u0131 kitab\u0131 y\u0131k\u0131c\u0131 oldu\u011fu kadar tarihe de direnebilmi\u015f bir eserdir. 70\u2019lerde yay\u0131mland\u0131\u011f\u0131nda \u201ca\u015f\u0131r\u0131\u201d tezleri nedeniyle \u201c\u015fok\u201d yaratm\u0131\u015f, 80\u2019lerde ise hayat\u0131n do\u011frulad\u0131\u011f\u0131 bir metin<span class=\"excerpt-hellip\"> [\u2026]<\/span><\/p>\n","protected":false},"featured_media":0,"template":"","meta":{"_monsterinsights_skip_tracking":false,"_monsterinsights_sitenote_active":false,"_monsterinsights_sitenote_note":"","_monsterinsights_sitenote_category":0},"product_brand":[],"product_cat":[12835,12324],"product_tag":[],"class_list":{"0":"post-699844","1":"product","2":"type-product","3":"status-publish","5":"product_cat-genel-sosyoloji","6":"product_cat-sosyoloji","7":"pa_cilt-ciltsiz","8":"pa_tur-kitap","9":"pa_yayinevi-ayrinti-yayinlari","10":"pa_yazar-guy-debord","12":"first","13":"instock","14":"sale","15":"shipping-taxable","16":"purchasable","17":"product-type-simple"},"_links":{"self":[{"href":"https:\/\/roveyayinevi.com.tr\/index.php\/wp-json\/wp\/v2\/product\/699844","targetHints":{"allow":["GET"]}}],"collection":[{"href":"https:\/\/roveyayinevi.com.tr\/index.php\/wp-json\/wp\/v2\/product"}],"about":[{"href":"https:\/\/roveyayinevi.com.tr\/index.php\/wp-json\/wp\/v2\/types\/product"}],"wp:attachment":[{"href":"https:\/\/roveyayinevi.com.tr\/index.php\/wp-json\/wp\/v2\/media?parent=699844"}],"wp:term":[{"taxonomy":"product_brand","embeddable":true,"href":"https:\/\/roveyayinevi.com.tr\/index.php\/wp-json\/wp\/v2\/product_brand?post=699844"},{"taxonomy":"product_cat","embeddable":true,"href":"https:\/\/roveyayinevi.com.tr\/index.php\/wp-json\/wp\/v2\/product_cat?post=699844"},{"taxonomy":"product_tag","embeddable":true,"href":"https:\/\/roveyayinevi.com.tr\/index.php\/wp-json\/wp\/v2\/product_tag?post=699844"}],"curies":[{"name":"wp","href":"https:\/\/api.w.org\/{rel}","templated":true}]}}