{"id":699842,"date":"2025-08-27T14:54:28","date_gmt":"2025-08-27T11:54:28","guid":{"rendered":"https:\/\/roveyayinevi.com.tr\/index.php\/urun\/asilzade-yuvasi\/"},"modified":"2026-04-16T02:08:56","modified_gmt":"2026-04-15T23:08:56","slug":"asilzade-yuvasi","status":"publish","type":"product","link":"https:\/\/roveyayinevi.com.tr\/index.php\/urun\/asilzade-yuvasi\/","title":{"rendered":"Asilzade Yuvas\u0131"},"content":{"rendered":"<p>Rus edebiyat\u0131n\u0131n klasik yazarlar\u0131 aras\u0131nda en \u015fiirsel dile ve en asil karakterlere sahip yazarlardan biri olan \u0130van Turgenyev (1818-1883), Dostoyevski&#8217;nin tam tersi mizaca sahip karde\u015fi gibidir. Dostoyevski ne kadar tart\u0131\u015fmac\u0131, \u015f\u00fcpheci, kayg\u0131l\u0131 karakterler yaratt\u0131ysa, Turgenyev de o kadar anlay\u0131\u015fl\u0131, kararl\u0131, ayd\u0131nl\u0131k karakterler yaratm\u0131\u015ft\u0131r. Belki de bu y\u00f6n\u00fcyle, d\u00f6nemin Avrupa edebiyat\u0131nda h\u0131zla \u00fcne kavu\u015fmu\u015f ve Rus edebiyat\u0131n\u0131n tan\u0131nmas\u0131na \u00f6nc\u00fcl\u00fck etmi\u015ftir. \ufffcTan\u0131t\u0131m Metni<\/p>\n","protected":false},"excerpt":{"rendered":"<p>Rus edebiyat\u0131n\u0131n klasik yazarlar\u0131 aras\u0131nda en \u015fiirsel dile ve en asil karakterlere sahip yazarlardan biri olan \u0130van Turgenyev (1818-1883), Dostoyevski&#8217;nin tam tersi mizaca sahip karde\u015fi gibidir.<span class=\"excerpt-hellip\"> [\u2026]<\/span><\/p>\n","protected":false},"featured_media":0,"template":"","meta":{"_monsterinsights_skip_tracking":false,"_monsterinsights_sitenote_active":false,"_monsterinsights_sitenote_note":"","_monsterinsights_sitenote_category":0},"product_brand":[],"product_cat":[12291,13570],"product_tag":[],"class_list":{"0":"post-699842","1":"product","2":"type-product","3":"status-publish","5":"product_cat-edebiyat","6":"product_cat-rus-edebiyati","7":"pa_tur-kitap","8":"pa_yayinevi-islik-yayinlari","9":"pa_yazar-ivan-sergeyevic-turgenyev","11":"first","12":"instock","13":"sale","14":"shipping-taxable","15":"purchasable","16":"product-type-simple"},"_links":{"self":[{"href":"https:\/\/roveyayinevi.com.tr\/index.php\/wp-json\/wp\/v2\/product\/699842","targetHints":{"allow":["GET"]}}],"collection":[{"href":"https:\/\/roveyayinevi.com.tr\/index.php\/wp-json\/wp\/v2\/product"}],"about":[{"href":"https:\/\/roveyayinevi.com.tr\/index.php\/wp-json\/wp\/v2\/types\/product"}],"wp:attachment":[{"href":"https:\/\/roveyayinevi.com.tr\/index.php\/wp-json\/wp\/v2\/media?parent=699842"}],"wp:term":[{"taxonomy":"product_brand","embeddable":true,"href":"https:\/\/roveyayinevi.com.tr\/index.php\/wp-json\/wp\/v2\/product_brand?post=699842"},{"taxonomy":"product_cat","embeddable":true,"href":"https:\/\/roveyayinevi.com.tr\/index.php\/wp-json\/wp\/v2\/product_cat?post=699842"},{"taxonomy":"product_tag","embeddable":true,"href":"https:\/\/roveyayinevi.com.tr\/index.php\/wp-json\/wp\/v2\/product_tag?post=699842"}],"curies":[{"name":"wp","href":"https:\/\/api.w.org\/{rel}","templated":true}]}}