{"id":699838,"date":"2025-08-27T14:54:26","date_gmt":"2025-08-27T11:54:26","guid":{"rendered":"https:\/\/roveyayinevi.com.tr\/index.php\/urun\/profesor-iyon-ile-fen-super-sistemlerde-bir-tur\/"},"modified":"2026-04-16T02:08:56","modified_gmt":"2026-04-15T23:08:56","slug":"profesor-iyon-ile-fen-super-sistemlerde-bir-tur","status":"publish","type":"product","link":"https:\/\/roveyayinevi.com.tr\/index.php\/urun\/profesor-iyon-ile-fen-super-sistemlerde-bir-tur\/","title":{"rendered":"Profes\u00f6r \u0130yon \u0130le Fen : S\u00fcper Sistemlerde Bir Tur"},"content":{"rendered":"<p>Seda i\u00e7in resim dersi nas\u0131l h\u0131zl\u0131 ge\u00e7iyorsa fen dersi de aksine ge\u00e7mek bilmiyordur. Bu durum onu dersten so\u011futmaya ba\u015flam\u0131\u015ft\u0131r. Neyse ki \u00e7ocuklara yard\u0131m etmeyi g\u00f6rev edinmi\u015f Fen Gezegeni\u2019nin Ba\u015fkan\u0131 Profes\u00f6r \u0130yon vard\u0131r. Stajyer uzman\u0131 sayesinde Seda, v\u00fccudumuzu yak\u0131ndan tan\u0131r; solunum, sindirim ve iskelet sistemini \u00f6\u011frenir ve inan\u0131lmaz bir ser\u00fcven ya\u015far! Okurlar bu keyifli ve \u00f6\u011fretici \u00f6yk\u00fclere bay\u0131lacaklar! <\/p>\n","protected":false},"excerpt":{"rendered":"<p>Seda i\u00e7in resim dersi nas\u0131l h\u0131zl\u0131 ge\u00e7iyorsa fen dersi de aksine ge\u00e7mek bilmiyordur. Bu durum onu dersten so\u011futmaya ba\u015flam\u0131\u015ft\u0131r. Neyse ki \u00e7ocuklara yard\u0131m etmeyi g\u00f6rev edinmi\u015f<span class=\"excerpt-hellip\"> [\u2026]<\/span><\/p>\n","protected":false},"featured_media":0,"template":"","meta":{"_monsterinsights_skip_tracking":false,"_monsterinsights_sitenote_active":false,"_monsterinsights_sitenote_note":"","_monsterinsights_sitenote_category":0},"product_brand":[],"product_cat":[13829,12274],"product_tag":[],"class_list":{"0":"post-699838","1":"product","2":"type-product","3":"status-publish","5":"product_cat-bilimsel-kitaplar","6":"product_cat-cocuk-ve-genclik-kitaplari","7":"pa_cilt-ciltsiz","8":"pa_tur-kitap","9":"pa_yayinevi-timas-cocuk","10":"pa_yazar-birsen-ekim-ozen","12":"first","13":"instock","14":"sale","15":"shipping-taxable","16":"purchasable","17":"product-type-simple"},"_links":{"self":[{"href":"https:\/\/roveyayinevi.com.tr\/index.php\/wp-json\/wp\/v2\/product\/699838","targetHints":{"allow":["GET"]}}],"collection":[{"href":"https:\/\/roveyayinevi.com.tr\/index.php\/wp-json\/wp\/v2\/product"}],"about":[{"href":"https:\/\/roveyayinevi.com.tr\/index.php\/wp-json\/wp\/v2\/types\/product"}],"wp:attachment":[{"href":"https:\/\/roveyayinevi.com.tr\/index.php\/wp-json\/wp\/v2\/media?parent=699838"}],"wp:term":[{"taxonomy":"product_brand","embeddable":true,"href":"https:\/\/roveyayinevi.com.tr\/index.php\/wp-json\/wp\/v2\/product_brand?post=699838"},{"taxonomy":"product_cat","embeddable":true,"href":"https:\/\/roveyayinevi.com.tr\/index.php\/wp-json\/wp\/v2\/product_cat?post=699838"},{"taxonomy":"product_tag","embeddable":true,"href":"https:\/\/roveyayinevi.com.tr\/index.php\/wp-json\/wp\/v2\/product_tag?post=699838"}],"curies":[{"name":"wp","href":"https:\/\/api.w.org\/{rel}","templated":true}]}}