{"id":699835,"date":"2025-08-27T14:53:24","date_gmt":"2025-08-27T11:53:24","guid":{"rendered":"https:\/\/roveyayinevi.com.tr\/index.php\/urun\/melekler-icin-seytan-tuyu\/"},"modified":"2026-04-13T02:11:27","modified_gmt":"2026-04-12T23:11:27","slug":"melekler-icin-seytan-tuyu","status":"publish","type":"product","link":"https:\/\/roveyayinevi.com.tr\/index.php\/urun\/melekler-icin-seytan-tuyu\/","title":{"rendered":"Melekler \u0130\u00e7in \u015eeytan T\u00fcy\u00fc"},"content":{"rendered":"<p>\u0130nsan\u0131n hayat kalitesi ileti\u015fim becerisine ba\u011fl\u0131d\u0131r. Kendisi de bir ileti\u015fim dehas\u0131 olan B\u00fclent Yerlikaya&#8217;n\u0131n etkili ileti\u015fim kurman\u0131n s\u0131rlar\u0131n\u0131 payla\u015ft\u0131\u011f\u0131 bu kitap hayat kalitenizi art\u0131rman\u0131za yard\u0131mc\u0131 olacak. Ben \u00f6ld\u00fcm biliyor musunuz? Ama h\u00e2l\u00e2 sizinle ileti\u015fim kuruyorum.  Dostlar\u0131m sa\u011f olsunlar. Bir seminerimde d\u00fcnyaya kaz\u0131k \u00e7akmaya m\u0131 geldik demi\u015ftim. \u00c7akt\u0131m ve \u00e7ak\u0131yorum i\u015fte&#8230; Binlerce \u00f6\u011frencim oldu, binlerce askerim, y\u00fczlerce arkada\u015f\u0131m, onlarca dostum, akrabam, iki evlad\u0131m ve biricik e\u015fim\u2026 Hepsinin zihninde, y\u00fcre\u011finde kalaca\u011f\u0131m\u0131 biliyorum. Ama onlar da gittikten sonra\u2026 Elbet bir g\u00fcn buralarda bulu\u015faca\u011f\u0131z. Ben istiyorum ki, \u015fu an oldu\u011fu gibi yan\u0131 ba\u015f\u0131n\u0131zda olay\u0131m, ba\u015fucunuzda duray\u0131m; duygular\u0131m, d\u00fc\u015f\u00fcncelerim, fikirlerim elden ele, zihinden zihne gezsin. Arkada\u015flar\u0131n\u0131z, \u00e7ocuklar\u0131n\u0131z, torunlar\u0131n\u0131z sizin alt\u0131n\u0131 \u00e7izdi\u011finiz yerlere baks\u0131n ve ayn\u0131 yeri be\u011fenmi\u015fiz desin. Duyguda\u015f, fikirda\u015f, g\u00f6n\u00fclda\u015f olun, insan\u0131n insan olmas\u0131n\u0131 sa\u011flayan bu yaz\u0131l\u0131 ileti\u015fim arac\u0131yla.  Hayat\u0131m boyunca ileti\u015fimin \u00e7ok ama \u00e7ok \u00f6nemli oldu\u011funu deneyimledim. Bana hep farkl\u0131 kap\u0131lar a\u00e7t\u0131, verdi\u011fim de\u011fer ve \u00f6nem farkl\u0131 olmam\u0131, farkl\u0131 alg\u0131lanmam\u0131 sa\u011flad\u0131. Bu kitapta sizlere ya\u015fam\u0131 renklendiren ayr\u0131nt\u0131lar\u0131, ileti\u015fimin olmazsa olmazlar\u0131n\u0131 anlataca\u011f\u0131m. Ya\u015fam\u0131n renkleri ayr\u0131nt\u0131da gizlidir ve ayr\u0131nt\u0131lar\u0131 g\u00f6rebilenler de fark yarat\u0131rlar. Sevgili okur,  Harika bir kitap bu elindeki. B\u00fclent, \u015feytan t\u00fcy\u00fc olan bir melekti ger\u00e7ekten. O y\u00fczden t\u00fcm kitap bir ger\u00e7ek \u00fczerine kurulu. Kerata bizi b\u0131rakt\u0131 gitti. Asl\u0131nda \u015funu g\u00f6rd\u00fc bence: Sistem, koca bir sistem &#8220;\u015feytanlar i\u00e7in melek t\u00fcy\u00fc&#8221; \u00fcretiyor, imaj, dan\u0131\u015fmanl\u0131k vs. ad\u0131 alt\u0131nda. Neyse ki meleklere inananlar h\u00e2l\u00e2 var\u2026 -Ahmet \u015eerif \u0130zg\u00f6renE\u011fitimci-Yazar- <\/p>\n","protected":false},"excerpt":{"rendered":"<p>\u0130nsan\u0131n hayat kalitesi ileti\u015fim becerisine ba\u011fl\u0131d\u0131r. Kendisi de bir ileti\u015fim dehas\u0131 olan B\u00fclent Yerlikaya&#8217;n\u0131n etkili ileti\u015fim kurman\u0131n s\u0131rlar\u0131n\u0131 payla\u015ft\u0131\u011f\u0131 bu kitap hayat kalitenizi art\u0131rman\u0131za yard\u0131mc\u0131 olacak.<span class=\"excerpt-hellip\"> [\u2026]<\/span><\/p>\n","protected":false},"featured_media":0,"template":"","meta":{"_monsterinsights_skip_tracking":false,"_monsterinsights_sitenote_active":false,"_monsterinsights_sitenote_note":"","_monsterinsights_sitenote_category":0},"product_brand":[],"product_cat":[12364,12376],"product_tag":[],"class_list":{"0":"post-699835","1":"product","2":"type-product","3":"status-publish","5":"product_cat-genel-konular","6":"product_cat-kisisel-gelisim","7":"pa_cilt-ciltsiz","8":"pa_tur-kitap","9":"pa_yayinevi-elma-yayinevi","10":"pa_yazar-bulent-yerlikaya","12":"first","13":"instock","14":"sale","15":"shipping-taxable","16":"purchasable","17":"product-type-simple"},"_links":{"self":[{"href":"https:\/\/roveyayinevi.com.tr\/index.php\/wp-json\/wp\/v2\/product\/699835","targetHints":{"allow":["GET"]}}],"collection":[{"href":"https:\/\/roveyayinevi.com.tr\/index.php\/wp-json\/wp\/v2\/product"}],"about":[{"href":"https:\/\/roveyayinevi.com.tr\/index.php\/wp-json\/wp\/v2\/types\/product"}],"wp:attachment":[{"href":"https:\/\/roveyayinevi.com.tr\/index.php\/wp-json\/wp\/v2\/media?parent=699835"}],"wp:term":[{"taxonomy":"product_brand","embeddable":true,"href":"https:\/\/roveyayinevi.com.tr\/index.php\/wp-json\/wp\/v2\/product_brand?post=699835"},{"taxonomy":"product_cat","embeddable":true,"href":"https:\/\/roveyayinevi.com.tr\/index.php\/wp-json\/wp\/v2\/product_cat?post=699835"},{"taxonomy":"product_tag","embeddable":true,"href":"https:\/\/roveyayinevi.com.tr\/index.php\/wp-json\/wp\/v2\/product_tag?post=699835"}],"curies":[{"name":"wp","href":"https:\/\/api.w.org\/{rel}","templated":true}]}}