{"id":699831,"date":"2025-08-27T14:53:23","date_gmt":"2025-08-27T11:53:23","guid":{"rendered":"https:\/\/roveyayinevi.com.tr\/index.php\/urun\/osmanli-turkcesi-ogrenim-seti-cozumlu-metinler-7\/"},"modified":"2026-04-16T02:08:56","modified_gmt":"2026-04-15T23:08:56","slug":"osmanli-turkcesi-ogrenim-seti-cozumlu-metinler-7","status":"publish","type":"product","link":"https:\/\/roveyayinevi.com.tr\/index.php\/urun\/osmanli-turkcesi-ogrenim-seti-cozumlu-metinler-7\/","title":{"rendered":"Osmanl\u0131 T\u00fcrk\u00e7esi \u00d6\u011frenim Seti \u00c7\u00f6z\u00fcml\u00fc Metinler &#8211; 7"},"content":{"rendered":"<p>Alfabe bilgisine sahip olan ki\u015filer i\u00e7in haz\u0131rlanan bu \u00e7al\u0131\u015fma ile okuma becerinizi art\u0131racak, ba\u015flang\u0131\u00e7 seviyesinden ileri seviyeye kadar olan farkl\u0131 metinlerle a\u015famal\u0131 olarak hem kelime hem de yaz\u0131l\u0131\u015f bi\u00e7imleri konusundaki bilgilerinizi peki\u015ftireceksiniz.Osmanl\u0131 T\u00fcrk\u00e7esi \u00d6\u011frenim Seti ba\u015fl\u0131\u011f\u0131 alt\u0131nda sunulan bu \u00e7\u00f6z\u00fcml\u00fc metinler ile, <\/p>\n","protected":false},"excerpt":{"rendered":"<p>Alfabe bilgisine sahip olan ki\u015filer i\u00e7in haz\u0131rlanan bu \u00e7al\u0131\u015fma ile okuma becerinizi art\u0131racak, ba\u015flang\u0131\u00e7 seviyesinden ileri seviyeye kadar olan farkl\u0131 metinlerle a\u015famal\u0131 olarak hem kelime hem<span class=\"excerpt-hellip\"> [\u2026]<\/span><\/p>\n","protected":false},"featured_media":0,"template":"","meta":{"_monsterinsights_skip_tracking":false,"_monsterinsights_sitenote_active":false,"_monsterinsights_sitenote_note":"","_monsterinsights_sitenote_category":0},"product_brand":[],"product_cat":[14597,12566],"product_tag":[],"class_list":{"0":"post-699831","1":"product","2":"type-product","3":"status-publish","5":"product_cat-dil-ogrenimi","6":"product_cat-egitim","7":"pa_cilt-ciltsiz","8":"pa_tur-kitap","9":"pa_yayinevi-say-yayinlari","10":"pa_yazar-mehmet-rauf","12":"first","13":"instock","14":"sale","15":"shipping-taxable","16":"purchasable","17":"product-type-simple"},"_links":{"self":[{"href":"https:\/\/roveyayinevi.com.tr\/index.php\/wp-json\/wp\/v2\/product\/699831","targetHints":{"allow":["GET"]}}],"collection":[{"href":"https:\/\/roveyayinevi.com.tr\/index.php\/wp-json\/wp\/v2\/product"}],"about":[{"href":"https:\/\/roveyayinevi.com.tr\/index.php\/wp-json\/wp\/v2\/types\/product"}],"wp:attachment":[{"href":"https:\/\/roveyayinevi.com.tr\/index.php\/wp-json\/wp\/v2\/media?parent=699831"}],"wp:term":[{"taxonomy":"product_brand","embeddable":true,"href":"https:\/\/roveyayinevi.com.tr\/index.php\/wp-json\/wp\/v2\/product_brand?post=699831"},{"taxonomy":"product_cat","embeddable":true,"href":"https:\/\/roveyayinevi.com.tr\/index.php\/wp-json\/wp\/v2\/product_cat?post=699831"},{"taxonomy":"product_tag","embeddable":true,"href":"https:\/\/roveyayinevi.com.tr\/index.php\/wp-json\/wp\/v2\/product_tag?post=699831"}],"curies":[{"name":"wp","href":"https:\/\/api.w.org\/{rel}","templated":true}]}}