{"id":699830,"date":"2025-08-27T14:53:23","date_gmt":"2025-08-27T11:53:23","guid":{"rendered":"https:\/\/roveyayinevi.com.tr\/index.php\/urun\/ilk-okuma-kitabim-elif-kampa-gidiyor\/"},"modified":"2026-04-16T02:08:56","modified_gmt":"2026-04-15T23:08:56","slug":"ilk-okuma-kitabim-elif-kampa-gidiyor","status":"publish","type":"product","link":"https:\/\/roveyayinevi.com.tr\/index.php\/urun\/ilk-okuma-kitabim-elif-kampa-gidiyor\/","title":{"rendered":"\u0130lk Okuma Kitab\u0131m &#8211; Elif Kampa Gidiyor"},"content":{"rendered":"<p>Elif\u2019in annesiyle babas\u0131 bu y\u0131l tatilde kamp yapmaya karar verdiler. Elif\u2019i ve ye\u011fenleri Ferhat\u2019\u0131 da al\u0131p deniz k\u0131y\u0131s\u0131na \u00e7ad\u0131r kurdular. Elif ile Ferhat kampta daha \u00f6nce g\u00f6rmedikleri bir\u00e7ok \u015feyle kar\u015f\u0131la\u015facak ve harika ke\u015fifler yapacaklar \ufffcTan\u0131t\u0131m Metni<\/p>\n","protected":false},"excerpt":{"rendered":"<p>Elif\u2019in annesiyle babas\u0131 bu y\u0131l tatilde kamp yapmaya karar verdiler. Elif\u2019i ve ye\u011fenleri Ferhat\u2019\u0131 da al\u0131p deniz k\u0131y\u0131s\u0131na \u00e7ad\u0131r kurdular. Elif ile Ferhat kampta daha \u00f6nce<span class=\"excerpt-hellip\"> [\u2026]<\/span><\/p>\n","protected":false},"featured_media":0,"template":"","meta":{"_monsterinsights_skip_tracking":false,"_monsterinsights_sitenote_active":false,"_monsterinsights_sitenote_note":"","_monsterinsights_sitenote_category":0},"product_brand":[],"product_cat":[12274,12518],"product_tag":[],"class_list":{"0":"post-699830","1":"product","2":"type-product","3":"status-publish","5":"product_cat-cocuk-ve-genclik-kitaplari","6":"product_cat-okul-oncesi-kitaplar","7":"pa_cilt-ciltsiz","8":"pa_tur-kitap","9":"pa_yayinevi-is-bankasi-kultur-yayinlari","10":"pa_yazar-liane-schneider","12":"first","13":"instock","14":"sale","15":"shipping-taxable","16":"purchasable","17":"product-type-simple"},"_links":{"self":[{"href":"https:\/\/roveyayinevi.com.tr\/index.php\/wp-json\/wp\/v2\/product\/699830","targetHints":{"allow":["GET"]}}],"collection":[{"href":"https:\/\/roveyayinevi.com.tr\/index.php\/wp-json\/wp\/v2\/product"}],"about":[{"href":"https:\/\/roveyayinevi.com.tr\/index.php\/wp-json\/wp\/v2\/types\/product"}],"wp:attachment":[{"href":"https:\/\/roveyayinevi.com.tr\/index.php\/wp-json\/wp\/v2\/media?parent=699830"}],"wp:term":[{"taxonomy":"product_brand","embeddable":true,"href":"https:\/\/roveyayinevi.com.tr\/index.php\/wp-json\/wp\/v2\/product_brand?post=699830"},{"taxonomy":"product_cat","embeddable":true,"href":"https:\/\/roveyayinevi.com.tr\/index.php\/wp-json\/wp\/v2\/product_cat?post=699830"},{"taxonomy":"product_tag","embeddable":true,"href":"https:\/\/roveyayinevi.com.tr\/index.php\/wp-json\/wp\/v2\/product_tag?post=699830"}],"curies":[{"name":"wp","href":"https:\/\/api.w.org\/{rel}","templated":true}]}}