{"id":699829,"date":"2025-08-27T14:53:23","date_gmt":"2025-08-27T11:53:23","guid":{"rendered":"https:\/\/roveyayinevi.com.tr\/index.php\/urun\/ilk-okuma-kitabim-elif-bisiklete-binmeyi-ogreniyor\/"},"modified":"2026-04-16T02:08:56","modified_gmt":"2026-04-15T23:08:56","slug":"ilk-okuma-kitabim-elif-bisiklete-binmeyi-ogreniyor","status":"publish","type":"product","link":"https:\/\/roveyayinevi.com.tr\/index.php\/urun\/ilk-okuma-kitabim-elif-bisiklete-binmeyi-ogreniyor\/","title":{"rendered":"\u0130lk Okuma Kitab\u0131m &#8211; Elif Bisiklete Binmeyi \u00d6\u011freniyor"},"content":{"rendered":"<p>Elif arkada\u015f\u0131 Sena\u2019n\u0131n bisikletine \u00e7ok \u00f6zeniyordu. Art\u0131k b\u00fcy\u00fcm\u00fc\u015ft\u00fc ve \u00fc\u00e7 tekerlekli bisikleti onun i\u00e7in \u00e7ok k\u00fc\u00e7\u00fckt\u00fc. Ger\u00e7ek bir bisiklete binmek istiyordu. Sonunda ailesi ona iki tekerlekli bir bisiklet ald\u0131. Ama bir sorun vard\u0131. Elif\u2019in \u015fimdi de bisiklete binmeyi \u00f6\u011frenmesi gerekiyordu. \ufffcTan\u0131t\u0131m Metni<\/p>\n","protected":false},"excerpt":{"rendered":"<p>Elif arkada\u015f\u0131 Sena\u2019n\u0131n bisikletine \u00e7ok \u00f6zeniyordu. Art\u0131k b\u00fcy\u00fcm\u00fc\u015ft\u00fc ve \u00fc\u00e7 tekerlekli bisikleti onun i\u00e7in \u00e7ok k\u00fc\u00e7\u00fckt\u00fc. Ger\u00e7ek bir bisiklete binmek istiyordu. Sonunda ailesi ona iki tekerlekli<span class=\"excerpt-hellip\"> [\u2026]<\/span><\/p>\n","protected":false},"featured_media":0,"template":"","meta":{"_monsterinsights_skip_tracking":false,"_monsterinsights_sitenote_active":false,"_monsterinsights_sitenote_note":"","_monsterinsights_sitenote_category":0},"product_brand":[],"product_cat":[12274,12518],"product_tag":[],"class_list":{"0":"post-699829","1":"product","2":"type-product","3":"status-publish","5":"product_cat-cocuk-ve-genclik-kitaplari","6":"product_cat-okul-oncesi-kitaplar","7":"pa_cilt-ciltsiz","8":"pa_tur-kitap","9":"pa_yayinevi-is-bankasi-kultur-yayinlari","10":"pa_yazar-liane-schneider","12":"first","13":"instock","14":"sale","15":"shipping-taxable","16":"purchasable","17":"product-type-simple"},"_links":{"self":[{"href":"https:\/\/roveyayinevi.com.tr\/index.php\/wp-json\/wp\/v2\/product\/699829","targetHints":{"allow":["GET"]}}],"collection":[{"href":"https:\/\/roveyayinevi.com.tr\/index.php\/wp-json\/wp\/v2\/product"}],"about":[{"href":"https:\/\/roveyayinevi.com.tr\/index.php\/wp-json\/wp\/v2\/types\/product"}],"wp:attachment":[{"href":"https:\/\/roveyayinevi.com.tr\/index.php\/wp-json\/wp\/v2\/media?parent=699829"}],"wp:term":[{"taxonomy":"product_brand","embeddable":true,"href":"https:\/\/roveyayinevi.com.tr\/index.php\/wp-json\/wp\/v2\/product_brand?post=699829"},{"taxonomy":"product_cat","embeddable":true,"href":"https:\/\/roveyayinevi.com.tr\/index.php\/wp-json\/wp\/v2\/product_cat?post=699829"},{"taxonomy":"product_tag","embeddable":true,"href":"https:\/\/roveyayinevi.com.tr\/index.php\/wp-json\/wp\/v2\/product_tag?post=699829"}],"curies":[{"name":"wp","href":"https:\/\/api.w.org\/{rel}","templated":true}]}}