{"id":699825,"date":"2025-08-27T14:53:21","date_gmt":"2025-08-27T11:53:21","guid":{"rendered":"https:\/\/roveyayinevi.com.tr\/index.php\/urun\/ivan-ilyicin-olumu-2\/"},"modified":"2026-04-16T02:08:56","modified_gmt":"2026-04-15T23:08:56","slug":"ivan-ilyicin-olumu-2","status":"publish","type":"product","link":"https:\/\/roveyayinevi.com.tr\/index.php\/urun\/ivan-ilyicin-olumu-2\/","title":{"rendered":"\u0130van \u0130lyi\u00e7&#8217;in \u00d6l\u00fcm\u00fc"},"content":{"rendered":"<p>Lev Nikolayevi\u00e7 Tolstoy (1828-1910): Anna Karenina, Sava\u015f ve Bar\u0131\u015f, Dirili\u015f, Kreutzer Sonat\u2019\u0131n b\u00fcy\u00fck yazar\u0131, ya\u015fam\u0131n\u0131n son otuz y\u0131l\u0131nda kendini insan, aile, din, devlet, toplum, \u00f6zg\u00fcrl\u00fck, boyun e\u011fme, ba\u015fkald\u0131rma, sanat ve estetik konular\u0131nda kuramsal \u00e7al\u0131\u015fmalara da verdi. Bu d\u00f6nemde yazd\u0131\u011f\u0131 roman ve \u00f6yk\u00fclerinde y\u0131llarca \u00fczerinde d\u00fc\u015f\u00fcnd\u00fc\u011f\u00fc insanl\u0131k sorunlar\u0131n\u0131 edebi bir kurguyla ele ald\u0131. 1886 y\u0131l\u0131nda yay\u0131nlanan \u0130van \u0130lyi\u00e7\u2019in \u00d6l\u00fcm\u00fc sade, s\u00fcss\u00fcz anlat\u0131m\u0131yla Rus ger\u00e7ek\u00e7i edebiyat\u0131nda e\u015fsiz bir yere sahiptir. Daima gerekti\u011fi gibi ya\u015famaya \u00f6zen g\u00f6stermi\u015f bir insan\u0131n \u00f6l\u00fcmle y\u00fczle\u015fmesini konu edinen eser, Tolstoy\u2019un ya\u015fam\u0131n\u0131n son d\u00f6neminde ortaya koydu\u011fu yeni ahlak anlay\u0131\u015f\u0131n\u0131n da ilk \u00f6rneklerinden biridir. \u0130van \u0130lyi\u00e7\u2019in \u00d6l\u00fcm\u00fc Tolstoy\u2019un bir mektubunda belirtti\u011fi gibi s\u0131radan bir adam\u0131n, s\u0131radan \u00f6l\u00fcm\u00fcn\u00fcn kendi g\u00f6z\u00fcnden tasviridir. \ufffc<\/p>\n","protected":false},"excerpt":{"rendered":"<p>Lev Nikolayevi\u00e7 Tolstoy (1828-1910): Anna Karenina, Sava\u015f ve Bar\u0131\u015f, Dirili\u015f, Kreutzer Sonat\u2019\u0131n b\u00fcy\u00fck yazar\u0131, ya\u015fam\u0131n\u0131n son otuz y\u0131l\u0131nda kendini insan, aile, din, devlet, toplum, \u00f6zg\u00fcrl\u00fck, boyun<span class=\"excerpt-hellip\"> [\u2026]<\/span><\/p>\n","protected":false},"featured_media":0,"template":"","meta":{"_monsterinsights_skip_tracking":false,"_monsterinsights_sitenote_active":false,"_monsterinsights_sitenote_note":"","_monsterinsights_sitenote_category":0},"product_brand":[],"product_cat":[12291,13570],"product_tag":[],"class_list":{"0":"post-699825","1":"product","2":"type-product","3":"status-publish","5":"product_cat-edebiyat","6":"product_cat-rus-edebiyati","7":"pa_cilt-ciltsiz","8":"pa_tur-kitap","9":"pa_yayinevi-is-bankasi-kultur-yayinlari","10":"pa_yazar-lev-nikolayevic-tolstoy","12":"first","13":"instock","14":"sale","15":"shipping-taxable","16":"purchasable","17":"product-type-simple"},"_links":{"self":[{"href":"https:\/\/roveyayinevi.com.tr\/index.php\/wp-json\/wp\/v2\/product\/699825","targetHints":{"allow":["GET"]}}],"collection":[{"href":"https:\/\/roveyayinevi.com.tr\/index.php\/wp-json\/wp\/v2\/product"}],"about":[{"href":"https:\/\/roveyayinevi.com.tr\/index.php\/wp-json\/wp\/v2\/types\/product"}],"wp:attachment":[{"href":"https:\/\/roveyayinevi.com.tr\/index.php\/wp-json\/wp\/v2\/media?parent=699825"}],"wp:term":[{"taxonomy":"product_brand","embeddable":true,"href":"https:\/\/roveyayinevi.com.tr\/index.php\/wp-json\/wp\/v2\/product_brand?post=699825"},{"taxonomy":"product_cat","embeddable":true,"href":"https:\/\/roveyayinevi.com.tr\/index.php\/wp-json\/wp\/v2\/product_cat?post=699825"},{"taxonomy":"product_tag","embeddable":true,"href":"https:\/\/roveyayinevi.com.tr\/index.php\/wp-json\/wp\/v2\/product_tag?post=699825"}],"curies":[{"name":"wp","href":"https:\/\/api.w.org\/{rel}","templated":true}]}}