{"id":699824,"date":"2025-08-27T14:53:21","date_gmt":"2025-08-27T11:53:21","guid":{"rendered":"https:\/\/roveyayinevi.com.tr\/index.php\/urun\/huckleberry-finnin-maceralari\/"},"modified":"2026-04-16T02:08:56","modified_gmt":"2026-04-15T23:08:56","slug":"huckleberry-finnin-maceralari","status":"publish","type":"product","link":"https:\/\/roveyayinevi.com.tr\/index.php\/urun\/huckleberry-finnin-maceralari\/","title":{"rendered":"Huckleberry Finn&#8217;in Maceralar\u0131"},"content":{"rendered":"<p>B\u00fcy\u00fck Amerikan romanlar\u0131 aras\u0131nda yerini alan Huckleberry Finn&#8217;in Maceralar\u0131, Mark Twain&#8217;in de en iyi yap\u0131t\u0131 olarak kabul edilir. E\u011fitimsiz, bat\u0131l inan\u00e7lara sahip, ama iyi kalpli bir \u00e7ocuk olan Huck, i\u015fsiz g\u00fc\u00e7s\u00fcz ve ayya\u015f babas\u0131ndan ka\u00e7ar. Kendisi gibi ka\u00e7ak olan siyahi k\u00f6le Jim&#8217;le birlikte Mississippi Nehri boyunca macera dolu bir yolculuk yaparlar. Twain, nehrin iki yakas\u0131nda ya\u015fayan her s\u0131n\u0131ftan insan\u0131 sergileyen e\u015fsiz portreler sunarken, yer yer komik ve ironik bir \u00fcslup tutturur.Roman\u0131n ba\u015fl\u0131ca temas\u0131 k\u00f6lelikle \u00f6zg\u00fcrl\u00fck aras\u0131ndaki \u00e7at\u0131\u015fmad\u0131r. Jim \u00f6zg\u00fcrl\u00fc\u011f\u00fcne kavu\u015fmay\u0131 hedefler. Gaddar babas\u0131ndan ve kendisini evine kabul ederek, d\u00fc\u015f\u00fcnce ve davran\u0131\u015flar\u0131n\u0131 zapturapt alt\u0131na almaya \u00e7al\u0131\u015fan Bayan Douglas&#8217;tan kurtulmaya \u00e7al\u0131\u015fan Huck da asl\u0131nda bir nevi tutsakl\u0131kla m\u00fccadele etmektedir. Jim&#8217;le ili\u015fkisinde, 19. y\u00fczy\u0131l\u0131n d\u00fc\u015f\u00fcnce iklimiyle ve toplumun kabul g\u00f6rm\u00fc\u015f de\u011ferleriyle ahlaki bir \u00e7at\u0131\u015fma i\u00e7inde bulunan Huck, sonunda \u00f6nyarg\u0131lardan kurtulup, onunla sevgi dolu bir dostluk ili\u015fkisi kuracakt\u0131r. <\/p>\n","protected":false},"excerpt":{"rendered":"<p>B\u00fcy\u00fck Amerikan romanlar\u0131 aras\u0131nda yerini alan Huckleberry Finn&#8217;in Maceralar\u0131, Mark Twain&#8217;in de en iyi yap\u0131t\u0131 olarak kabul edilir. E\u011fitimsiz, bat\u0131l inan\u00e7lara sahip, ama iyi kalpli bir<span class=\"excerpt-hellip\"> [\u2026]<\/span><\/p>\n","protected":false},"featured_media":0,"template":"","meta":{"_monsterinsights_skip_tracking":false,"_monsterinsights_sitenote_active":false,"_monsterinsights_sitenote_note":"","_monsterinsights_sitenote_category":0},"product_brand":[],"product_cat":[12891,12291],"product_tag":[],"class_list":{"0":"post-699824","1":"product","2":"type-product","3":"status-publish","5":"product_cat-amerikan-edebiyati","6":"product_cat-edebiyat","7":"pa_cilt-ciltsiz","8":"pa_tur-kitap","9":"pa_yayinevi-is-bankasi-kultur-yayinlari","10":"pa_yazar-mark-twain","12":"first","13":"instock","14":"sale","15":"shipping-taxable","16":"purchasable","17":"product-type-simple"},"_links":{"self":[{"href":"https:\/\/roveyayinevi.com.tr\/index.php\/wp-json\/wp\/v2\/product\/699824","targetHints":{"allow":["GET"]}}],"collection":[{"href":"https:\/\/roveyayinevi.com.tr\/index.php\/wp-json\/wp\/v2\/product"}],"about":[{"href":"https:\/\/roveyayinevi.com.tr\/index.php\/wp-json\/wp\/v2\/types\/product"}],"wp:attachment":[{"href":"https:\/\/roveyayinevi.com.tr\/index.php\/wp-json\/wp\/v2\/media?parent=699824"}],"wp:term":[{"taxonomy":"product_brand","embeddable":true,"href":"https:\/\/roveyayinevi.com.tr\/index.php\/wp-json\/wp\/v2\/product_brand?post=699824"},{"taxonomy":"product_cat","embeddable":true,"href":"https:\/\/roveyayinevi.com.tr\/index.php\/wp-json\/wp\/v2\/product_cat?post=699824"},{"taxonomy":"product_tag","embeddable":true,"href":"https:\/\/roveyayinevi.com.tr\/index.php\/wp-json\/wp\/v2\/product_tag?post=699824"}],"curies":[{"name":"wp","href":"https:\/\/api.w.org\/{rel}","templated":true}]}}