{"id":699823,"date":"2025-08-27T14:53:21","date_gmt":"2025-08-27T11:53:21","guid":{"rendered":"https:\/\/roveyayinevi.com.tr\/index.php\/urun\/marti-2\/"},"modified":"2026-04-16T02:08:56","modified_gmt":"2026-04-15T23:08:56","slug":"marti-2","status":"publish","type":"product","link":"https:\/\/roveyayinevi.com.tr\/index.php\/urun\/marti-2\/","title":{"rendered":"Mart\u0131"},"content":{"rendered":"<p>\u00c7ehov 1895\u2019te tiyatro ele\u015ftirmeni ve dramaturg A. S. Suvorin\u2019e yazd\u0131\u011f\u0131 mektupta Mart\u0131 \u2019dan \u015f\u00f6yle s\u00f6z eder: \u201c\u00dc\u00e7 kad\u0131n, alt\u0131 erkek karakterin yer ald\u0131\u011f\u0131, manzaral\u0131 (g\u00f6l g\u00f6r\u00fcnecek arkada), d\u00f6rt perdelik bir komedi; bolca edebi lak\u0131rd\u0131, az aksiyon, seksen kilo kadar da a\u015fk\u2026 T\u00fcm dramaturji kaidelerinin aksine piyes forte ba\u015flay\u0131p, pianissimo bitecek.\u201d Ger\u00e7ekten de bu oyunda 19. y\u00fczy\u0131l\u0131n geleneksel olay \u00f6rg\u00fcs\u00fcn\u00fc tersy\u00fcz etmi\u015f, t\u0131pk\u0131 Mart\u0131 \u2019daki gen\u00e7 oyun yazar\u0131 Treplev gibi, yeni bi\u00e7imler ke\u015ffetmi\u015ftir. Ger\u00e7ek hayata \u00f6yk\u00fcnerek d\u00fcnyevi, g\u00fcndelik ve s\u0131radanla, \u00f6nemli ve ciddi olan\u0131 yan yana getirmi\u015ftir. Oyunun karakterleri kendileriyle, hayattan beklentileriyle, \u00f6zlemleriyle fazlas\u0131yla me\u015fguld\u00fcr. Hepsi de ba\u015far\u0131, mutluluk ve b\u00fct\u00fcnl\u00fck aray\u0131\u015f\u0131ndad\u0131r. Onlarda a\u011f\u0131r basan ba\u015fka bir yerde olma \u00f6zlemi; f\u0131rsatlar\u0131n bo\u015fa harcand\u0131\u011f\u0131na, umutlar\u0131n bo\u015fa \u00e7\u0131kt\u0131\u011f\u0131na dair bir duygu \u00c7ehov\u2019un ba\u015fl\u0131ca karakteristi\u011fidir. \ufffcTan\u0131t\u0131m Metni<\/p>\n","protected":false},"excerpt":{"rendered":"<p>\u00c7ehov 1895\u2019te tiyatro ele\u015ftirmeni ve dramaturg A. S. Suvorin\u2019e yazd\u0131\u011f\u0131 mektupta Mart\u0131 \u2019dan \u015f\u00f6yle s\u00f6z eder: \u201c\u00dc\u00e7 kad\u0131n, alt\u0131 erkek karakterin yer ald\u0131\u011f\u0131, manzaral\u0131 (g\u00f6l g\u00f6r\u00fcnecek<span class=\"excerpt-hellip\"> [\u2026]<\/span><\/p>\n","protected":false},"featured_media":0,"template":"","meta":{"_monsterinsights_skip_tracking":false,"_monsterinsights_sitenote_active":false,"_monsterinsights_sitenote_note":"","_monsterinsights_sitenote_category":0},"product_brand":[],"product_cat":[12291,13570],"product_tag":[],"class_list":{"0":"post-699823","1":"product","2":"type-product","3":"status-publish","5":"product_cat-edebiyat","6":"product_cat-rus-edebiyati","7":"pa_cilt-ciltsiz","8":"pa_tur-kitap","9":"pa_yayinevi-is-bankasi-kultur-yayinlari","10":"pa_yazar-anton-pavlovic-cehov","12":"first","13":"instock","14":"sale","15":"shipping-taxable","16":"purchasable","17":"product-type-simple"},"_links":{"self":[{"href":"https:\/\/roveyayinevi.com.tr\/index.php\/wp-json\/wp\/v2\/product\/699823","targetHints":{"allow":["GET"]}}],"collection":[{"href":"https:\/\/roveyayinevi.com.tr\/index.php\/wp-json\/wp\/v2\/product"}],"about":[{"href":"https:\/\/roveyayinevi.com.tr\/index.php\/wp-json\/wp\/v2\/types\/product"}],"wp:attachment":[{"href":"https:\/\/roveyayinevi.com.tr\/index.php\/wp-json\/wp\/v2\/media?parent=699823"}],"wp:term":[{"taxonomy":"product_brand","embeddable":true,"href":"https:\/\/roveyayinevi.com.tr\/index.php\/wp-json\/wp\/v2\/product_brand?post=699823"},{"taxonomy":"product_cat","embeddable":true,"href":"https:\/\/roveyayinevi.com.tr\/index.php\/wp-json\/wp\/v2\/product_cat?post=699823"},{"taxonomy":"product_tag","embeddable":true,"href":"https:\/\/roveyayinevi.com.tr\/index.php\/wp-json\/wp\/v2\/product_tag?post=699823"}],"curies":[{"name":"wp","href":"https:\/\/api.w.org\/{rel}","templated":true}]}}