{"id":699819,"date":"2025-08-27T14:53:19","date_gmt":"2025-08-27T11:53:19","guid":{"rendered":"https:\/\/roveyayinevi.com.tr\/index.php\/urun\/insan-kaynaklari-yonetimi\/"},"modified":"2026-04-16T02:08:56","modified_gmt":"2026-04-15T23:08:56","slug":"insan-kaynaklari-yonetimi","status":"publish","type":"product","link":"https:\/\/roveyayinevi.com.tr\/index.php\/urun\/insan-kaynaklari-yonetimi\/","title":{"rendered":"\u0130nsan Kaynaklar\u0131 Y\u00f6netimi"},"content":{"rendered":"<p>\u0130\u015fletmeler gittik\u00e7e artan bir bi\u00e7iminde insan kaynaklar\u0131n\u0131n bir rekabet avantaj\u0131 kayna\u011f\u0131 oldu\u011funu kabul etmektedirler. G\u00fcn\u00fcm\u00fczde i\u015fletmelerin i\u00e7inde yer ald\u0131\u011f\u0131 ba\u011flam, \u00fcretimin ba\u015fl\u0131ca kayna\u011f\u0131 olarak fiziksel sermaye yerine insan kaynaklar\u0131n\u0131 \u00f6n plana \u00e7\u0131karmaktad\u0131r.\u0130nsan kaynaklar\u0131n\u0131n artan \u00f6nemi \u00f6zellikle insan kaynaklar\u0131 b\u00f6l\u00fcm\u00fcn\u00fcn rol\u00fcn\u00fcn geleneksel rolden tepe y\u00f6netimin stratejik orta\u011f\u0131 rol\u00fcne do\u011fru de\u011fi\u015fimini zorunlu hale getirmektedir. \u0130nsan kaynaklar\u0131 i\u015flevinin de\u011fi\u015fen g\u00f6r\u00fcn\u00fcm\u00fc, bu i\u015flevin \u00f6rg\u00fctsel performansa katk\u0131s\u0131n\u0131n netle\u015ftirilmesini gerektirmektedir. <\/p>\n","protected":false},"excerpt":{"rendered":"<p>\u0130\u015fletmeler gittik\u00e7e artan bir bi\u00e7iminde insan kaynaklar\u0131n\u0131n bir rekabet avantaj\u0131 kayna\u011f\u0131 oldu\u011funu kabul etmektedirler. G\u00fcn\u00fcm\u00fczde i\u015fletmelerin i\u00e7inde yer ald\u0131\u011f\u0131 ba\u011flam, \u00fcretimin ba\u015fl\u0131ca kayna\u011f\u0131 olarak fiziksel sermaye<span class=\"excerpt-hellip\"> [\u2026]<\/span><\/p>\n","protected":false},"featured_media":0,"template":"","meta":{"_monsterinsights_skip_tracking":false,"_monsterinsights_sitenote_active":false,"_monsterinsights_sitenote_note":"","_monsterinsights_sitenote_category":0},"product_brand":[],"product_cat":[12573,12566],"product_tag":[],"class_list":{"0":"post-699819","1":"product","2":"type-product","3":"status-publish","5":"product_cat-akademik-kitaplar","6":"product_cat-egitim","7":"pa_cilt-ciltsiz","8":"pa_tur-kitap","9":"pa_yayinevi-gazi-kitabevi","10":"pa_yazar-hatice-ozutku","12":"first","13":"instock","14":"sale","15":"shipping-taxable","16":"purchasable","17":"product-type-simple"},"_links":{"self":[{"href":"https:\/\/roveyayinevi.com.tr\/index.php\/wp-json\/wp\/v2\/product\/699819","targetHints":{"allow":["GET"]}}],"collection":[{"href":"https:\/\/roveyayinevi.com.tr\/index.php\/wp-json\/wp\/v2\/product"}],"about":[{"href":"https:\/\/roveyayinevi.com.tr\/index.php\/wp-json\/wp\/v2\/types\/product"}],"wp:attachment":[{"href":"https:\/\/roveyayinevi.com.tr\/index.php\/wp-json\/wp\/v2\/media?parent=699819"}],"wp:term":[{"taxonomy":"product_brand","embeddable":true,"href":"https:\/\/roveyayinevi.com.tr\/index.php\/wp-json\/wp\/v2\/product_brand?post=699819"},{"taxonomy":"product_cat","embeddable":true,"href":"https:\/\/roveyayinevi.com.tr\/index.php\/wp-json\/wp\/v2\/product_cat?post=699819"},{"taxonomy":"product_tag","embeddable":true,"href":"https:\/\/roveyayinevi.com.tr\/index.php\/wp-json\/wp\/v2\/product_tag?post=699819"}],"curies":[{"name":"wp","href":"https:\/\/api.w.org\/{rel}","templated":true}]}}